{"id":2839,"date":"2024-04-07T13:24:15","date_gmt":"2024-04-07T13:24:15","guid":{"rendered":"https:\/\/tedegcompany.com\/?page_id=2839"},"modified":"2024-05-01T18:33:37","modified_gmt":"2024-05-01T18:33:37","slug":"news","status":"publish","type":"page","link":"https:\/\/tedegcompany.com\/tr\/haberler\/","title":{"rendered":"Haberler"},"content":{"rendered":"<div data-elementor-type=\"wp-page\" data-elementor-id=\"2839\" class=\"elementor elementor-2839\" data-elementor-post-type=\"page\">\n\t\t\t\t<div class=\"elementor-element elementor-element-2c072d8 e-flex e-con-boxed e-con e-parent\" data-id=\"2c072d8\" data-element_type=\"container\">\n\t\t\t\t\t<div class=\"e-con-inner\">\n\t\t\t\t<div class=\"elementor-element elementor-element-9980ed3 elementor-grid-3 elementor-grid-tablet-2 elementor-grid-mobile-1 elementor-posts--thumbnail-top elementor-card-shadow-yes elementor-posts__hover-gradient elementor-widget elementor-widget-posts\" data-id=\"9980ed3\" data-element_type=\"widget\" data-settings=\"{&quot;cards_columns&quot;:&quot;3&quot;,&quot;cards_columns_tablet&quot;:&quot;2&quot;,&quot;cards_columns_mobile&quot;:&quot;1&quot;,&quot;cards_row_gap&quot;:{&quot;unit&quot;:&quot;px&quot;,&quot;size&quot;:35,&quot;sizes&quot;:[]},&quot;cards_row_gap_tablet&quot;:{&quot;unit&quot;:&quot;px&quot;,&quot;size&quot;:&quot;&quot;,&quot;sizes&quot;:[]},&quot;cards_row_gap_mobile&quot;:{&quot;unit&quot;:&quot;px&quot;,&quot;size&quot;:&quot;&quot;,&quot;sizes&quot;:[]}}\" data-widget_type=\"posts.cards\">\n\t\t\t\t<div class=\"elementor-widget-container\">\n\t\t\t<link rel=\"stylesheet\" href=\"https:\/\/tedegcompany.com\/wp-content\/plugins\/elementor-pro\/assets\/css\/widget-posts.min.css\">\t\t<div class=\"elementor-posts-container elementor-posts elementor-posts--skin-cards elementor-grid\">\n\t\t\t\t<article class=\"elementor-post elementor-grid-item post-1847 post type-post status-publish format-standard has-post-thumbnail hentry category-news\">\n\t\t\t<div class=\"elementor-post__card\">\n\t\t\t\t<a class=\"elementor-post__thumbnail__link\" href=\"https:\/\/tedegcompany.com\/tr\/sirketimiz-tubitak-teydeb-1507-programindan-destek-almaktadir\/\" tabindex=\"-1\" ><div class=\"elementor-post__thumbnail\"><img fetchpriority=\"high\" decoding=\"async\" width=\"1240\" height=\"1748\" src=\"https:\/\/tedegcompany.com\/wp-content\/uploads\/2024\/04\/tubitak_teydeb_1507.jpeg\" class=\"attachment-full size-full wp-image-2976\" alt=\"\" srcset=\"https:\/\/tedegcompany.com\/wp-content\/uploads\/2024\/04\/tubitak_teydeb_1507.jpeg 1240w, https:\/\/tedegcompany.com\/wp-content\/uploads\/2024\/04\/tubitak_teydeb_1507-1000x1410.jpeg 1000w, https:\/\/tedegcompany.com\/wp-content\/uploads\/2024\/04\/tubitak_teydeb_1507-726x1024.jpeg 726w, https:\/\/tedegcompany.com\/wp-content\/uploads\/2024\/04\/tubitak_teydeb_1507-768x1083.jpeg 768w, https:\/\/tedegcompany.com\/wp-content\/uploads\/2024\/04\/tubitak_teydeb_1507-1090x1536.jpeg 1090w, https:\/\/tedegcompany.com\/wp-content\/uploads\/2024\/04\/tubitak_teydeb_1507-640x902.jpeg 640w, https:\/\/tedegcompany.com\/wp-content\/uploads\/2024\/04\/tubitak_teydeb_1507-400x564.jpeg 400w, https:\/\/tedegcompany.com\/wp-content\/uploads\/2024\/04\/tubitak_teydeb_1507-367x517.jpeg 367w\" sizes=\"(max-width: 1240px) 100vw, 1240px\" \/><\/div><\/a>\n\t\t\t\t<div class=\"elementor-post__badge\">Haberler<\/div>\n\t\t\t\t<div class=\"elementor-post__text\">\n\t\t\t\t<h3 class=\"elementor-post__title\">\n\t\t\t<a href=\"https:\/\/tedegcompany.com\/tr\/sirketimiz-tubitak-teydeb-1507-programindan-destek-almaktadir\/\" >\n\t\t\t\t\u015eirketimiz T\u00dcB\u0130TAK TEYDEB 1507 Program\u0131ndan Destek Ald\u0131!\t\t\t<\/a>\n\t\t<\/h3>\n\t\t\n\t\t<a class=\"elementor-post__read-more\" href=\"https:\/\/tedegcompany.com\/tr\/sirketimiz-tubitak-teydeb-1507-programindan-destek-almaktadir\/\" aria-label=\"Read more about Our Company Secures Support from T\u00dcB\u0130TAK TEYDEB 1507 Program!\" tabindex=\"-1\" >\n\t\t\tDevam\u0131n\u0131 oku &quot;\t\t<\/a>\n\n\t\t\t\t<\/div>\n\t\t\t\t<div class=\"elementor-post__meta-data\">\n\t\t\t\t\t<span class=\"elementor-post-date\">\n\t\t\t1 Eyl\u00fcl 2022\t\t<\/span>\n\t\t\t\t<\/div>\n\t\t\t\t\t<\/div>\n\t\t<\/article>\n\t\t\t\t<\/div>\n\t\t\n\t\t\t\t<\/div>\n\t\t\t\t<\/div>\n\t\t\t\t\t<\/div>\n\t\t\t\t<\/div>\n\t\t\t\t<\/div>","protected":false},"excerpt":{"rendered":"","protected":false},"author":1,"featured_media":0,"parent":0,"menu_order":0,"comment_status":"closed","ping_status":"closed","template":"","meta":{"footnotes":""},"class_list":["post-2839","page","type-page","status-publish","hentry"],"_links":{"self":[{"href":"https:\/\/tedegcompany.com\/tr\/wp-json\/wp\/v2\/pages\/2839","targetHints":{"allow":["GET"]}}],"collection":[{"href":"https:\/\/tedegcompany.com\/tr\/wp-json\/wp\/v2\/pages"}],"about":[{"href":"https:\/\/tedegcompany.com\/tr\/wp-json\/wp\/v2\/types\/page"}],"author":[{"embeddable":true,"href":"https:\/\/tedegcompany.com\/tr\/wp-json\/wp\/v2\/users\/1"}],"replies":[{"embeddable":true,"href":"https:\/\/tedegcompany.com\/tr\/wp-json\/wp\/v2\/comments?post=2839"}],"version-history":[{"count":10,"href":"https:\/\/tedegcompany.com\/tr\/wp-json\/wp\/v2\/pages\/2839\/revisions"}],"predecessor-version":[{"id":3621,"href":"https:\/\/tedegcompany.com\/tr\/wp-json\/wp\/v2\/pages\/2839\/revisions\/3621"}],"wp:attachment":[{"href":"https:\/\/tedegcompany.com\/tr\/wp-json\/wp\/v2\/media?parent=2839"}],"curies":[{"name":"wp","href":"https:\/\/api.w.org\/{rel}","templated":true}]}}