{"id":2842,"date":"2024-04-07T13:26:16","date_gmt":"2024-04-07T13:26:16","guid":{"rendered":"https:\/\/tedegcompany.com\/?page_id=2842"},"modified":"2024-05-01T08:48:06","modified_gmt":"2024-05-01T08:48:06","slug":"engineering-services","status":"publish","type":"page","link":"https:\/\/tedegcompany.com\/tr\/hizmetler\/muhendislik-hizmetleri\/","title":{"rendered":"M\u00fchendislik Hizmetleri"},"content":{"rendered":"<div data-elementor-type=\"wp-page\" data-elementor-id=\"2842\" class=\"elementor elementor-2842\" data-elementor-post-type=\"page\">\n\t\t\t\t\t\t<section class=\"elementor-section elementor-top-section elementor-element elementor-element-2c6f7ee elementor-section-boxed elementor-section-height-default elementor-section-height-default\" data-id=\"2c6f7ee\" data-element_type=\"section\">\r\n\t\t\r\n\t\t\t\t\t\t\t<div class=\"elementor-container elementor-column-gap-default\">\r\n\t\t\t\t\t\t\t\t\t\t\t<div class=\"elementor-column elementor-col-100 elementor-top-column elementor-element elementor-element-9165842 d-none\" data-id=\"9165842\" data-element_type=\"column\">\r\n\t\t\t\t\t<div class=\"elementor-widget-wrap elementor-element-populated\">\r\n\t\t\t\t\t\t\t\t<div class=\"elementor-element elementor-element-ee0432a d-none elementor-invisible elementor-widget elementor-widget-porto_modal\" data-id=\"ee0432a\" data-element_type=\"widget\" data-settings=\"{&quot;_animation&quot;:&quot;fadeIn&quot;,&quot;_animation_delay&quot;:&quot;500&quot;}\" data-widget_type=\"porto_modal.default\">\n\t\t\t\t<div class=\"elementor-widget-container\">\n\t\t\t<div class=\"porto-modal-input-wrapper\"><script>\r\n\t( function() {\r\n\t\tvar porto_init_modal = function() {\r\n\t\t\tvar selector = \".video-play\",\r\n\t\t\t\t$selector = jQuery(selector);\r\n\t\t\t$selector.addClass(\"porto-modal-trigger\");\r\n\t\t\t$selector.attr(\"data-trigger-id\", \"\/\/player.vimeo.com\/video\/45830194?autoplay=1\");\r\n\t\t\t$selector.attr(\"data-type\", \"iframe\");\r\n\t\t\t$selector.attr(\"data-overlay-class\", \"mfp-fade\");\r\n\t\t};\r\n\r\n\t\tif ( window.jQuery ) {\r\n\t\t\tporto_init_modal();\r\n\t\t} else {\r\n\t\t\tdocument.addEventListener( \"DOMContentLoaded\", porto_init_modal );\r\n\t\t}\r\n\t} )();\r\n\t<\/script><\/div><div id=\"\/\/player.vimeo.com\/video\/45830194?autoplay=1\" class=\"mfp-hide porto-popup-iframe mfp-fade\"><div class=\"porto-modal-content\"><\/div><\/div>\t\t<\/div>\n\t\t\t\t<\/div>\n\t\t\t\t\t<\/div>\r\n\t\t\t\t<\/div>\r\n\t\t\t\t\t<\/div>\r\n\t\t\t\t<\/section>\r\n\t\t\t\t<section class=\"elementor-section elementor-top-section elementor-element elementor-element-526b4ad child-divider elementor-section-content-middle elementor-section-boxed elementor-section-height-default elementor-section-height-default elementor-invisible\" data-id=\"526b4ad\" data-element_type=\"section\" data-settings=\"{&quot;animation&quot;:&quot;fadeInRight&quot;,&quot;animation_delay&quot;:&quot;100&quot;}\">\r\n\t\t\r\n\t\t\t\t\t\t\t<div class=\"elementor-container elementor-column-gap-default\">\r\n\t\t\t\t\t\t\t\t\t\t\t<div class=\"elementor-column elementor-col-33 elementor-top-column elementor-element elementor-element-1072037\" data-id=\"1072037\" data-element_type=\"column\">\r\n\t\t\t\t\t<div data-plugin-float-element=\"\" data-plugin-options=\"{&quot;startPos&quot;:&quot;none&quot;,&quot;speed&quot;:&quot;8&quot;,&quot;transition&quot;:true,&quot;horizontal&quot;:false}\" class=\"elementor-widget-wrap elementor-element-populated\">\r\n\t\t\t\t\t\t\t\t<div class=\"elementor-element elementor-element-22bf80c scale-2 elementor-widget elementor-widget-image\" data-id=\"22bf80c\" data-element_type=\"widget\" data-widget_type=\"image.default\">\n\t\t\t\t<div class=\"elementor-widget-container\">\n\t\t\t<style>\/*! elementor - v3.21.0 - 30-04-2024 *\/\n.elementor-widget-image{text-align:center}.elementor-widget-image a{display:inline-block}.elementor-widget-image a img[src$=\".svg\"]{width:48px}.elementor-widget-image img{vertical-align:middle;display:inline-block}<\/style>\t\t\t\t\t\t\t\t\t\t<img fetchpriority=\"high\" decoding=\"async\" width=\"838\" height=\"973\" src=\"https:\/\/tedegcompany.com\/wp-content\/uploads\/2024\/05\/product_design.jpg\" class=\"attachment-full size-full wp-image-3576\" alt=\"\" srcset=\"https:\/\/tedegcompany.com\/wp-content\/uploads\/2024\/05\/product_design.jpg 838w, https:\/\/tedegcompany.com\/wp-content\/uploads\/2024\/05\/product_design-768x892.jpg 768w, https:\/\/tedegcompany.com\/wp-content\/uploads\/2024\/05\/product_design-640x743.jpg 640w, https:\/\/tedegcompany.com\/wp-content\/uploads\/2024\/05\/product_design-400x464.jpg 400w, https:\/\/tedegcompany.com\/wp-content\/uploads\/2024\/05\/product_design-367x426.jpg 367w, https:\/\/tedegcompany.com\/wp-content\/uploads\/2024\/05\/product_design-600x697.jpg 600w\" sizes=\"(max-width: 838px) 100vw, 838px\" \/>\t\t\t\t\t\t\t\t\t\t\t\t\t<\/div>\n\t\t\t\t<\/div>\n\t\t\t\t\t<\/div>\r\n\t\t\t\t<\/div>\r\n\t\t\t\t<div class=\"elementor-column elementor-col-66 elementor-top-column elementor-element elementor-element-5bd12ad\" data-id=\"5bd12ad\" data-element_type=\"column\">\r\n\t\t\t\t\t<div class=\"elementor-widget-wrap elementor-element-populated\">\r\n\t\t\t\t\t\t\t\t<div class=\"elementor-element elementor-element-e77b073 elementor-widget elementor-widget-heading\" data-id=\"e77b073\" data-element_type=\"widget\" data-widget_type=\"heading.default\">\n\t\t\t\t<div class=\"elementor-widget-container\">\n\t\t\t<style>\/*! elementor - v3.21.0 - 30-04-2024 *\/\n.elementor-heading-title{padding:0;margin:0;line-height:1}.elementor-widget-heading .elementor-heading-title[class*=elementor-size-]>a{color:inherit;font-size:inherit;line-height:inherit}.elementor-widget-heading .elementor-heading-title.elementor-size-small{font-size:15px}.elementor-widget-heading .elementor-heading-title.elementor-size-medium{font-size:19px}.elementor-widget-heading .elementor-heading-title.elementor-size-large{font-size:29px}.elementor-widget-heading .elementor-heading-title.elementor-size-xl{font-size:39px}.elementor-widget-heading .elementor-heading-title.elementor-size-xxl{font-size:59px}<\/style><h3 class=\"elementor-heading-title elementor-size-default\"><strong class=\"font-weight-extra-bold\">Tasar\u0131m<\/strong><\/h3>\t\t<\/div>\n\t\t\t\t<\/div>\n\t\t\t\t<div class=\"elementor-element elementor-element-7c05524 elementor-widget elementor-widget-text-editor\" data-id=\"7c05524\" data-element_type=\"widget\" data-widget_type=\"text-editor.default\">\n\t\t\t\t<div class=\"elementor-widget-container\">\n\t\t\t<style>\/*! elementor - v3.21.0 - 30-04-2024 *\/\n.elementor-widget-text-editor.elementor-drop-cap-view-stacked .elementor-drop-cap{background-color:#69727d;color:#fff}.elementor-widget-text-editor.elementor-drop-cap-view-framed .elementor-drop-cap{color:#69727d;border:3px solid;background-color:transparent}.elementor-widget-text-editor:not(.elementor-drop-cap-view-default) .elementor-drop-cap{margin-top:8px}.elementor-widget-text-editor:not(.elementor-drop-cap-view-default) .elementor-drop-cap-letter{width:1em;height:1em}.elementor-widget-text-editor .elementor-drop-cap{float:left;text-align:center;line-height:1;font-size:50px}.elementor-widget-text-editor .elementor-drop-cap-letter{display:inline-block}<\/style>\t\t\t\t<p>Tedeg M\u00fchendislik olarak askeri ve savunma sanayi standartlar\u0131na uygun, y\u00fcksek teknolojiye sahip mekanik tasar\u0131mlar \u00fcretiyoruz. MIL-STD-810G standard\u0131na uygun \u00fcr\u00fcnlerimiz zorlu \u00e7evre ko\u015fullar\u0131nda dahi \u00fcst\u00fcn performans sunmaktad\u0131r. Hareketli servo ve step motorlar\u0131 i\u00e7eren tasar\u0131mlar\u0131m\u0131z, y\u00fcksek hassasiyet gerektiren uygulamalar i\u00e7in idealdir. Di\u015fli ve g\u00fc\u00e7 aktarma ekipmanlar\u0131n\u0131n yer ald\u0131\u011f\u0131 tasar\u0131mlar\u0131m\u0131zla g\u00fc\u00e7l\u00fc ve verimli \u00e7\u00f6z\u00fcmler sunuyoruz. Ayr\u0131ca motor alternat\u00f6rlerini i\u00e7eren sistemlerimiz sa\u011flam enerji \u00e7\u00f6z\u00fcmleri sunmaktad\u0131r.<\/p><p>Elektromekanik alt sistemlerin tasar\u0131m\u0131nda IP67 ve IP68 koruma s\u0131n\u0131flar\u0131n\u0131 kar\u015f\u0131layan, suya ve toza kar\u015f\u0131 maksimum koruma sa\u011flayan \u00e7\u00f6z\u00fcmler geli\u015ftiriyoruz. \u015eok ve titre\u015fim ko\u015fullar\u0131na dayan\u0131kl\u0131 tasar\u0131mlar\u0131m\u0131z, en zorlu \u00e7al\u0131\u015fma ortamlar\u0131nda bile dayan\u0131kl\u0131l\u0131\u011f\u0131 garanti eder. Tedeg M\u00fchendislik, sahadaki zorluklara dayanabilecek sa\u011flam ve g\u00fcvenilir mekanik tasar\u0131m \u00e7\u00f6z\u00fcmleriyle sekt\u00f6re liderlik etmeye devam ediyor. Projeye \u00f6zel m\u00fchendislik yakla\u015f\u0131m\u0131m\u0131zla m\u00fc\u015fterilerimizin en karma\u015f\u0131k ihtiya\u00e7lar\u0131n\u0131 bile kar\u015f\u0131layacak \u015fekilde tasarl\u0131yor ve \u00fcretiyoruz. Tedeg M\u00fchendislik ile standartlar\u0131n \u00f6tesinde g\u00fc\u00e7 ve performans\u0131 deneyimleyin.<\/p>\t\t\t\t\t\t<\/div>\n\t\t\t\t<\/div>\n\t\t\t\t\t<\/div>\r\n\t\t\t\t<\/div>\r\n\t\t\t\t\t<\/div>\r\n\t\t\t\t<\/section>\r\n\t\t\t\t<section class=\"elementor-section elementor-top-section elementor-element elementor-element-936d2ec child-divider flex-wrap elementor-section-content-middle elementor-section-boxed elementor-section-height-default elementor-section-height-default elementor-invisible\" data-id=\"936d2ec\" data-element_type=\"section\" data-settings=\"{&quot;animation&quot;:&quot;fadeInLeft&quot;,&quot;animation_delay&quot;:&quot;100&quot;}\">\r\n\t\t\r\n\t\t\t\t\t\t\t<div class=\"elementor-container elementor-column-gap-default\">\r\n\t\t\t\t\t\t\t\t\t\t\t<div class=\"elementor-column elementor-col-66 elementor-top-column elementor-element elementor-element-e581a11 w-lg-66\" data-id=\"e581a11\" data-element_type=\"column\">\r\n\t\t\t\t\t<div class=\"elementor-widget-wrap elementor-element-populated\">\r\n\t\t\t\t\t\t\t\t<div class=\"elementor-element elementor-element-8f4fa7f elementor-widget elementor-widget-heading\" data-id=\"8f4fa7f\" data-element_type=\"widget\" data-widget_type=\"heading.default\">\n\t\t\t\t<div class=\"elementor-widget-container\">\n\t\t\t<h3 class=\"elementor-heading-title elementor-size-default\"><strong class=\"font-weight-extra-bold\">Sertifikasyon ve M\u00fckemmellik<\/strong><\/h3>\t\t<\/div>\n\t\t\t\t<\/div>\n\t\t\t\t<div class=\"elementor-element elementor-element-7bd393e elementor-widget elementor-widget-text-editor\" data-id=\"7bd393e\" data-element_type=\"widget\" data-widget_type=\"text-editor.default\">\n\t\t\t\t<div class=\"elementor-widget-container\">\n\t\t\t\t\t\t\t<p>TEDEG M\u00fchendislik, Kalite Y\u00f6netim Sistemini TS EN ISO 9001:2015 gerekliliklerine uygun olarak belgelendirmi\u015ftir. TEDEG M\u00fchendislik olarak, m\u00fckemmellik ve g\u00fcvenilirli\u011fi sa\u011flamak i\u00e7in end\u00fcstriyel normlar\u0131n \u00f6tesine ge\u00e7erek, IEEE\/EIA 12207, IEEE 1220 ve MIL-STD-498 standartlar\u0131na uygun m\u00fchendislik s\u00fcre\u00e7lerini benimsiyoruz. Ayr\u0131ca MIL-STD-973 ve ANSI\/EIA-649 standartlar\u0131n\u0131 temel alan Konfig\u00fcrasyon Y\u00f6netim sistemlerimiz, her proje a\u015famas\u0131nda titiz bir dok\u00fcmantasyon ve s\u00fcre\u00e7 y\u00f6netimi i\u00e7erir. Bu yakla\u015f\u0131m, s\u00fcrekli iyile\u015ftirme k\u00fclt\u00fcr\u00fcm\u00fcz\u00fc destekler ve t\u00fcm m\u00fchendislik faaliyetlerimizde y\u00fcksek standartlar\u0131 garanti eder.<\/p><p>Proje y\u00f6netimi ve Entegre Lojistik Destek (ELS) a\u00e7\u0131s\u0131ndan, projelerimizin planlama ve uygulama a\u015famalar\u0131nda en y\u00fcksek kalite standartlar\u0131n\u0131 sa\u011flamak i\u00e7in kapsaml\u0131 dok\u00fcmantasyon uyguluyoruz. Bu sistematik yakla\u015f\u0131m, projelerin zaman\u0131nda ve b\u00fct\u00e7eye uygun \u015fekilde tamamlanmas\u0131n\u0131 sa\u011flar, m\u00fc\u015fteri beklentilerini kar\u015f\u0131lar ve sekt\u00f6rdeki rekabet g\u00fcc\u00fcm\u00fcz\u00fc korur. TEDEG M\u00fchendislik, m\u00fchendislik m\u00fckemmelli\u011fi ve yenilik\u00e7ili\u011finde liderlik vizyonunu korumaya devam ediyor.<\/p>\t\t\t\t\t\t<\/div>\n\t\t\t\t<\/div>\n\t\t\t\t\t<\/div>\r\n\t\t\t\t<\/div>\r\n\t\t\t\t<div class=\"elementor-column elementor-col-33 elementor-top-column elementor-element elementor-element-afeb47c w-lg-33\" data-id=\"afeb47c\" data-element_type=\"column\">\r\n\t\t\t\t\t<div data-plugin-float-element=\"\" data-plugin-options=\"{&quot;startPos&quot;:&quot;none&quot;,&quot;speed&quot;:&quot;8&quot;,&quot;transition&quot;:true,&quot;horizontal&quot;:false}\" class=\"elementor-widget-wrap elementor-element-populated\">\r\n\t\t\t\t\t\t\t\t<div class=\"elementor-element elementor-element-0e01f72 scale-2 elementor-widget elementor-widget-image\" data-id=\"0e01f72\" data-element_type=\"widget\" data-widget_type=\"image.default\">\n\t\t\t\t<div class=\"elementor-widget-container\">\n\t\t\t\t\t\t\t\t\t\t\t\t\t<img decoding=\"async\" width=\"1280\" height=\"720\" src=\"https:\/\/tedegcompany.com\/wp-content\/uploads\/2024\/05\/product_certification.jpeg\" class=\"attachment-full size-full wp-image-3577\" alt=\"\" srcset=\"https:\/\/tedegcompany.com\/wp-content\/uploads\/2024\/05\/product_certification.jpeg 1280w, https:\/\/tedegcompany.com\/wp-content\/uploads\/2024\/05\/product_certification-1000x563.jpeg 1000w, https:\/\/tedegcompany.com\/wp-content\/uploads\/2024\/05\/product_certification-1024x576.jpeg 1024w, https:\/\/tedegcompany.com\/wp-content\/uploads\/2024\/05\/product_certification-768x432.jpeg 768w, https:\/\/tedegcompany.com\/wp-content\/uploads\/2024\/05\/product_certification-640x360.jpeg 640w, https:\/\/tedegcompany.com\/wp-content\/uploads\/2024\/05\/product_certification-400x225.jpeg 400w, https:\/\/tedegcompany.com\/wp-content\/uploads\/2024\/05\/product_certification-367x206.jpeg 367w\" sizes=\"(max-width: 1280px) 100vw, 1280px\" \/>\t\t\t\t\t\t\t\t\t\t\t\t\t<\/div>\n\t\t\t\t<\/div>\n\t\t\t\t\t<\/div>\r\n\t\t\t\t<\/div>\r\n\t\t\t\t<div class=\"elementor-column elementor-col-100 elementor-top-column elementor-element elementor-element-e845909 w-100\" data-id=\"e845909\" data-element_type=\"column\">\r\n\t\t\t\t\t<div class=\"elementor-widget-wrap elementor-element-populated\">\r\n\t\t\t\t\t\t\t\t<div class=\"elementor-element elementor-element-b2995ea elementor-widget-divider--view-line elementor-widget elementor-widget-divider\" data-id=\"b2995ea\" data-element_type=\"widget\" data-widget_type=\"divider.default\">\n\t\t\t\t<div class=\"elementor-widget-container\">\n\t\t\t<style>\/*! elementor - v3.21.0 - 30-04-2024 *\/\n.elementor-widget-divider{--divider-border-style:none;--divider-border-width:1px;--divider-color:#0c0d0e;--divider-icon-size:20px;--divider-element-spacing:10px;--divider-pattern-height:24px;--divider-pattern-size:20px;--divider-pattern-url:none;--divider-pattern-repeat:repeat-x}.elementor-widget-divider .elementor-divider{display:flex}.elementor-widget-divider .elementor-divider__text{font-size:15px;line-height:1;max-width:95%}.elementor-widget-divider .elementor-divider__element{margin:0 var(--divider-element-spacing);flex-shrink:0}.elementor-widget-divider .elementor-icon{font-size:var(--divider-icon-size)}.elementor-widget-divider .elementor-divider-separator{display:flex;margin:0;direction:ltr}.elementor-widget-divider--view-line_icon .elementor-divider-separator,.elementor-widget-divider--view-line_text .elementor-divider-separator{align-items:center}.elementor-widget-divider--view-line_icon .elementor-divider-separator:after,.elementor-widget-divider--view-line_icon .elementor-divider-separator:before,.elementor-widget-divider--view-line_text .elementor-divider-separator:after,.elementor-widget-divider--view-line_text .elementor-divider-separator:before{display:block;content:\"\";border-block-end:0;flex-grow:1;border-block-start:var(--divider-border-width) var(--divider-border-style) var(--divider-color)}.elementor-widget-divider--element-align-left .elementor-divider .elementor-divider-separator>.elementor-divider__svg:first-of-type{flex-grow:0;flex-shrink:100}.elementor-widget-divider--element-align-left .elementor-divider-separator:before{content:none}.elementor-widget-divider--element-align-left .elementor-divider__element{margin-left:0}.elementor-widget-divider--element-align-right .elementor-divider .elementor-divider-separator>.elementor-divider__svg:last-of-type{flex-grow:0;flex-shrink:100}.elementor-widget-divider--element-align-right .elementor-divider-separator:after{content:none}.elementor-widget-divider--element-align-right .elementor-divider__element{margin-right:0}.elementor-widget-divider--element-align-start .elementor-divider .elementor-divider-separator>.elementor-divider__svg:first-of-type{flex-grow:0;flex-shrink:100}.elementor-widget-divider--element-align-start .elementor-divider-separator:before{content:none}.elementor-widget-divider--element-align-start .elementor-divider__element{margin-inline-start:0}.elementor-widget-divider--element-align-end .elementor-divider .elementor-divider-separator>.elementor-divider__svg:last-of-type{flex-grow:0;flex-shrink:100}.elementor-widget-divider--element-align-end .elementor-divider-separator:after{content:none}.elementor-widget-divider--element-align-end .elementor-divider__element{margin-inline-end:0}.elementor-widget-divider:not(.elementor-widget-divider--view-line_text):not(.elementor-widget-divider--view-line_icon) .elementor-divider-separator{border-block-start:var(--divider-border-width) var(--divider-border-style) var(--divider-color)}.elementor-widget-divider--separator-type-pattern{--divider-border-style:none}.elementor-widget-divider--separator-type-pattern.elementor-widget-divider--view-line .elementor-divider-separator,.elementor-widget-divider--separator-type-pattern:not(.elementor-widget-divider--view-line) .elementor-divider-separator:after,.elementor-widget-divider--separator-type-pattern:not(.elementor-widget-divider--view-line) .elementor-divider-separator:before,.elementor-widget-divider--separator-type-pattern:not([class*=elementor-widget-divider--view]) .elementor-divider-separator{width:100%;min-height:var(--divider-pattern-height);-webkit-mask-size:var(--divider-pattern-size) 100%;mask-size:var(--divider-pattern-size) 100%;-webkit-mask-repeat:var(--divider-pattern-repeat);mask-repeat:var(--divider-pattern-repeat);background-color:var(--divider-color);-webkit-mask-image:var(--divider-pattern-url);mask-image:var(--divider-pattern-url)}.elementor-widget-divider--no-spacing{--divider-pattern-size:auto}.elementor-widget-divider--bg-round{--divider-pattern-repeat:round}.rtl .elementor-widget-divider .elementor-divider__text{direction:rtl}.e-con-inner>.elementor-widget-divider,.e-con>.elementor-widget-divider{width:var(--container-widget-width,100%);--flex-grow:var(--container-widget-flex-grow)}<\/style>\t\t<div class=\"elementor-divider\">\n\t\t\t<span class=\"elementor-divider-separator\">\n\t\t\t\t\t\t<\/span>\n\t\t<\/div>\n\t\t\t\t<\/div>\n\t\t\t\t<\/div>\n\t\t\t\t\t<\/div>\r\n\t\t\t\t<\/div>\r\n\t\t\t\t\t<\/div>\r\n\t\t\t\t<\/section>\r\n\t\t\t\t<\/div>","protected":false},"excerpt":{"rendered":"<p>Design At Tedeg Engineering, we produce high-tech mechanical designs that adhere to military and defense industry standards. Our products, compliant with the MIL-STD-810G standard, deliver superior performance even under extreme environmental conditions. Our designs that incorporate moving servo and stepper motors are ideal for applications requiring high precision. With designs featuring gears and power transmission [&hellip;]<\/p>","protected":false},"author":1,"featured_media":0,"parent":1383,"menu_order":0,"comment_status":"closed","ping_status":"closed","template":"","meta":{"footnotes":""},"class_list":["post-2842","page","type-page","status-publish","hentry"],"_links":{"self":[{"href":"https:\/\/tedegcompany.com\/tr\/wp-json\/wp\/v2\/pages\/2842","targetHints":{"allow":["GET"]}}],"collection":[{"href":"https:\/\/tedegcompany.com\/tr\/wp-json\/wp\/v2\/pages"}],"about":[{"href":"https:\/\/tedegcompany.com\/tr\/wp-json\/wp\/v2\/types\/page"}],"author":[{"embeddable":true,"href":"https:\/\/tedegcompany.com\/tr\/wp-json\/wp\/v2\/users\/1"}],"replies":[{"embeddable":true,"href":"https:\/\/tedegcompany.com\/tr\/wp-json\/wp\/v2\/comments?post=2842"}],"version-history":[{"count":25,"href":"https:\/\/tedegcompany.com\/tr\/wp-json\/wp\/v2\/pages\/2842\/revisions"}],"predecessor-version":[{"id":3583,"href":"https:\/\/tedegcompany.com\/tr\/wp-json\/wp\/v2\/pages\/2842\/revisions\/3583"}],"up":[{"embeddable":true,"href":"https:\/\/tedegcompany.com\/tr\/wp-json\/wp\/v2\/pages\/1383"}],"wp:attachment":[{"href":"https:\/\/tedegcompany.com\/tr\/wp-json\/wp\/v2\/media?parent=2842"}],"curies":[{"name":"wp","href":"https:\/\/api.w.org\/{rel}","templated":true}]}}