{"id":2860,"date":"2024-04-07T13:49:27","date_gmt":"2024-04-07T13:49:27","guid":{"rendered":"https:\/\/tedegcompany.com\/?page_id=2860"},"modified":"2024-05-01T12:45:07","modified_gmt":"2024-05-01T12:45:07","slug":"hardware-design","status":"publish","type":"page","link":"https:\/\/tedegcompany.com\/tr\/hizmetler\/donanim-tasarimi\/","title":{"rendered":"Donan\u0131m Tasar\u0131m\u0131"},"content":{"rendered":"<div data-elementor-type=\"wp-page\" data-elementor-id=\"2860\" class=\"elementor elementor-2860\" data-elementor-post-type=\"page\">\n\t\t\t\t\t\t<section class=\"elementor-section elementor-top-section elementor-element elementor-element-2c6f7ee elementor-section-boxed elementor-section-height-default elementor-section-height-default\" data-id=\"2c6f7ee\" data-element_type=\"section\">\r\n\t\t\r\n\t\t\t\t\t\t\t<div class=\"elementor-container elementor-column-gap-default\">\r\n\t\t\t\t\t\t\t\t\t\t\t<div class=\"elementor-column elementor-col-100 elementor-top-column elementor-element elementor-element-9165842 d-none\" data-id=\"9165842\" data-element_type=\"column\">\r\n\t\t\t\t\t<div class=\"elementor-widget-wrap elementor-element-populated\">\r\n\t\t\t\t\t\t\t\t<div class=\"elementor-element elementor-element-ee0432a d-none elementor-invisible elementor-widget elementor-widget-porto_modal\" data-id=\"ee0432a\" data-element_type=\"widget\" data-settings=\"{&quot;_animation&quot;:&quot;fadeIn&quot;,&quot;_animation_delay&quot;:&quot;500&quot;}\" data-widget_type=\"porto_modal.default\">\n\t\t\t\t<div class=\"elementor-widget-container\">\n\t\t\t<div class=\"porto-modal-input-wrapper\"><script>\r\n\t( function() {\r\n\t\tvar porto_init_modal = function() {\r\n\t\t\tvar selector = \".video-play\",\r\n\t\t\t\t$selector = jQuery(selector);\r\n\t\t\t$selector.addClass(\"porto-modal-trigger\");\r\n\t\t\t$selector.attr(\"data-trigger-id\", \"\/\/player.vimeo.com\/video\/45830194?autoplay=1\");\r\n\t\t\t$selector.attr(\"data-type\", \"iframe\");\r\n\t\t\t$selector.attr(\"data-overlay-class\", \"mfp-fade\");\r\n\t\t};\r\n\r\n\t\tif ( window.jQuery ) {\r\n\t\t\tporto_init_modal();\r\n\t\t} else {\r\n\t\t\tdocument.addEventListener( \"DOMContentLoaded\", porto_init_modal );\r\n\t\t}\r\n\t} )();\r\n\t<\/script><\/div><div id=\"\/\/player.vimeo.com\/video\/45830194?autoplay=1\" class=\"mfp-hide porto-popup-iframe mfp-fade\"><div class=\"porto-modal-content\"><\/div><\/div>\t\t<\/div>\n\t\t\t\t<\/div>\n\t\t\t\t\t<\/div>\r\n\t\t\t\t<\/div>\r\n\t\t\t\t\t<\/div>\r\n\t\t\t\t<\/section>\r\n\t\t\t\t<section class=\"elementor-section elementor-top-section elementor-element elementor-element-526b4ad child-divider elementor-section-content-middle elementor-section-boxed elementor-section-height-default elementor-section-height-default elementor-invisible\" data-id=\"526b4ad\" data-element_type=\"section\" data-settings=\"{&quot;animation&quot;:&quot;fadeInRight&quot;,&quot;animation_delay&quot;:&quot;100&quot;}\">\r\n\t\t\r\n\t\t\t\t\t\t\t<div class=\"elementor-container elementor-column-gap-default\">\r\n\t\t\t\t\t\t\t\t\t\t\t<div class=\"elementor-column elementor-col-33 elementor-top-column elementor-element elementor-element-1072037\" data-id=\"1072037\" data-element_type=\"column\">\r\n\t\t\t\t\t<div data-plugin-float-element=\"\" data-plugin-options=\"{&quot;startPos&quot;:&quot;none&quot;,&quot;speed&quot;:&quot;8&quot;,&quot;transition&quot;:true,&quot;horizontal&quot;:false}\" class=\"elementor-widget-wrap elementor-element-populated\">\r\n\t\t\t\t\t\t\t\t<div class=\"elementor-element elementor-element-22bf80c scale-2 elementor-widget elementor-widget-image\" data-id=\"22bf80c\" data-element_type=\"widget\" data-widget_type=\"image.default\">\n\t\t\t\t<div class=\"elementor-widget-container\">\n\t\t\t<style>\/*! elementor - v3.21.0 - 30-04-2024 *\/\n.elementor-widget-image{text-align:center}.elementor-widget-image a{display:inline-block}.elementor-widget-image a img[src$=\".svg\"]{width:48px}.elementor-widget-image img{vertical-align:middle;display:inline-block}<\/style>\t\t\t\t\t\t\t\t\t\t<img fetchpriority=\"high\" decoding=\"async\" width=\"460\" height=\"381\" src=\"https:\/\/tedegcompany.com\/wp-content\/uploads\/2024\/04\/hardware_design.jpg\" class=\"attachment-full size-full wp-image-3364\" alt=\"\" srcset=\"https:\/\/tedegcompany.com\/wp-content\/uploads\/2024\/04\/hardware_design.jpg 460w, https:\/\/tedegcompany.com\/wp-content\/uploads\/2024\/04\/hardware_design-400x331.jpg 400w, https:\/\/tedegcompany.com\/wp-content\/uploads\/2024\/04\/hardware_design-367x304.jpg 367w\" sizes=\"(max-width: 460px) 100vw, 460px\" \/>\t\t\t\t\t\t\t\t\t\t\t\t\t<\/div>\n\t\t\t\t<\/div>\n\t\t\t\t\t<\/div>\r\n\t\t\t\t<\/div>\r\n\t\t\t\t<div class=\"elementor-column elementor-col-66 elementor-top-column elementor-element elementor-element-5bd12ad\" data-id=\"5bd12ad\" data-element_type=\"column\">\r\n\t\t\t\t\t<div class=\"elementor-widget-wrap elementor-element-populated\">\r\n\t\t\t\t\t\t\t\t<div class=\"elementor-element elementor-element-e77b073 elementor-widget elementor-widget-heading\" data-id=\"e77b073\" data-element_type=\"widget\" data-widget_type=\"heading.default\">\n\t\t\t\t<div class=\"elementor-widget-container\">\n\t\t\t<style>\/*! elementor - v3.21.0 - 30-04-2024 *\/\n.elementor-heading-title{padding:0;margin:0;line-height:1}.elementor-widget-heading .elementor-heading-title[class*=elementor-size-]>a{color:inherit;font-size:inherit;line-height:inherit}.elementor-widget-heading .elementor-heading-title.elementor-size-small{font-size:15px}.elementor-widget-heading .elementor-heading-title.elementor-size-medium{font-size:19px}.elementor-widget-heading .elementor-heading-title.elementor-size-large{font-size:29px}.elementor-widget-heading .elementor-heading-title.elementor-size-xl{font-size:39px}.elementor-widget-heading .elementor-heading-title.elementor-size-xxl{font-size:59px}<\/style><h3 class=\"elementor-heading-title elementor-size-default\">Donan\u0131m <strong class=\"font-weight-extra-bold\">Tasar\u0131m<\/strong> <\/h3>\t\t<\/div>\n\t\t\t\t<\/div>\n\t\t\t\t<div class=\"elementor-element elementor-element-7c05524 elementor-widget elementor-widget-text-editor\" data-id=\"7c05524\" data-element_type=\"widget\" data-widget_type=\"text-editor.default\">\n\t\t\t\t<div class=\"elementor-widget-container\">\n\t\t\t<style>\/*! elementor - v3.21.0 - 30-04-2024 *\/\n.elementor-widget-text-editor.elementor-drop-cap-view-stacked .elementor-drop-cap{background-color:#69727d;color:#fff}.elementor-widget-text-editor.elementor-drop-cap-view-framed .elementor-drop-cap{color:#69727d;border:3px solid;background-color:transparent}.elementor-widget-text-editor:not(.elementor-drop-cap-view-default) .elementor-drop-cap{margin-top:8px}.elementor-widget-text-editor:not(.elementor-drop-cap-view-default) .elementor-drop-cap-letter{width:1em;height:1em}.elementor-widget-text-editor .elementor-drop-cap{float:left;text-align:center;line-height:1;font-size:50px}.elementor-widget-text-editor .elementor-drop-cap-letter{display:inline-block}<\/style>\t\t\t\t<p>TEDEG M\u00fchendislik olarak t\u00fcm elektronik kart tasar\u0131mlar\u0131n\u0131 ve devrelerini kendi b\u00fcnyemizde tasarl\u0131yor ve geli\u015ftiriyoruz. Uzman ve deneyimli m\u00fchendislerden olu\u015fan ekibimiz \u00e7e\u015fitli elektronik kartlar konusunda uzmanla\u015fm\u0131\u015ft\u0131r:<\/p><ul><li><strong>G\u00fc\u00e7 Kontrol Elektronik Kartlar\u0131<\/strong>: Enerji y\u00f6netiminde verimlili\u011fi ve g\u00fcvenilirli\u011fi art\u0131r\u0131r.<br \/>G\u00fc\u00e7 Da\u011f\u0131t\u0131m\u0131 ve Anahtarlama Elektronik Kartlar\u0131: G\u00fc\u00e7 da\u011f\u0131t\u0131m sistemlerini optimize etmek ve kontrol etmek i\u00e7in tasarlanm\u0131\u015ft\u0131r.<\/li><li><strong>Kontrol \u00dcnitesi ve Ekran Kartlar\u0131<\/strong>: Cihaz kullan\u0131c\u0131 aray\u00fczleriyle etkile\u015fimleri y\u00f6netir.<br \/>Motor ve Motor S\u00fcr\u00fcc\u00fc Elektronik Kartlar\u0131: Motorlar\u0131n do\u011fru ve verimli \u00e7al\u0131\u015fmas\u0131n\u0131 sa\u011flar.<\/li><li><strong>D\u00f6n\u00fc\u015ft\u00fcr\u00fcc\u00fc ve \u0130nvert\u00f6r Elektronik Kartlar\u0131<\/strong>: Elektrik enerjisinin farkl\u0131 formlar\u0131 aras\u0131ndaki d\u00f6n\u00fc\u015f\u00fcm\u00fc ger\u00e7ekle\u015ftirir.<br \/>Ek Pil ve Pil Dengeleme Kartlar\u0131: Pil \u00f6mr\u00fcn\u00fc uzat\u0131r ve enerji da\u011f\u0131t\u0131m\u0131n\u0131 optimize eder.<\/li><li><b>\u0130leti\u015fim ve Ethernet Kartlar\u0131<\/b>: G\u00fcvenilir ve h\u0131zl\u0131 veri ileti\u015fimi i\u00e7in tasarlanm\u0131\u015ft\u0131r.<br \/>Kapsaml\u0131 donan\u0131m tasar\u0131m\u0131 yeteneklerimizle end\u00fcstri standartlar\u0131n\u0131 a\u015fan yenilik\u00e7i \u00e7\u00f6z\u00fcmler sunarak projelerinizde \u00f6nemli fark yarat\u0131yoruz.<\/li><\/ul>\t\t\t\t\t\t<\/div>\n\t\t\t\t<\/div>\n\t\t\t\t\t<\/div>\r\n\t\t\t\t<\/div>\r\n\t\t\t\t\t<\/div>\r\n\t\t\t\t<\/section>\r\n\t\t\t\t<\/div>","protected":false},"excerpt":{"rendered":"<p>Hardware Design At TEDEG Engineering, we design and develop all electronic board designs and circuits in-house. Our team of expert and experienced engineers specializes in a variety of electronic boards: Power Control Electronic Boards: Enhances efficiency and reliability in energy management.Power Distribution and Switching Electronic Boards: Designed to optimize and control power distribution systems. Control [&hellip;]<\/p>","protected":false},"author":1,"featured_media":0,"parent":1383,"menu_order":0,"comment_status":"closed","ping_status":"closed","template":"","meta":{"footnotes":""},"class_list":["post-2860","page","type-page","status-publish","hentry"],"_links":{"self":[{"href":"https:\/\/tedegcompany.com\/tr\/wp-json\/wp\/v2\/pages\/2860","targetHints":{"allow":["GET"]}}],"collection":[{"href":"https:\/\/tedegcompany.com\/tr\/wp-json\/wp\/v2\/pages"}],"about":[{"href":"https:\/\/tedegcompany.com\/tr\/wp-json\/wp\/v2\/types\/page"}],"author":[{"embeddable":true,"href":"https:\/\/tedegcompany.com\/tr\/wp-json\/wp\/v2\/users\/1"}],"replies":[{"embeddable":true,"href":"https:\/\/tedegcompany.com\/tr\/wp-json\/wp\/v2\/comments?post=2860"}],"version-history":[{"count":13,"href":"https:\/\/tedegcompany.com\/tr\/wp-json\/wp\/v2\/pages\/2860\/revisions"}],"predecessor-version":[{"id":3618,"href":"https:\/\/tedegcompany.com\/tr\/wp-json\/wp\/v2\/pages\/2860\/revisions\/3618"}],"up":[{"embeddable":true,"href":"https:\/\/tedegcompany.com\/tr\/wp-json\/wp\/v2\/pages\/1383"}],"wp:attachment":[{"href":"https:\/\/tedegcompany.com\/tr\/wp-json\/wp\/v2\/media?parent=2860"}],"curies":[{"name":"wp","href":"https:\/\/api.w.org\/{rel}","templated":true}]}}