{"id":2870,"date":"2024-04-08T09:13:22","date_gmt":"2024-04-08T09:13:22","guid":{"rendered":"https:\/\/tedegcompany.com\/?page_id=2870"},"modified":"2024-04-10T12:27:10","modified_gmt":"2024-04-10T12:27:10","slug":"mechanical-design","status":"publish","type":"page","link":"https:\/\/tedegcompany.com\/tr\/hizmetler\/mekanik-tasarim\/","title":{"rendered":"Mekanik Tasar\u0131m"},"content":{"rendered":"<div data-elementor-type=\"wp-page\" data-elementor-id=\"2870\" class=\"elementor elementor-2870\" data-elementor-post-type=\"page\">\n\t\t\t\t\t\t<section class=\"elementor-section elementor-top-section elementor-element elementor-element-2c6f7ee elementor-section-boxed elementor-section-height-default elementor-section-height-default\" data-id=\"2c6f7ee\" data-element_type=\"section\">\r\n\t\t\r\n\t\t\t\t\t\t\t<div class=\"elementor-container elementor-column-gap-default\">\r\n\t\t\t\t\t\t\t\t\t\t\t<div class=\"elementor-column elementor-col-100 elementor-top-column elementor-element elementor-element-9165842 d-none\" data-id=\"9165842\" data-element_type=\"column\">\r\n\t\t\t\t\t<div class=\"elementor-widget-wrap elementor-element-populated\">\r\n\t\t\t\t\t\t\t\t<div class=\"elementor-element elementor-element-ee0432a d-none elementor-invisible elementor-widget elementor-widget-porto_modal\" data-id=\"ee0432a\" data-element_type=\"widget\" data-settings=\"{&quot;_animation&quot;:&quot;fadeIn&quot;,&quot;_animation_delay&quot;:&quot;500&quot;}\" data-widget_type=\"porto_modal.default\">\n\t\t\t\t<div class=\"elementor-widget-container\">\n\t\t\t<div class=\"porto-modal-input-wrapper\"><script>\r\n\t( function() {\r\n\t\tvar porto_init_modal = function() {\r\n\t\t\tvar selector = \".video-play\",\r\n\t\t\t\t$selector = jQuery(selector);\r\n\t\t\t$selector.addClass(\"porto-modal-trigger\");\r\n\t\t\t$selector.attr(\"data-trigger-id\", \"\/\/player.vimeo.com\/video\/45830194?autoplay=1\");\r\n\t\t\t$selector.attr(\"data-type\", \"iframe\");\r\n\t\t\t$selector.attr(\"data-overlay-class\", \"mfp-fade\");\r\n\t\t};\r\n\r\n\t\tif ( window.jQuery ) {\r\n\t\t\tporto_init_modal();\r\n\t\t} else {\r\n\t\t\tdocument.addEventListener( \"DOMContentLoaded\", porto_init_modal );\r\n\t\t}\r\n\t} )();\r\n\t<\/script><\/div><div id=\"\/\/player.vimeo.com\/video\/45830194?autoplay=1\" class=\"mfp-hide porto-popup-iframe mfp-fade\"><div class=\"porto-modal-content\"><\/div><\/div>\t\t<\/div>\n\t\t\t\t<\/div>\n\t\t\t\t\t<\/div>\r\n\t\t\t\t<\/div>\r\n\t\t\t\t\t<\/div>\r\n\t\t\t\t<\/section>\r\n\t\t\t\t<section class=\"elementor-section elementor-top-section elementor-element elementor-element-526b4ad child-divider elementor-section-content-middle elementor-section-boxed elementor-section-height-default elementor-section-height-default elementor-invisible\" data-id=\"526b4ad\" data-element_type=\"section\" data-settings=\"{&quot;animation&quot;:&quot;fadeInRight&quot;,&quot;animation_delay&quot;:&quot;100&quot;}\">\r\n\t\t\r\n\t\t\t\t\t\t\t<div class=\"elementor-container elementor-column-gap-default\">\r\n\t\t\t\t\t\t\t\t\t\t\t<div class=\"elementor-column elementor-col-33 elementor-top-column elementor-element elementor-element-1072037\" data-id=\"1072037\" data-element_type=\"column\">\r\n\t\t\t\t\t<div data-plugin-float-element=\"\" data-plugin-options=\"{&quot;startPos&quot;:&quot;none&quot;,&quot;speed&quot;:&quot;8&quot;,&quot;transition&quot;:true,&quot;horizontal&quot;:false}\" class=\"elementor-widget-wrap elementor-element-populated\">\r\n\t\t\t\t\t\t\t\t<div class=\"elementor-element elementor-element-22bf80c scale-2 elementor-widget elementor-widget-image\" data-id=\"22bf80c\" data-element_type=\"widget\" data-widget_type=\"image.default\">\n\t\t\t\t<div class=\"elementor-widget-container\">\n\t\t\t<style>\/*! elementor - v3.21.0 - 30-04-2024 *\/\n.elementor-widget-image{text-align:center}.elementor-widget-image a{display:inline-block}.elementor-widget-image a img[src$=\".svg\"]{width:48px}.elementor-widget-image img{vertical-align:middle;display:inline-block}<\/style>\t\t\t\t\t\t\t\t\t\t<img fetchpriority=\"high\" decoding=\"async\" width=\"460\" height=\"381\" src=\"https:\/\/tedegcompany.com\/wp-content\/uploads\/2024\/04\/mechanical_design.jpg\" class=\"attachment-full size-full wp-image-3373\" alt=\"\" srcset=\"https:\/\/tedegcompany.com\/wp-content\/uploads\/2024\/04\/mechanical_design.jpg 460w, https:\/\/tedegcompany.com\/wp-content\/uploads\/2024\/04\/mechanical_design-400x331.jpg 400w, https:\/\/tedegcompany.com\/wp-content\/uploads\/2024\/04\/mechanical_design-367x304.jpg 367w\" sizes=\"(max-width: 460px) 100vw, 460px\" \/>\t\t\t\t\t\t\t\t\t\t\t\t\t<\/div>\n\t\t\t\t<\/div>\n\t\t\t\t\t<\/div>\r\n\t\t\t\t<\/div>\r\n\t\t\t\t<div class=\"elementor-column elementor-col-66 elementor-top-column elementor-element elementor-element-5bd12ad\" data-id=\"5bd12ad\" data-element_type=\"column\">\r\n\t\t\t\t\t<div class=\"elementor-widget-wrap elementor-element-populated\">\r\n\t\t\t\t\t\t\t\t<div class=\"elementor-element elementor-element-e77b073 elementor-widget elementor-widget-heading\" data-id=\"e77b073\" data-element_type=\"widget\" data-widget_type=\"heading.default\">\n\t\t\t\t<div class=\"elementor-widget-container\">\n\t\t\t<style>\/*! elementor - v3.21.0 - 30-04-2024 *\/\n.elementor-heading-title{padding:0;margin:0;line-height:1}.elementor-widget-heading .elementor-heading-title[class*=elementor-size-]>a{color:inherit;font-size:inherit;line-height:inherit}.elementor-widget-heading .elementor-heading-title.elementor-size-small{font-size:15px}.elementor-widget-heading .elementor-heading-title.elementor-size-medium{font-size:19px}.elementor-widget-heading .elementor-heading-title.elementor-size-large{font-size:29px}.elementor-widget-heading .elementor-heading-title.elementor-size-xl{font-size:39px}.elementor-widget-heading .elementor-heading-title.elementor-size-xxl{font-size:59px}<\/style><h3 class=\"elementor-heading-title elementor-size-default\">Mekanik <strong class=\"font-weight-extra-bold\">Tasar\u0131m<\/strong><\/h3>\t\t<\/div>\n\t\t\t\t<\/div>\n\t\t\t\t<div class=\"elementor-element elementor-element-7c05524 elementor-widget elementor-widget-text-editor\" data-id=\"7c05524\" data-element_type=\"widget\" data-widget_type=\"text-editor.default\">\n\t\t\t\t<div class=\"elementor-widget-container\">\n\t\t\t<style>\/*! elementor - v3.21.0 - 30-04-2024 *\/\n.elementor-widget-text-editor.elementor-drop-cap-view-stacked .elementor-drop-cap{background-color:#69727d;color:#fff}.elementor-widget-text-editor.elementor-drop-cap-view-framed .elementor-drop-cap{color:#69727d;border:3px solid;background-color:transparent}.elementor-widget-text-editor:not(.elementor-drop-cap-view-default) .elementor-drop-cap{margin-top:8px}.elementor-widget-text-editor:not(.elementor-drop-cap-view-default) .elementor-drop-cap-letter{width:1em;height:1em}.elementor-widget-text-editor .elementor-drop-cap{float:left;text-align:center;line-height:1;font-size:50px}.elementor-widget-text-editor .elementor-drop-cap-letter{display:inline-block}<\/style>\t\t\t\t<p>Elektronik devre tasar\u0131mlar\u0131n\u0131 geli\u015ftirdi\u011fimiz \u00fcr\u00fcnler i\u00e7in d\u00f6k\u00fcm muhafaza, metal levha ve plastik enjeksiyon kal\u0131p tasar\u0131mlar\u0131 da dahil olmak \u00fczere kapsaml\u0131 muhafaza \u00e7\u00f6z\u00fcmlerinin tasar\u0131m\u0131n\u0131 ger\u00e7ekle\u015ftiriyoruz. \u015eirket i\u00e7i ekibimiz, bu tasar\u0131mlar\u0131n yaln\u0131zca projelerimizin \u00f6zel ihtiya\u00e7lar\u0131na g\u00f6re uyarlanmas\u0131n\u0131 de\u011fil ayn\u0131 zamanda seri \u00fcretim i\u00e7in optimize edilmesini de sa\u011flar. Bu yakla\u015f\u0131m, t\u00fcm tasar\u0131m s\u00fcreci \u00fczerinde kontrol sahibi olmam\u0131z\u0131, elektronik devre tasar\u0131mlar\u0131m\u0131zla kusursuz entegrasyon sa\u011flamam\u0131z\u0131 ve bunlar\u0131 verimli ve \u00f6l\u00e7eklenebilir \u00fcretime haz\u0131rlamam\u0131z\u0131 sa\u011flar.<\/p>\t\t\t\t\t\t<\/div>\n\t\t\t\t<\/div>\n\t\t\t\t\t<\/div>\r\n\t\t\t\t<\/div>\r\n\t\t\t\t\t<\/div>\r\n\t\t\t\t<\/section>\r\n\t\t\t\t<\/div>","protected":false},"excerpt":{"rendered":"<p>Mechanical Design We handle the comprehensive design of enclosure solutions \u2013 including die-cast housing, sheet metal, and plastic injection mold designs \u2013 for the products we develop electronic circuit designs for. Our in-house team ensures these designs are not only tailored to the specific needs of our projects but also optimized for mass production. This [&hellip;]<\/p>","protected":false},"author":1,"featured_media":0,"parent":1383,"menu_order":0,"comment_status":"closed","ping_status":"closed","template":"","meta":{"footnotes":""},"class_list":["post-2870","page","type-page","status-publish","hentry"],"_links":{"self":[{"href":"https:\/\/tedegcompany.com\/tr\/wp-json\/wp\/v2\/pages\/2870","targetHints":{"allow":["GET"]}}],"collection":[{"href":"https:\/\/tedegcompany.com\/tr\/wp-json\/wp\/v2\/pages"}],"about":[{"href":"https:\/\/tedegcompany.com\/tr\/wp-json\/wp\/v2\/types\/page"}],"author":[{"embeddable":true,"href":"https:\/\/tedegcompany.com\/tr\/wp-json\/wp\/v2\/users\/1"}],"replies":[{"embeddable":true,"href":"https:\/\/tedegcompany.com\/tr\/wp-json\/wp\/v2\/comments?post=2870"}],"version-history":[{"count":10,"href":"https:\/\/tedegcompany.com\/tr\/wp-json\/wp\/v2\/pages\/2870\/revisions"}],"predecessor-version":[{"id":3377,"href":"https:\/\/tedegcompany.com\/tr\/wp-json\/wp\/v2\/pages\/2870\/revisions\/3377"}],"up":[{"embeddable":true,"href":"https:\/\/tedegcompany.com\/tr\/wp-json\/wp\/v2\/pages\/1383"}],"wp:attachment":[{"href":"https:\/\/tedegcompany.com\/tr\/wp-json\/wp\/v2\/media?parent=2870"}],"curies":[{"name":"wp","href":"https:\/\/api.w.org\/{rel}","templated":true}]}}