{"id":2883,"date":"2024-04-08T09:18:01","date_gmt":"2024-04-08T09:18:01","guid":{"rendered":"https:\/\/tedegcompany.com\/?page_id=2883"},"modified":"2024-05-01T08:49:24","modified_gmt":"2024-05-01T08:49:24","slug":"software-design","status":"publish","type":"page","link":"https:\/\/tedegcompany.com\/tr\/hizmetler\/yazilim-tasarimi\/","title":{"rendered":"Yaz\u0131l\u0131m Tasar\u0131m\u0131"},"content":{"rendered":"<div data-elementor-type=\"wp-page\" data-elementor-id=\"2883\" class=\"elementor elementor-2883\" data-elementor-post-type=\"page\">\n\t\t\t\t\t\t<section class=\"elementor-section elementor-top-section elementor-element elementor-element-2c6f7ee elementor-section-boxed elementor-section-height-default elementor-section-height-default\" data-id=\"2c6f7ee\" data-element_type=\"section\">\r\n\t\t\r\n\t\t\t\t\t\t\t<div class=\"elementor-container elementor-column-gap-default\">\r\n\t\t\t\t\t\t\t\t\t\t\t<div class=\"elementor-column elementor-col-100 elementor-top-column elementor-element elementor-element-9165842 d-none\" data-id=\"9165842\" data-element_type=\"column\">\r\n\t\t\t\t\t<div class=\"elementor-widget-wrap elementor-element-populated\">\r\n\t\t\t\t\t\t\t\t<div class=\"elementor-element elementor-element-ee0432a d-none elementor-invisible elementor-widget elementor-widget-porto_modal\" data-id=\"ee0432a\" data-element_type=\"widget\" data-settings=\"{&quot;_animation&quot;:&quot;fadeIn&quot;,&quot;_animation_delay&quot;:&quot;500&quot;}\" data-widget_type=\"porto_modal.default\">\n\t\t\t\t<div class=\"elementor-widget-container\">\n\t\t\t<div class=\"porto-modal-input-wrapper\"><script>\r\n\t( function() {\r\n\t\tvar porto_init_modal = function() {\r\n\t\t\tvar selector = \".video-play\",\r\n\t\t\t\t$selector = jQuery(selector);\r\n\t\t\t$selector.addClass(\"porto-modal-trigger\");\r\n\t\t\t$selector.attr(\"data-trigger-id\", \"\/\/player.vimeo.com\/video\/45830194?autoplay=1\");\r\n\t\t\t$selector.attr(\"data-type\", \"iframe\");\r\n\t\t\t$selector.attr(\"data-overlay-class\", \"mfp-fade\");\r\n\t\t};\r\n\r\n\t\tif ( window.jQuery ) {\r\n\t\t\tporto_init_modal();\r\n\t\t} else {\r\n\t\t\tdocument.addEventListener( \"DOMContentLoaded\", porto_init_modal );\r\n\t\t}\r\n\t} )();\r\n\t<\/script><\/div><div id=\"\/\/player.vimeo.com\/video\/45830194?autoplay=1\" class=\"mfp-hide porto-popup-iframe mfp-fade\"><div class=\"porto-modal-content\"><\/div><\/div>\t\t<\/div>\n\t\t\t\t<\/div>\n\t\t\t\t\t<\/div>\r\n\t\t\t\t<\/div>\r\n\t\t\t\t\t<\/div>\r\n\t\t\t\t<\/section>\r\n\t\t\t\t<section class=\"elementor-section elementor-top-section elementor-element elementor-element-526b4ad child-divider elementor-section-content-middle elementor-section-boxed elementor-section-height-default elementor-section-height-default elementor-invisible\" data-id=\"526b4ad\" data-element_type=\"section\" data-settings=\"{&quot;animation&quot;:&quot;fadeInRight&quot;,&quot;animation_delay&quot;:&quot;100&quot;}\">\r\n\t\t\r\n\t\t\t\t\t\t\t<div class=\"elementor-container elementor-column-gap-default\">\r\n\t\t\t\t\t\t\t\t\t\t\t<div class=\"elementor-column elementor-col-33 elementor-top-column elementor-element elementor-element-1072037\" data-id=\"1072037\" data-element_type=\"column\">\r\n\t\t\t\t\t<div data-plugin-float-element=\"\" data-plugin-options=\"{&quot;startPos&quot;:&quot;none&quot;,&quot;speed&quot;:&quot;8&quot;,&quot;transition&quot;:true,&quot;horizontal&quot;:false}\" class=\"elementor-widget-wrap elementor-element-populated\">\r\n\t\t\t\t\t\t\t\t<div class=\"elementor-element elementor-element-22bf80c scale-2 elementor-widget elementor-widget-image\" data-id=\"22bf80c\" data-element_type=\"widget\" data-widget_type=\"image.default\">\n\t\t\t\t<div class=\"elementor-widget-container\">\n\t\t\t<style>\/*! elementor - v3.21.0 - 30-04-2024 *\/\n.elementor-widget-image{text-align:center}.elementor-widget-image a{display:inline-block}.elementor-widget-image a img[src$=\".svg\"]{width:48px}.elementor-widget-image img{vertical-align:middle;display:inline-block}<\/style>\t\t\t\t\t\t\t\t\t\t<img fetchpriority=\"high\" decoding=\"async\" width=\"1200\" height=\"675\" src=\"https:\/\/tedegcompany.com\/wp-content\/uploads\/2024\/04\/software_design.jpg\" class=\"attachment-full size-full wp-image-3382\" alt=\"\" srcset=\"https:\/\/tedegcompany.com\/wp-content\/uploads\/2024\/04\/software_design.jpg 1200w, https:\/\/tedegcompany.com\/wp-content\/uploads\/2024\/04\/software_design-1000x563.jpg 1000w, https:\/\/tedegcompany.com\/wp-content\/uploads\/2024\/04\/software_design-1024x576.jpg 1024w, https:\/\/tedegcompany.com\/wp-content\/uploads\/2024\/04\/software_design-768x432.jpg 768w, https:\/\/tedegcompany.com\/wp-content\/uploads\/2024\/04\/software_design-640x360.jpg 640w, https:\/\/tedegcompany.com\/wp-content\/uploads\/2024\/04\/software_design-400x225.jpg 400w, https:\/\/tedegcompany.com\/wp-content\/uploads\/2024\/04\/software_design-367x206.jpg 367w\" sizes=\"(max-width: 1200px) 100vw, 1200px\" \/>\t\t\t\t\t\t\t\t\t\t\t\t\t<\/div>\n\t\t\t\t<\/div>\n\t\t\t\t\t<\/div>\r\n\t\t\t\t<\/div>\r\n\t\t\t\t<div class=\"elementor-column elementor-col-66 elementor-top-column elementor-element elementor-element-5bd12ad\" data-id=\"5bd12ad\" data-element_type=\"column\">\r\n\t\t\t\t\t<div class=\"elementor-widget-wrap elementor-element-populated\">\r\n\t\t\t\t\t\t\t\t<div class=\"elementor-element elementor-element-e77b073 elementor-widget elementor-widget-heading\" data-id=\"e77b073\" data-element_type=\"widget\" data-widget_type=\"heading.default\">\n\t\t\t\t<div class=\"elementor-widget-container\">\n\t\t\t<style>\/*! elementor - v3.21.0 - 30-04-2024 *\/\n.elementor-heading-title{padding:0;margin:0;line-height:1}.elementor-widget-heading .elementor-heading-title[class*=elementor-size-]>a{color:inherit;font-size:inherit;line-height:inherit}.elementor-widget-heading .elementor-heading-title.elementor-size-small{font-size:15px}.elementor-widget-heading .elementor-heading-title.elementor-size-medium{font-size:19px}.elementor-widget-heading .elementor-heading-title.elementor-size-large{font-size:29px}.elementor-widget-heading .elementor-heading-title.elementor-size-xl{font-size:39px}.elementor-widget-heading .elementor-heading-title.elementor-size-xxl{font-size:59px}<\/style><h3 class=\"elementor-heading-title elementor-size-default\">Yaz\u0131l\u0131m <strong class=\"font-weight-extra-bold\">Tasar\u0131m<\/strong><\/h3>\t\t<\/div>\n\t\t\t\t<\/div>\n\t\t\t\t<div class=\"elementor-element elementor-element-7c05524 elementor-widget elementor-widget-text-editor\" data-id=\"7c05524\" data-element_type=\"widget\" data-widget_type=\"text-editor.default\">\n\t\t\t\t<div class=\"elementor-widget-container\">\n\t\t\t<style>\/*! elementor - v3.21.0 - 30-04-2024 *\/\n.elementor-widget-text-editor.elementor-drop-cap-view-stacked .elementor-drop-cap{background-color:#69727d;color:#fff}.elementor-widget-text-editor.elementor-drop-cap-view-framed .elementor-drop-cap{color:#69727d;border:3px solid;background-color:transparent}.elementor-widget-text-editor:not(.elementor-drop-cap-view-default) .elementor-drop-cap{margin-top:8px}.elementor-widget-text-editor:not(.elementor-drop-cap-view-default) .elementor-drop-cap-letter{width:1em;height:1em}.elementor-widget-text-editor .elementor-drop-cap{float:left;text-align:center;line-height:1;font-size:50px}.elementor-widget-text-editor .elementor-drop-cap-letter{display:inline-block}<\/style>\t\t\t\t<p>TEDEG M\u00fchendislik olarak, donan\u0131m\u0131n\u0131z\u0131n kusursuz entegrasyonunu ve optimum i\u015flevselli\u011fini sa\u011flayan g\u00f6m\u00fcl\u00fc sistemler ve yerle\u015fik ileti\u015fim protokolleri i\u00e7in \u00f6zel olarak tasarlanm\u0131\u015f yaz\u0131l\u0131mlar\u0131n geli\u015ftirilmesinde uzman\u0131z. Yaz\u0131l\u0131m geli\u015ftirme s\u00fcrecimiz, her biri donan\u0131m i\u015flevlerini y\u00f6netme konusundaki g\u00fcvenilirli\u011fi ve performans\u0131 nedeniyle se\u00e7ilen STM32, Nuvoton, FBGA ve IGBT gibi mikro denetleyicilerin ve mikro i\u015flemcilerin t\u00fcm potansiyelini kullanacak \u015fekilde tasarlanm\u0131\u015ft\u0131r.<\/p><p>G\u00f6m\u00fcl\u00fc Yaz\u0131l\u0131m:<br \/>G\u00f6m\u00fcl\u00fc yaz\u0131l\u0131m\u0131m\u0131z, \u00e7ok say\u0131da uygulamadaki \u00e7ok y\u00f6nl\u00fcl\u00fc\u011f\u00fc nedeniyle pop\u00fcler olan STM32 gibi mikro denetleyicilerden FBGA ve IGBT i\u015flemcileri i\u00e7eren karma\u015f\u0131k sistemlere kadar \u00e7e\u015fitli cihazlarda \u00e7al\u0131\u015facak \u015fekilde tasarlanm\u0131\u015ft\u0131r. Bu yaz\u0131l\u0131m, cihaz\u0131n i\u015flevselli\u011fini do\u011frudan y\u00f6neterek geli\u015fmi\u015f kontrol ve operasyonel verimlilik sa\u011flar.<\/p><p>\u0130leti\u015fim Protokolleri:<br \/>A\u011f tabanl\u0131 ileti\u015fim i\u00e7in Ethernet ve otomotiv ve end\u00fcstriyel uygulamalarda yayg\u0131n olarak kullan\u0131lan CAN-BUS gibi ileti\u015fim protokolleri i\u00e7in sa\u011flam yaz\u0131l\u0131m \u00e7\u00f6z\u00fcmleri geli\u015ftiriyoruz. Bu protokoller, cihaz\u0131n\u0131z ile di\u011fer sistemler aras\u0131nda etkili ileti\u015fimi kolayla\u015ft\u0131rarak ba\u011flant\u0131y\u0131 ve entegrasyonu geli\u015ftirir.<\/p><p>Masa\u00fcst\u00fc Kullan\u0131c\u0131 Aray\u00fcz\u00fc Yaz\u0131l\u0131m\u0131:<br \/>Donan\u0131m \u00e7\u00f6z\u00fcmlerimizi tamamlamak i\u00e7in sezgisel kullan\u0131c\u0131 aray\u00fczleri sunmak \u00fczere tasarlanm\u0131\u015f masa\u00fcst\u00fc yaz\u0131l\u0131m geli\u015ftirme hizmetleri sa\u011fl\u0131yoruz. Bu yaz\u0131l\u0131m, kullan\u0131c\u0131lar\u0131n bilgisayar veya mobil platformlar arac\u0131l\u0131\u011f\u0131yla cihazlar\u0131n\u0131 etkile\u015fimli olarak y\u00f6netmesine ve kontrol etmesine olanak tan\u0131yarak kullan\u0131c\u0131 dostu bir deneyim ve uzaktan i\u015flevsellik y\u00f6netimi sa\u011flar.<\/p><p>TEDEG&#039;deki yaz\u0131l\u0131m geli\u015ftirme s\u00fcreci, belirli donan\u0131mlarda \u00e7al\u0131\u015facak g\u00f6m\u00fcl\u00fc yaz\u0131l\u0131mlar\u0131n tasarlanmas\u0131n\u0131, ileti\u015fim protokolleri i\u00e7in s\u00fcr\u00fcc\u00fclerin geli\u015ftirilmesini ve kullan\u0131c\u0131 dostu masa\u00fcst\u00fc uygulamalar\u0131n\u0131n olu\u015fturulmas\u0131n\u0131 i\u00e7erir. Farkl\u0131 i\u015flemcilerin ve ileti\u015fim protokollerinin \u00f6zelliklerini dikkatle g\u00f6z \u00f6n\u00fcnde bulundurarak, her projenin \u00f6zel ihtiya\u00e7lar\u0131n\u0131 kar\u015f\u0131layan yaz\u0131l\u0131m geli\u015ftirme yakla\u015f\u0131mlar\u0131n\u0131 benimsiyor, \u00fcr\u00fcn\u00fcn\u00fcz\u00fcn ba\u015far\u0131s\u0131n\u0131 sa\u011fl\u0131yoruz.<\/p>\t\t\t\t\t\t<\/div>\n\t\t\t\t<\/div>\n\t\t\t\t\t<\/div>\r\n\t\t\t\t<\/div>\r\n\t\t\t\t\t<\/div>\r\n\t\t\t\t<\/section>\r\n\t\t\t\t<\/div>","protected":false},"excerpt":{"rendered":"<p>Software Design At TEDEG Engineering, we specialize in the development of software tailored for embedded systems and established communication protocols, ensuring seamless integration and optimal functionality of your hardware. Our software development process is designed to leverage the full potential of microcontrollers and microprocessors like STM32, Nuvoton, FBGA, and IGBT, each chosen for their reliability [&hellip;]<\/p>","protected":false},"author":1,"featured_media":0,"parent":1383,"menu_order":0,"comment_status":"closed","ping_status":"closed","template":"","meta":{"footnotes":""},"class_list":["post-2883","page","type-page","status-publish","hentry"],"_links":{"self":[{"href":"https:\/\/tedegcompany.com\/tr\/wp-json\/wp\/v2\/pages\/2883","targetHints":{"allow":["GET"]}}],"collection":[{"href":"https:\/\/tedegcompany.com\/tr\/wp-json\/wp\/v2\/pages"}],"about":[{"href":"https:\/\/tedegcompany.com\/tr\/wp-json\/wp\/v2\/types\/page"}],"author":[{"embeddable":true,"href":"https:\/\/tedegcompany.com\/tr\/wp-json\/wp\/v2\/users\/1"}],"replies":[{"embeddable":true,"href":"https:\/\/tedegcompany.com\/tr\/wp-json\/wp\/v2\/comments?post=2883"}],"version-history":[{"count":10,"href":"https:\/\/tedegcompany.com\/tr\/wp-json\/wp\/v2\/pages\/2883\/revisions"}],"predecessor-version":[{"id":3589,"href":"https:\/\/tedegcompany.com\/tr\/wp-json\/wp\/v2\/pages\/2883\/revisions\/3589"}],"up":[{"embeddable":true,"href":"https:\/\/tedegcompany.com\/tr\/wp-json\/wp\/v2\/pages\/1383"}],"wp:attachment":[{"href":"https:\/\/tedegcompany.com\/tr\/wp-json\/wp\/v2\/media?parent=2883"}],"curies":[{"name":"wp","href":"https:\/\/api.w.org\/{rel}","templated":true}]}}