{"id":2888,"date":"2024-04-08T09:20:48","date_gmt":"2024-04-08T09:20:48","guid":{"rendered":"https:\/\/tedegcompany.com\/?page_id=2888"},"modified":"2024-05-01T10:00:32","modified_gmt":"2024-05-01T10:00:32","slug":"structural-analysis","status":"publish","type":"page","link":"https:\/\/tedegcompany.com\/tr\/hizmetler\/yapisal-analiz\/","title":{"rendered":"Yap\u0131sal Analiz"},"content":{"rendered":"<div data-elementor-type=\"wp-page\" data-elementor-id=\"2888\" class=\"elementor elementor-2888\" data-elementor-post-type=\"page\">\n\t\t\t\t\t\t<section class=\"elementor-section elementor-top-section elementor-element elementor-element-2c6f7ee elementor-section-boxed elementor-section-height-default elementor-section-height-default\" data-id=\"2c6f7ee\" data-element_type=\"section\">\r\n\t\t\r\n\t\t\t\t\t\t\t<div class=\"elementor-container elementor-column-gap-default\">\r\n\t\t\t\t\t\t\t\t\t\t\t<div class=\"elementor-column elementor-col-100 elementor-top-column elementor-element elementor-element-9165842 d-none\" data-id=\"9165842\" data-element_type=\"column\">\r\n\t\t\t\t\t<div class=\"elementor-widget-wrap elementor-element-populated\">\r\n\t\t\t\t\t\t\t\t<div class=\"elementor-element elementor-element-ee0432a d-none elementor-invisible elementor-widget elementor-widget-porto_modal\" data-id=\"ee0432a\" data-element_type=\"widget\" data-settings=\"{&quot;_animation&quot;:&quot;fadeIn&quot;,&quot;_animation_delay&quot;:&quot;500&quot;}\" data-widget_type=\"porto_modal.default\">\n\t\t\t\t<div class=\"elementor-widget-container\">\n\t\t\t<div class=\"porto-modal-input-wrapper\"><script>\r\n\t( function() {\r\n\t\tvar porto_init_modal = function() {\r\n\t\t\tvar selector = \".video-play\",\r\n\t\t\t\t$selector = jQuery(selector);\r\n\t\t\t$selector.addClass(\"porto-modal-trigger\");\r\n\t\t\t$selector.attr(\"data-trigger-id\", \"\/\/player.vimeo.com\/video\/45830194?autoplay=1\");\r\n\t\t\t$selector.attr(\"data-type\", \"iframe\");\r\n\t\t\t$selector.attr(\"data-overlay-class\", \"mfp-fade\");\r\n\t\t};\r\n\r\n\t\tif ( window.jQuery ) {\r\n\t\t\tporto_init_modal();\r\n\t\t} else {\r\n\t\t\tdocument.addEventListener( \"DOMContentLoaded\", porto_init_modal );\r\n\t\t}\r\n\t} )();\r\n\t<\/script><\/div><div id=\"\/\/player.vimeo.com\/video\/45830194?autoplay=1\" class=\"mfp-hide porto-popup-iframe mfp-fade\"><div class=\"porto-modal-content\"><\/div><\/div>\t\t<\/div>\n\t\t\t\t<\/div>\n\t\t\t\t\t<\/div>\r\n\t\t\t\t<\/div>\r\n\t\t\t\t\t<\/div>\r\n\t\t\t\t<\/section>\r\n\t\t\t\t<section class=\"elementor-section elementor-top-section elementor-element elementor-element-526b4ad child-divider elementor-section-content-middle elementor-section-boxed elementor-section-height-default elementor-section-height-default elementor-invisible\" data-id=\"526b4ad\" data-element_type=\"section\" data-settings=\"{&quot;animation&quot;:&quot;fadeInRight&quot;,&quot;animation_delay&quot;:&quot;100&quot;}\">\r\n\t\t\r\n\t\t\t\t\t\t\t<div class=\"elementor-container elementor-column-gap-default\">\r\n\t\t\t\t\t\t\t\t\t\t\t<div class=\"elementor-column elementor-col-33 elementor-top-column elementor-element elementor-element-1072037\" data-id=\"1072037\" data-element_type=\"column\">\r\n\t\t\t\t\t<div data-plugin-float-element=\"\" data-plugin-options=\"{&quot;startPos&quot;:&quot;none&quot;,&quot;speed&quot;:&quot;8&quot;,&quot;transition&quot;:true,&quot;horizontal&quot;:false}\" class=\"elementor-widget-wrap elementor-element-populated\">\r\n\t\t\t\t\t\t\t\t<div class=\"elementor-element elementor-element-22bf80c scale-2 elementor-widget elementor-widget-image\" data-id=\"22bf80c\" data-element_type=\"widget\" data-widget_type=\"image.default\">\n\t\t\t\t<div class=\"elementor-widget-container\">\n\t\t\t<style>\/*! elementor - v3.21.0 - 30-04-2024 *\/\n.elementor-widget-image{text-align:center}.elementor-widget-image a{display:inline-block}.elementor-widget-image a img[src$=\".svg\"]{width:48px}.elementor-widget-image img{vertical-align:middle;display:inline-block}<\/style>\t\t\t\t\t\t\t\t\t\t<img fetchpriority=\"high\" decoding=\"async\" width=\"514\" height=\"350\" src=\"https:\/\/tedegcompany.com\/wp-content\/uploads\/2024\/04\/structural_analysis.png\" class=\"attachment-full size-full wp-image-3386\" alt=\"\" srcset=\"https:\/\/tedegcompany.com\/wp-content\/uploads\/2024\/04\/structural_analysis.png 514w, https:\/\/tedegcompany.com\/wp-content\/uploads\/2024\/04\/structural_analysis-400x272.png 400w, https:\/\/tedegcompany.com\/wp-content\/uploads\/2024\/04\/structural_analysis-367x250.png 367w\" sizes=\"(max-width: 514px) 100vw, 514px\" \/>\t\t\t\t\t\t\t\t\t\t\t\t\t<\/div>\n\t\t\t\t<\/div>\n\t\t\t\t\t<\/div>\r\n\t\t\t\t<\/div>\r\n\t\t\t\t<div class=\"elementor-column elementor-col-66 elementor-top-column elementor-element elementor-element-5bd12ad\" data-id=\"5bd12ad\" data-element_type=\"column\">\r\n\t\t\t\t\t<div class=\"elementor-widget-wrap elementor-element-populated\">\r\n\t\t\t\t\t\t\t\t<div class=\"elementor-element elementor-element-e77b073 elementor-widget elementor-widget-heading\" data-id=\"e77b073\" data-element_type=\"widget\" data-widget_type=\"heading.default\">\n\t\t\t\t<div class=\"elementor-widget-container\">\n\t\t\t<style>\/*! elementor - v3.21.0 - 30-04-2024 *\/\n.elementor-heading-title{padding:0;margin:0;line-height:1}.elementor-widget-heading .elementor-heading-title[class*=elementor-size-]>a{color:inherit;font-size:inherit;line-height:inherit}.elementor-widget-heading .elementor-heading-title.elementor-size-small{font-size:15px}.elementor-widget-heading .elementor-heading-title.elementor-size-medium{font-size:19px}.elementor-widget-heading .elementor-heading-title.elementor-size-large{font-size:29px}.elementor-widget-heading .elementor-heading-title.elementor-size-xl{font-size:39px}.elementor-widget-heading .elementor-heading-title.elementor-size-xxl{font-size:59px}<\/style><h3 class=\"elementor-heading-title elementor-size-default\">Yap\u0131sal <strong class=\"font-weight-extra-bold\">Analiz<\/strong><\/h3>\t\t<\/div>\n\t\t\t\t<\/div>\n\t\t\t\t<div class=\"elementor-element elementor-element-7c05524 elementor-widget elementor-widget-text-editor\" data-id=\"7c05524\" data-element_type=\"widget\" data-widget_type=\"text-editor.default\">\n\t\t\t\t<div class=\"elementor-widget-container\">\n\t\t\t<style>\/*! elementor - v3.21.0 - 30-04-2024 *\/\n.elementor-widget-text-editor.elementor-drop-cap-view-stacked .elementor-drop-cap{background-color:#69727d;color:#fff}.elementor-widget-text-editor.elementor-drop-cap-view-framed .elementor-drop-cap{color:#69727d;border:3px solid;background-color:transparent}.elementor-widget-text-editor:not(.elementor-drop-cap-view-default) .elementor-drop-cap{margin-top:8px}.elementor-widget-text-editor:not(.elementor-drop-cap-view-default) .elementor-drop-cap-letter{width:1em;height:1em}.elementor-widget-text-editor .elementor-drop-cap{float:left;text-align:center;line-height:1;font-size:50px}.elementor-widget-text-editor .elementor-drop-cap-letter{display:inline-block}<\/style>\t\t\t\t<p>TEDEG M\u00fchendislik olarak, t\u00fcm kategorilerde MIL-STD-810G&#039;de belirtildi\u011fi gibi hem dinamik hem de statik titre\u015fim test analizi ve tasar\u0131m dan\u0131\u015fmanl\u0131\u011f\u0131na odaklanarak end\u00fcstri standartlar\u0131na uygun kapsaml\u0131 yap\u0131sal analiz hizmetleri sunuyoruz. Uzmanl\u0131\u011f\u0131m\u0131z, her \u00fcr\u00fcn\u00fcn \u00e7e\u015fitli \u00e7evresel stres ko\u015fullar\u0131 alt\u0131nda en y\u00fcksek dayan\u0131kl\u0131l\u0131k ve performans standartlar\u0131n\u0131 kar\u015f\u0131lamak i\u00e7in s\u0131k\u0131 testlerden ge\u00e7mesini sa\u011flar.<\/p>\t\t\t\t\t\t<\/div>\n\t\t\t\t<\/div>\n\t\t\t\t\t<\/div>\r\n\t\t\t\t<\/div>\r\n\t\t\t\t\t<\/div>\r\n\t\t\t\t<\/section>\r\n\t\t\t\t<section class=\"elementor-section elementor-top-section elementor-element elementor-element-76babd9 child-divider flex-wrap elementor-section-content-middle elementor-section-boxed elementor-section-height-default elementor-section-height-default elementor-invisible\" data-id=\"76babd9\" data-element_type=\"section\" data-settings=\"{&quot;animation&quot;:&quot;fadeInLeft&quot;,&quot;animation_delay&quot;:&quot;100&quot;}\">\r\n\t\t\r\n\t\t\t\t\t\t\t<div class=\"elementor-container elementor-column-gap-default\">\r\n\t\t\t\t\t\t\t\t\t\t\t<div class=\"elementor-column elementor-col-50 elementor-top-column elementor-element elementor-element-f0adfe4 w-lg-66\" data-id=\"f0adfe4\" data-element_type=\"column\">\r\n\t\t\t\t\t<div class=\"elementor-widget-wrap elementor-element-populated\">\r\n\t\t\t\t\t\t\t\t<div class=\"elementor-element elementor-element-5b2c31b elementor-widget elementor-widget-heading\" data-id=\"5b2c31b\" data-element_type=\"widget\" data-widget_type=\"heading.default\">\n\t\t\t\t<div class=\"elementor-widget-container\">\n\t\t\t<h3 class=\"elementor-heading-title elementor-size-default\">Titre\u015fim Testi <strong class=\"font-weight-extra-bold\">ve Analiz<\/strong><\/h3>\t\t<\/div>\n\t\t\t\t<\/div>\n\t\t\t\t<div class=\"elementor-element elementor-element-7120b9b elementor-widget elementor-widget-text-editor\" data-id=\"7120b9b\" data-element_type=\"widget\" data-widget_type=\"text-editor.default\">\n\t\t\t\t<div class=\"elementor-widget-container\">\n\t\t\t\t\t\t\t<p>TEDEG M\u00fchendislik olarak tasar\u0131m a\u015famas\u0131ndan itibaren titre\u015fim analizleri yaparak potansiyel zay\u0131f noktalar\u0131 tespit ediyor ve g\u00fc\u00e7lendirme \u00f6nerileri sunuyoruz. Dinamik titre\u015fim testleri, \u00fcr\u00fcnlerin \u00e7al\u0131\u015fma ortamlar\u0131nda kar\u015f\u0131la\u015fabilece\u011fi titre\u015fim ko\u015fullar\u0131n\u0131 sim\u00fcle ederken, statik titre\u015fim testleri ise \u00fcr\u00fcnlerin maksimum y\u00fck alt\u0131nda deformasyon ve gerilme seviyelerini \u00f6l\u00e7er. Her iki test t\u00fcr\u00fc de \u00fcr\u00fcnlerinizin g\u00fcvenilirli\u011fini art\u0131rmak i\u00e7in \u00e7ok \u00f6nemlidir.<\/p>\t\t\t\t\t\t<\/div>\n\t\t\t\t<\/div>\n\t\t\t\t\t<\/div>\r\n\t\t\t\t<\/div>\r\n\t\t\t\t<div class=\"elementor-column elementor-col-50 elementor-top-column elementor-element elementor-element-fc635da w-lg-33\" data-id=\"fc635da\" data-element_type=\"column\">\r\n\t\t\t\t\t<div data-plugin-float-element=\"\" data-plugin-options=\"{&quot;startPos&quot;:&quot;none&quot;,&quot;speed&quot;:&quot;8&quot;,&quot;transition&quot;:true,&quot;horizontal&quot;:false}\" class=\"elementor-widget-wrap elementor-element-populated\">\r\n\t\t\t\t\t\t\t\t<div class=\"elementor-element elementor-element-6ed0cbc scale-2 elementor-widget elementor-widget-image\" data-id=\"6ed0cbc\" data-element_type=\"widget\" data-widget_type=\"image.default\">\n\t\t\t\t<div class=\"elementor-widget-container\">\n\t\t\t\t\t\t\t\t\t\t\t\t\t<img decoding=\"async\" width=\"809\" height=\"606\" src=\"https:\/\/tedegcompany.com\/wp-content\/uploads\/2024\/05\/vibration_testing_and_analysis.jpg\" class=\"attachment-full size-full wp-image-3608\" alt=\"\" srcset=\"https:\/\/tedegcompany.com\/wp-content\/uploads\/2024\/05\/vibration_testing_and_analysis.jpg 809w, https:\/\/tedegcompany.com\/wp-content\/uploads\/2024\/05\/vibration_testing_and_analysis-768x575.jpg 768w, https:\/\/tedegcompany.com\/wp-content\/uploads\/2024\/05\/vibration_testing_and_analysis-463x348.jpg 463w, https:\/\/tedegcompany.com\/wp-content\/uploads\/2024\/05\/vibration_testing_and_analysis-640x480.jpg 640w, https:\/\/tedegcompany.com\/wp-content\/uploads\/2024\/05\/vibration_testing_and_analysis-400x300.jpg 400w, https:\/\/tedegcompany.com\/wp-content\/uploads\/2024\/05\/vibration_testing_and_analysis-367x275.jpg 367w, https:\/\/tedegcompany.com\/wp-content\/uploads\/2024\/05\/vibration_testing_and_analysis-600x449.jpg 600w\" sizes=\"(max-width: 809px) 100vw, 809px\" \/>\t\t\t\t\t\t\t\t\t\t\t\t\t<\/div>\n\t\t\t\t<\/div>\n\t\t\t\t\t<\/div>\r\n\t\t\t\t<\/div>\r\n\t\t\t\t\t<\/div>\r\n\t\t\t\t<\/section>\r\n\t\t\t\t<section class=\"elementor-section elementor-top-section elementor-element elementor-element-77dc47a child-divider elementor-section-content-middle elementor-section-boxed elementor-section-height-default elementor-section-height-default elementor-invisible\" data-id=\"77dc47a\" data-element_type=\"section\" data-settings=\"{&quot;animation&quot;:&quot;fadeInRight&quot;,&quot;animation_delay&quot;:&quot;100&quot;}\">\r\n\t\t\r\n\t\t\t\t\t\t\t<div class=\"elementor-container elementor-column-gap-default\">\r\n\t\t\t\t\t\t\t\t\t\t\t<div class=\"elementor-column elementor-col-33 elementor-top-column elementor-element elementor-element-2f21b36\" data-id=\"2f21b36\" data-element_type=\"column\">\r\n\t\t\t\t\t<div data-plugin-float-element=\"\" data-plugin-options=\"{&quot;startPos&quot;:&quot;none&quot;,&quot;speed&quot;:&quot;8&quot;,&quot;transition&quot;:true,&quot;horizontal&quot;:false}\" class=\"elementor-widget-wrap elementor-element-populated\">\r\n\t\t\t\t\t\t\t\t<div class=\"elementor-element elementor-element-a82f5de scale-2 elementor-widget elementor-widget-image\" data-id=\"a82f5de\" data-element_type=\"widget\" data-widget_type=\"image.default\">\n\t\t\t\t<div class=\"elementor-widget-container\">\n\t\t\t\t\t\t\t\t\t\t\t\t\t<img fetchpriority=\"high\" decoding=\"async\" width=\"514\" height=\"350\" src=\"https:\/\/tedegcompany.com\/wp-content\/uploads\/2024\/04\/structural_analysis.png\" class=\"attachment-full size-full wp-image-3386\" alt=\"\" srcset=\"https:\/\/tedegcompany.com\/wp-content\/uploads\/2024\/04\/structural_analysis.png 514w, https:\/\/tedegcompany.com\/wp-content\/uploads\/2024\/04\/structural_analysis-400x272.png 400w, https:\/\/tedegcompany.com\/wp-content\/uploads\/2024\/04\/structural_analysis-367x250.png 367w\" sizes=\"(max-width: 514px) 100vw, 514px\" \/>\t\t\t\t\t\t\t\t\t\t\t\t\t<\/div>\n\t\t\t\t<\/div>\n\t\t\t\t\t<\/div>\r\n\t\t\t\t<\/div>\r\n\t\t\t\t<div class=\"elementor-column elementor-col-66 elementor-top-column elementor-element elementor-element-a0c52e4\" data-id=\"a0c52e4\" data-element_type=\"column\">\r\n\t\t\t\t\t<div class=\"elementor-widget-wrap elementor-element-populated\">\r\n\t\t\t\t\t\t\t\t<div class=\"elementor-element elementor-element-6c6628c elementor-widget elementor-widget-heading\" data-id=\"6c6628c\" data-element_type=\"widget\" data-widget_type=\"heading.default\">\n\t\t\t\t<div class=\"elementor-widget-container\">\n\t\t\t<h3 class=\"elementor-heading-title elementor-size-default\">\u00d6zel Titre\u015fim Armat\u00fcr Tasar\u0131m\u0131 <strong class=\"font-weight-extra-bold\">ve \u0130malat<\/strong><\/h3>\t\t<\/div>\n\t\t\t\t<\/div>\n\t\t\t\t<div class=\"elementor-element elementor-element-88464a8 elementor-widget elementor-widget-text-editor\" data-id=\"88464a8\" data-element_type=\"widget\" data-widget_type=\"text-editor.default\">\n\t\t\t\t<div class=\"elementor-widget-container\">\n\t\t\t\t\t\t\t<p>\u00dcr\u00fcnlerinizin a\u011f\u0131rl\u0131k merkezine, \u00f6zelliklerine ve toplam a\u011f\u0131rl\u0131\u011f\u0131na g\u00f6re \u00f6zel ihtiya\u00e7lar\u0131na g\u00f6re \u00f6zel titre\u015fim armat\u00fcrleri tasarl\u0131yor ve \u00fcretiyoruz. Bu fikst\u00fcrler, test s\u0131ras\u0131nda \u00fcr\u00fcnleri stabilize ederek do\u011fru veri toplama ve daha g\u00fcvenilir test sonu\u00e7lar\u0131 sa\u011flar.<\/p>\t\t\t\t\t\t<\/div>\n\t\t\t\t<\/div>\n\t\t\t\t\t<\/div>\r\n\t\t\t\t<\/div>\r\n\t\t\t\t\t<\/div>\r\n\t\t\t\t<\/section>\r\n\t\t\t\t<section class=\"elementor-section elementor-top-section elementor-element elementor-element-f5f9a9d child-divider flex-wrap elementor-section-content-middle elementor-section-boxed elementor-section-height-default elementor-section-height-default elementor-invisible\" data-id=\"f5f9a9d\" data-element_type=\"section\" data-settings=\"{&quot;animation&quot;:&quot;fadeInLeft&quot;,&quot;animation_delay&quot;:&quot;100&quot;}\">\r\n\t\t\r\n\t\t\t\t\t\t\t<div class=\"elementor-container elementor-column-gap-default\">\r\n\t\t\t\t\t\t\t\t\t\t\t<div class=\"elementor-column elementor-col-50 elementor-top-column elementor-element elementor-element-b031f7a w-lg-66\" data-id=\"b031f7a\" data-element_type=\"column\">\r\n\t\t\t\t\t<div class=\"elementor-widget-wrap elementor-element-populated\">\r\n\t\t\t\t\t\t\t\t<div class=\"elementor-element elementor-element-89892f9 elementor-widget elementor-widget-heading\" data-id=\"89892f9\" data-element_type=\"widget\" data-widget_type=\"heading.default\">\n\t\t\t\t<div class=\"elementor-widget-container\">\n\t\t\t<h3 class=\"elementor-heading-title elementor-size-default\">Tasar\u0131m <strong class=\"font-weight-extra-bold\">Dan\u0131\u015fmanl\u0131k<\/strong><\/h3>\t\t<\/div>\n\t\t\t\t<\/div>\n\t\t\t\t<div class=\"elementor-element elementor-element-b8525d0 elementor-widget elementor-widget-text-editor\" data-id=\"b8525d0\" data-element_type=\"widget\" data-widget_type=\"text-editor.default\">\n\t\t\t\t<div class=\"elementor-widget-container\">\n\t\t\t\t\t\t\t<p>\u00dcr\u00fcn geli\u015ftirme s\u00fcrecinde, en uygun yap\u0131sal tasar\u0131m stratejilerini belirlemek i\u00e7in m\u00fc\u015fterilerimizin teknik ekipleriyle yak\u0131n i\u015fbirli\u011fi i\u00e7inde \u00e7al\u0131\u015f\u0131yoruz. M\u00fchendislik ilkelerine ve en son teknolojik geli\u015fmelere dayanarak performans\u0131 ve dayan\u0131kl\u0131l\u0131\u011f\u0131 en \u00fcst d\u00fczeye \u00e7\u0131karan tasar\u0131m \u00f6nerileri sunuyoruz.<\/p><p>Hizmetlerimiz, projenin ba\u015f\u0131ndan sonuna kadar kesintisiz destek sa\u011flayarak m\u00fc\u015fterilerimizin s\u00fcrekli olarak en y\u00fcksek standartlarda ve kalitede \u00fcr\u00fcnler geli\u015ftirmesini garanti eder. Bizimle ortakl\u0131k yaparak \u00fcr\u00fcnlerinizin zorlu \u00e7evre ko\u015fullar\u0131nda g\u00fcvenilir ve optimum performans g\u00f6stermesini sa\u011flayabilirsiniz.<\/p>\t\t\t\t\t\t<\/div>\n\t\t\t\t<\/div>\n\t\t\t\t\t<\/div>\r\n\t\t\t\t<\/div>\r\n\t\t\t\t<div class=\"elementor-column elementor-col-50 elementor-top-column elementor-element elementor-element-a743bd2 w-lg-33\" data-id=\"a743bd2\" data-element_type=\"column\">\r\n\t\t\t\t\t<div data-plugin-float-element=\"\" data-plugin-options=\"{&quot;startPos&quot;:&quot;none&quot;,&quot;speed&quot;:&quot;8&quot;,&quot;transition&quot;:true,&quot;horizontal&quot;:false}\" class=\"elementor-widget-wrap elementor-element-populated\">\r\n\t\t\t\t\t\t\t\t<div class=\"elementor-element elementor-element-ac82f56 scale-2 elementor-widget elementor-widget-image\" data-id=\"ac82f56\" data-element_type=\"widget\" data-widget_type=\"image.default\">\n\t\t\t\t<div class=\"elementor-widget-container\">\n\t\t\t\t\t\t\t\t\t\t\t\t\t<img decoding=\"async\" width=\"1000\" height=\"667\" src=\"https:\/\/tedegcompany.com\/wp-content\/uploads\/2024\/05\/Design_Consultancy.png\" class=\"attachment-full size-full wp-image-3610\" alt=\"\" srcset=\"https:\/\/tedegcompany.com\/wp-content\/uploads\/2024\/05\/Design_Consultancy.png 1000w, https:\/\/tedegcompany.com\/wp-content\/uploads\/2024\/05\/Design_Consultancy-768x512.png 768w, https:\/\/tedegcompany.com\/wp-content\/uploads\/2024\/05\/Design_Consultancy-640x427.png 640w, https:\/\/tedegcompany.com\/wp-content\/uploads\/2024\/05\/Design_Consultancy-400x267.png 400w, https:\/\/tedegcompany.com\/wp-content\/uploads\/2024\/05\/Design_Consultancy-367x245.png 367w, https:\/\/tedegcompany.com\/wp-content\/uploads\/2024\/05\/Design_Consultancy-600x400.png 600w\" sizes=\"(max-width: 1000px) 100vw, 1000px\" \/>\t\t\t\t\t\t\t\t\t\t\t\t\t<\/div>\n\t\t\t\t<\/div>\n\t\t\t\t\t<\/div>\r\n\t\t\t\t<\/div>\r\n\t\t\t\t\t<\/div>\r\n\t\t\t\t<\/section>\r\n\t\t\t\t<\/div>","protected":false},"excerpt":{"rendered":"<p>Structural Analysis At TEDEG Engineering, we offer comprehensive structural analysis services that adhere to industry standards, focusing on both dynamic and static vibration testing analysis and design consultancy as outlined in MIL-STD-810G across all categories. Our expertise ensures that each product undergoes rigorous testing to meet the highest standards of durability and performance under various [&hellip;]<\/p>","protected":false},"author":1,"featured_media":0,"parent":1383,"menu_order":0,"comment_status":"closed","ping_status":"closed","template":"","meta":{"footnotes":""},"class_list":["post-2888","page","type-page","status-publish","hentry"],"_links":{"self":[{"href":"https:\/\/tedegcompany.com\/tr\/wp-json\/wp\/v2\/pages\/2888","targetHints":{"allow":["GET"]}}],"collection":[{"href":"https:\/\/tedegcompany.com\/tr\/wp-json\/wp\/v2\/pages"}],"about":[{"href":"https:\/\/tedegcompany.com\/tr\/wp-json\/wp\/v2\/types\/page"}],"author":[{"embeddable":true,"href":"https:\/\/tedegcompany.com\/tr\/wp-json\/wp\/v2\/users\/1"}],"replies":[{"embeddable":true,"href":"https:\/\/tedegcompany.com\/tr\/wp-json\/wp\/v2\/comments?post=2888"}],"version-history":[{"count":22,"href":"https:\/\/tedegcompany.com\/tr\/wp-json\/wp\/v2\/pages\/2888\/revisions"}],"predecessor-version":[{"id":3613,"href":"https:\/\/tedegcompany.com\/tr\/wp-json\/wp\/v2\/pages\/2888\/revisions\/3613"}],"up":[{"embeddable":true,"href":"https:\/\/tedegcompany.com\/tr\/wp-json\/wp\/v2\/pages\/1383"}],"wp:attachment":[{"href":"https:\/\/tedegcompany.com\/tr\/wp-json\/wp\/v2\/media?parent=2888"}],"curies":[{"name":"wp","href":"https:\/\/api.w.org\/{rel}","templated":true}]}}