{"id":2813,"date":"2024-04-07T12:51:35","date_gmt":"2024-04-07T12:51:35","guid":{"rendered":"https:\/\/tedegcompany.com\/?post_type=product&#038;p=2813"},"modified":"2024-05-12T14:09:55","modified_gmt":"2024-05-12T14:09:55","slug":"dc-power-distribution-unit-pdu","status":"publish","type":"product","link":"https:\/\/tedegcompany.com\/tr\/urun\/dc-guc-dagitim-unitesi-pdu\/","title":{"rendered":"DC G\u00fc\u00e7 Da\u011f\u0131t\u0131m Birimi (PDU)"},"content":{"rendered":"<div data-elementor-type=\"product-post\" data-elementor-id=\"2813\" class=\"elementor elementor-2813\" data-elementor-post-type=\"product\">\n\t\t\t\t<div class=\"elementor-element elementor-element-c840b3e e-flex e-con-boxed e-con e-parent\" data-id=\"c840b3e\" data-element_type=\"container\">\n\t\t\t\t\t<div class=\"e-con-inner\">\n\t\t\t\t<div class=\"elementor-element elementor-element-e60e8dc elementor-widget elementor-widget-text-editor\" data-id=\"e60e8dc\" data-element_type=\"widget\" data-widget_type=\"text-editor.default\">\n\t\t\t\t<div class=\"elementor-widget-container\">\n\t\t\t<style>\/*! elementor - v3.21.0 - 30-04-2024 *\/\n.elementor-widget-text-editor.elementor-drop-cap-view-stacked .elementor-drop-cap{background-color:#69727d;color:#fff}.elementor-widget-text-editor.elementor-drop-cap-view-framed .elementor-drop-cap{color:#69727d;border:3px solid;background-color:transparent}.elementor-widget-text-editor:not(.elementor-drop-cap-view-default) .elementor-drop-cap{margin-top:8px}.elementor-widget-text-editor:not(.elementor-drop-cap-view-default) .elementor-drop-cap-letter{width:1em;height:1em}.elementor-widget-text-editor .elementor-drop-cap{float:left;text-align:center;line-height:1;font-size:50px}.elementor-widget-text-editor .elementor-drop-cap-letter{display:inline-block}<\/style>\t\t\t\t<p>Bu \u00fcnite, \u00f6zellikle askeri u\u00e7aklardaki radarlara, ileti\u015fim sistemlerine ve di\u011fer kritik aviyonik sistemlere g\u00fc\u00e7 sa\u011flamak i\u00e7in idealdir. G\u00fc\u00e7 da\u011f\u0131t\u0131m\u0131, ara\u00e7 performans\u0131n\u0131 ve g\u00f6rev s\u00fcresini optimize etmenin yan\u0131 s\u0131ra, sistemler aras\u0131ndaki enerji da\u011f\u0131t\u0131m\u0131n\u0131 dengeleyerek genel operasyonel verimlili\u011fi art\u0131r\u0131r.<\/p><p>DC G\u00fc\u00e7 Da\u011f\u0131t\u0131m Birimi farkl\u0131 ihtiya\u00e7lara hizmet edecek \u015fekilde tasarlanm\u0131\u015f birden fazla \u00e7\u0131k\u0131\u015fa sahiptir. Bu \u00e7\u0131k\u0131\u015flar askeri u\u00e7aklardaki \u00e7e\u015fitli cihazlara g\u00fc\u00e7 sa\u011flamak i\u00e7in optimize edilmi\u015ftir. \u00dcnitenin \u00e7\u0131k\u0131\u015flar\u0131 ve her \u00e7\u0131k\u0131\u015f\u0131n maksimum g\u00fc\u00e7 kapasitesi a\u015fa\u011f\u0131da ayr\u0131nt\u0131l\u0131 olarak listelenmi\u015ftir:<\/p><ul><li>\u00c7\u0131k\u0131\u015f-1: 28Vdc, 800W<\/li><li>\u00c7\u0131k\u0131\u015f-2: 28Vdc, 300W<\/li><li>\u00c7\u0131k\u0131\u015f-3: 28Vdc, 300W<\/li><li>\u00c7\u0131k\u0131\u015f-4: 28Vdc, 200W<\/li><li>\u00c7\u0131k\u0131\u015f-5: 12Vdc, 200W<\/li><li>\u00c7\u0131k\u0131\u015f-6: 12Vdc, 200W<\/li><\/ul>\t\t\t\t\t\t<\/div>\n\t\t\t\t<\/div>\n\t\t\t\t<div class=\"elementor-element elementor-element-d4bd762 elementor-show-heading-yes elementor-widget elementor-widget-woocommerce-product-additional-information\" data-id=\"d4bd762\" data-element_type=\"widget\" data-widget_type=\"woocommerce-product-additional-information.default\">\n\t\t\t\t<div class=\"elementor-widget-container\">\n\t\t\t<link rel=\"stylesheet\" href=\"https:\/\/tedegcompany.com\/wp-content\/plugins\/elementor-pro\/assets\/css\/widget-woocommerce.min.css\">\n\t<h2 data-no-translation=\"\" data-trp-gettext=\"\">\u00dcr\u00fcn \u00d6zellikleri<\/h2>\n\n\t<table class=\"woocommerce-product-attributes shop_attributes table table-striped\">\r\n\t\t\t\t\t<tr class=\"woocommerce-product-attributes-item woocommerce-product-attributes-item--attribute_number-of-entries\">\r\n\t\t\t\t<th class=\"woocommerce-product-attributes-item__label\">Giri\u015f Say\u0131s\u0131<\/th>\r\n\t\t\t\t<td class=\"woocommerce-product-attributes-item__value\"><p>2<\/p>\n<\/td>\r\n\t\t\t<\/tr>\r\n\t\t\t\t\t<tr class=\"woocommerce-product-attributes-item woocommerce-product-attributes-item--attribute_first-input-voltage\">\r\n\t\t\t\t<th class=\"woocommerce-product-attributes-item__label\">\u0130lk Giri\u015f Gerilimi<\/th>\r\n\t\t\t\t<td class=\"woocommerce-product-attributes-item__value\"><p>20-36VDC<\/p>\n<\/td>\r\n\t\t\t<\/tr>\r\n\t\t\t\t\t<tr class=\"woocommerce-product-attributes-item woocommerce-product-attributes-item--attribute_second-input-voltage\">\r\n\t\t\t\t<th class=\"woocommerce-product-attributes-item__label\">\u0130kinci Giri\u015f Gerilimi<\/th>\r\n\t\t\t\t<td class=\"woocommerce-product-attributes-item__value\"><p>27-29 VDC<\/p>\n<\/td>\r\n\t\t\t<\/tr>\r\n\t\t\t\t\t<tr class=\"woocommerce-product-attributes-item woocommerce-product-attributes-item--attribute_number-of-outputs\">\r\n\t\t\t\t<th class=\"woocommerce-product-attributes-item__label\">\u00c7\u0131k\u0131\u015f Say\u0131s\u0131<\/th>\r\n\t\t\t\t<td class=\"woocommerce-product-attributes-item__value\"><p>6 (800W, 300W, 300W, 200W, 200W,200W)<\/p>\n<\/td>\r\n\t\t\t<\/tr>\r\n\t\t\t\t\t<tr class=\"woocommerce-product-attributes-item woocommerce-product-attributes-item--attribute_cooling-method\">\r\n\t\t\t\t<th class=\"woocommerce-product-attributes-item__label\">So\u011futma Y\u00f6ntemi<\/th>\r\n\t\t\t\t<td class=\"woocommerce-product-attributes-item__value\"><p>\u0130letim so\u011futma<\/p>\n<\/td>\r\n\t\t\t<\/tr>\r\n\t\t\t\t\t<tr class=\"woocommerce-product-attributes-item woocommerce-product-attributes-item--attribute_operational-temperature\">\r\n\t\t\t\t<th class=\"woocommerce-product-attributes-item__label\">\u00c7al\u0131\u015fma S\u0131cakl\u0131\u011f\u0131<\/th>\r\n\t\t\t\t<td class=\"woocommerce-product-attributes-item__value\"><p>-40 \u00b0C ila 65 \u00b0C<\/p>\n<\/td>\r\n\t\t\t<\/tr>\r\n\t\t\t\t\t<tr class=\"woocommerce-product-attributes-item woocommerce-product-attributes-item--attribute_storage-temperature\">\r\n\t\t\t\t<th class=\"woocommerce-product-attributes-item__label\">Depolama S\u0131cakl\u0131\u011f\u0131<\/th>\r\n\t\t\t\t<td class=\"woocommerce-product-attributes-item__value\"><p>-60 \u00b0C ila 85 \u00b0C<\/p>\n<\/td>\r\n\t\t\t<\/tr>\r\n\t\t\t\t\t<tr class=\"woocommerce-product-attributes-item woocommerce-product-attributes-item--attribute_mechanical-shock-resistance\">\r\n\t\t\t\t<th class=\"woocommerce-product-attributes-item__label\">Mekanik \u015eok Direnci<\/th>\r\n\t\t\t\t<td class=\"woocommerce-product-attributes-item__value\"><p>0g tepe, yar\u0131m sin\u00fcs, 11ms darbe<\/p>\n<\/td>\r\n\t\t\t<\/tr>\r\n\t\t\t\t\t<tr class=\"woocommerce-product-attributes-item woocommerce-product-attributes-item--attribute_vibration-resistance\">\r\n\t\t\t\t<th class=\"woocommerce-product-attributes-item__label\">Titre\u015fim Direnci<\/th>\r\n\t\t\t\t<td class=\"woocommerce-product-attributes-item__value\"><p>5-500Hz, 2,4g rms<\/p>\n<\/td>\r\n\t\t\t<\/tr>\r\n\t\t\t\t\t<tr class=\"woocommerce-product-attributes-item woocommerce-product-attributes-item--attribute_altitude-compatibility\">\r\n\t\t\t\t<th class=\"woocommerce-product-attributes-item__label\">\u0130rtifa Uyumlulu\u011fu<\/th>\r\n\t\t\t\t<td class=\"woocommerce-product-attributes-item__value\"><p>30.000 fit<\/p>\n<\/td>\r\n\t\t\t<\/tr>\r\n\t\t\t\t\t<tr class=\"woocommerce-product-attributes-item woocommerce-product-attributes-item--attribute_power-capacity\">\r\n\t\t\t\t<th class=\"woocommerce-product-attributes-item__label\">G\u00fc\u00e7 Kapasitesi<\/th>\r\n\t\t\t\t<td class=\"woocommerce-product-attributes-item__value\"><p>1100 Watt<\/p>\n<\/td>\r\n\t\t\t<\/tr>\r\n\t\t\t\t\t<tr class=\"woocommerce-product-attributes-item woocommerce-product-attributes-item--attribute_dimensions-width-length-height\">\r\n\t\t\t\t<th class=\"woocommerce-product-attributes-item__label\">Boyutlar (geni\u015flik, uzunluk, y\u00fckseklik)<\/th>\r\n\t\t\t\t<td class=\"woocommerce-product-attributes-item__value\"><p>160 x 100 x 100 \u00b14 mm<\/p>\n<\/td>\r\n\t\t\t<\/tr>\r\n\t\t\t\t\t<tr class=\"woocommerce-product-attributes-item woocommerce-product-attributes-item--attribute_weight\">\r\n\t\t\t\t<th class=\"woocommerce-product-attributes-item__label\">A\u011f\u0131rl\u0131k<\/th>\r\n\t\t\t\t<td class=\"woocommerce-product-attributes-item__value\"><p>3 kg<\/p>\n<\/td>\r\n\t\t\t<\/tr>\r\n\t\t\t\t\t<tr class=\"woocommerce-product-attributes-item woocommerce-product-attributes-item--attribute_optional-communication-protocols\">\r\n\t\t\t\t<th class=\"woocommerce-product-attributes-item__label\">\u0130ste\u011fe Ba\u011fl\u0131 \u0130leti\u015fim Protokolleri<\/th>\r\n\t\t\t\t<td class=\"woocommerce-product-attributes-item__value\"><p>\u0130ste\u011fe Ba\u011fl\u0131 \u0130leti\u015fim<br \/>\nProtokoller<\/p>\n<\/td>\r\n\t\t\t<\/tr>\r\n\t\t\t\t\t<tr class=\"woocommerce-product-attributes-item woocommerce-product-attributes-item--attribute_connectors\">\r\n\t\t\t\t<th class=\"woocommerce-product-attributes-item__label\">Konekt\u00f6rler<\/th>\r\n\t\t\t\t<td class=\"woocommerce-product-attributes-item__value\"><p>MIL-DTL-24308 (normal yo\u011funluk)<\/p>\n<\/td>\r\n\t\t\t<\/tr>\r\n\t\t\t<\/table>\r\n\r\n\t\t<\/div>\n\t\t\t\t<\/div>\n\t\t\t\t\t<\/div>\n\t\t\t\t<\/div>\n\t\t\t\t<div class=\"elementor-section elementor-top-section elementor-element elementor-element-97290f6 ml-md-4 mr-md-4 elementor-section-content-middle elementor-section-boxed elementor-section-height-default elementor-section-height-default\" data-id=\"97290f6\" data-element_type=\"section\" data-settings=\"{&quot;background_background&quot;:&quot;classic&quot;,&quot;animation&quot;:&quot;none&quot;}\">\r\n\t\t\r\n\t\t\t\t\t\t\t<div class=\"elementor-container elementor-column-gap-default\">\r\n\t\t\t\t\t\t\t\t\t\t\t<div class=\"elementor-column elementor-col-50 elementor-top-column elementor-element elementor-element-3db2dad\" data-id=\"3db2dad\" data-element_type=\"column\">\r\n\t\t\t\t\t<div class=\"elementor-widget-wrap elementor-element-populated\">\r\n\t\t\t\t\t\t\t\t<div class=\"elementor-element elementor-element-0828094 mb-2 elementor-invisible elementor-widget elementor-widget-heading\" data-id=\"0828094\" data-element_type=\"widget\" data-settings=\"{&quot;_animation&quot;:&quot;fadeIn&quot;}\" data-widget_type=\"heading.default\">\n\t\t\t\t<div class=\"elementor-widget-container\">\n\t\t\t<style>\/*! elementor - v3.21.0 - 30-04-2024 *\/\n.elementor-heading-title{padding:0;margin:0;line-height:1}.elementor-widget-heading .elementor-heading-title[class*=elementor-size-]>a{color:inherit;font-size:inherit;line-height:inherit}.elementor-widget-heading .elementor-heading-title.elementor-size-small{font-size:15px}.elementor-widget-heading .elementor-heading-title.elementor-size-medium{font-size:19px}.elementor-widget-heading .elementor-heading-title.elementor-size-large{font-size:29px}.elementor-widget-heading .elementor-heading-title.elementor-size-xl{font-size:39px}.elementor-widget-heading .elementor-heading-title.elementor-size-xxl{font-size:59px}<\/style><h3 class=\"elementor-heading-title elementor-size-default\">TEKN\u0130K D\u00d6K\u00dcMAN - TR<\/h3>\t\t<\/div>\n\t\t\t\t<\/div>\n\t\t\t\t<div class=\"elementor-element elementor-element-dc9c8fd mb-1 elementor-invisible elementor-widget elementor-widget-heading\" data-id=\"dc9c8fd\" data-element_type=\"widget\" data-settings=\"{&quot;_animation&quot;:&quot;fadeIn&quot;}\" data-widget_type=\"heading.default\">\n\t\t\t\t<div class=\"elementor-widget-container\">\n\t\t\t<div class=\"elementor-heading-title elementor-size-default\">DC \u2013 PDU<\/div>\t\t<\/div>\n\t\t\t\t<\/div>\n\t\t\t\t\t<\/div>\r\n\t\t\t\t<\/div>\r\n\t\t\t\t<div class=\"elementor-column elementor-col-50 elementor-top-column elementor-element elementor-element-890a4cb\" data-id=\"890a4cb\" data-element_type=\"column\">\r\n\t\t\t\t\t<div class=\"elementor-widget-wrap elementor-element-populated\">\r\n\t\t\t\t\t\t\t\t<div class=\"elementor-element elementor-element-34d066c wp-button btn-gradient elementor-widget__width-auto elementor-invisible elementor-widget elementor-widget-porto_button\" data-id=\"34d066c\" data-element_type=\"widget\" data-settings=\"{&quot;align&quot;:&quot;right&quot;,&quot;align_tablet&quot;:&quot;left&quot;,&quot;_animation&quot;:&quot;fadeIn&quot;}\" data-widget_type=\"porto_button.default\">\n\t\t\t\t<div class=\"elementor-widget-container\">\n\t\t\t<a aria-label=\"d\u00fc\u011fme\" class=\"btn btn-xl btn-primary btn-modern btn-full-rounded btn-icon\" href=\"https:\/\/tedegcompany.com\/wp-content\/uploads\/2024\/05\/PowerGuard-DC-PDU.pdf\"><i class=\"Simple-Line-Icons-cloud-download\"><\/i><span >\u0130ND\u0130R<\/span><\/a>\t\t<\/div>\n\t\t\t\t<\/div>\n\t\t\t\t\t<\/div>\r\n\t\t\t\t<\/div>\r\n\t\t\t\t\t<\/div>\r\n\t\t\t\t<\/div>\r\n\t\t\t\t<\/div>","protected":false},"excerpt":{"rendered":"<p>PowerGuard \u2013 DC G\u00fc\u00e7 Da\u011f\u0131t\u0131m Birimi, askeri u\u00e7aklar i\u00e7in \u00f6zel olarak tasarlanm\u0131\u015f bir elektrik da\u011f\u0131t\u0131m sistemidir. Bu \u00fcnite, arac\u0131n \u00e7e\u015fitli elektronik ve elektrikli bile\u015fenlerine g\u00fcvenli ve verimli bir \u015fekilde g\u00fc\u00e7 sa\u011flamak i\u00e7in kullan\u0131l\u0131r. \u00d6zellikle askeri uygulamalar i\u00e7in geli\u015ftirilen bu \u00fcnite, zorlu \u00e7evre ko\u015fullar\u0131nda bile y\u00fcksek performans ve g\u00fcvenilirlik sunuyor.<\/p>","protected":false},"featured_media":3636,"template":"","meta":[],"product_cat":[30],"product_tag":[],"class_list":{"0":"post-2813","1":"product","2":"type-product","3":"status-publish","4":"has-post-thumbnail","6":"product_cat-avionics-subsystems","8":"first","9":"instock","10":"shipping-taxable","11":"product-type-simple"},"_links":{"self":[{"href":"https:\/\/tedegcompany.com\/tr\/wp-json\/wp\/v2\/product\/2813","targetHints":{"allow":["GET"]}}],"collection":[{"href":"https:\/\/tedegcompany.com\/tr\/wp-json\/wp\/v2\/product"}],"about":[{"href":"https:\/\/tedegcompany.com\/tr\/wp-json\/wp\/v2\/types\/product"}],"version-history":[{"count":9,"href":"https:\/\/tedegcompany.com\/tr\/wp-json\/wp\/v2\/product\/2813\/revisions"}],"predecessor-version":[{"id":3742,"href":"https:\/\/tedegcompany.com\/tr\/wp-json\/wp\/v2\/product\/2813\/revisions\/3742"}],"wp:featuredmedia":[{"embeddable":true,"href":"https:\/\/tedegcompany.com\/tr\/wp-json\/wp\/v2\/media\/3636"}],"wp:attachment":[{"href":"https:\/\/tedegcompany.com\/tr\/wp-json\/wp\/v2\/media?parent=2813"}],"wp:term":[{"taxonomy":"product_cat","embeddable":true,"href":"https:\/\/tedegcompany.com\/tr\/wp-json\/wp\/v2\/product_cat?post=2813"},{"taxonomy":"product_tag","embeddable":true,"href":"https:\/\/tedegcompany.com\/tr\/wp-json\/wp\/v2\/product_tag?post=2813"}],"curies":[{"name":"wp","href":"https:\/\/api.w.org\/{rel}","templated":true}]}}