{"id":2819,"date":"2024-04-07T12:53:55","date_gmt":"2024-04-07T12:53:55","guid":{"rendered":"https:\/\/tedegcompany.com\/?post_type=product&#038;p=2819"},"modified":"2024-09-23T09:26:15","modified_gmt":"2024-09-23T09:26:15","slug":"auxiliary-power-unit-apu","status":"publish","type":"product","link":"https:\/\/tedegcompany.com\/tr\/urun\/yardimci-guc-unitesi-apu\/","title":{"rendered":"Yard\u0131mc\u0131 G\u00fc\u00e7 \u00dcnitesi (APU)"},"content":{"rendered":"<div data-elementor-type=\"product-post\" data-elementor-id=\"2819\" class=\"elementor elementor-2819\" data-elementor-post-type=\"product\">\n\t\t\t\t<div class=\"elementor-element elementor-element-5532975 e-flex e-con-boxed e-con e-parent\" data-id=\"5532975\" data-element_type=\"container\">\n\t\t\t\t\t<div class=\"e-con-inner\">\n\t\t\t\t<div class=\"elementor-element elementor-element-626517f elementor-widget elementor-widget-text-editor\" data-id=\"626517f\" data-element_type=\"widget\" data-widget_type=\"text-editor.default\">\n\t\t\t\t<div class=\"elementor-widget-container\">\n\t\t\t<style>\/*! elementor - v3.21.0 - 30-04-2024 *\/\n.elementor-widget-text-editor.elementor-drop-cap-view-stacked .elementor-drop-cap{background-color:#69727d;color:#fff}.elementor-widget-text-editor.elementor-drop-cap-view-framed .elementor-drop-cap{color:#69727d;border:3px solid;background-color:transparent}.elementor-widget-text-editor:not(.elementor-drop-cap-view-default) .elementor-drop-cap{margin-top:8px}.elementor-widget-text-editor:not(.elementor-drop-cap-view-default) .elementor-drop-cap-letter{width:1em;height:1em}.elementor-widget-text-editor .elementor-drop-cap{float:left;text-align:center;line-height:1;font-size:50px}.elementor-widget-text-editor .elementor-drop-cap-letter{display:inline-block}<\/style>\t\t\t\t<p><strong>APU teknolojisi \u00e7e\u015fitli avantajlar sunar:<\/strong><\/p><ul><li><strong>Sessiz \u00c7al\u0131\u015fma<\/strong>: APU&#039;lar sessiz \u00e7al\u0131\u015f\u0131r ve gizli operasyonlar i\u00e7in arac\u0131n g\u00fcr\u00fclt\u00fc izini en aza indirir.<\/li><li><strong>Yak\u0131t verimlili\u011fi<\/strong>: APU&#039;lar g\u00f6revleri ana motordan devralarak yak\u0131t tasarrufu sa\u011flar ve motor \u00f6mr\u00fcn\u00fc uzat\u0131r.<\/li><li><strong>S\u00fcrekli G\u00fc\u00e7<\/strong>: Silah sistemleri, ileti\u015fim ekipmanlar\u0131, iklim kontrol\u00fc gibi kritik sistemler, motor bak\u0131m\u0131 veya yak\u0131t ikmali s\u0131ras\u0131nda dahi kesintisiz \u00e7al\u0131\u015fabilmektedir.<\/li><\/ul><p><strong>Kolay Kontrol i\u00e7in Ak\u0131ll\u0131 \u00d6zellikler<\/strong><\/p><p>APU&#039;lar kullan\u0131c\u0131 dostu IP7 kontrol \u00fcniteleriyle donat\u0131lm\u0131\u015ft\u0131r. Bu dijital aray\u00fczler s\u0131cakl\u0131k, yak\u0131t seviyesi ve ak\u00fc voltaj\u0131 gibi hayati bilgileri g\u00f6r\u00fcnt\u00fcleyerek operat\u00f6rlerin sistem sa\u011fl\u0131\u011f\u0131n\u0131 ger\u00e7ek zamanl\u0131 olarak izlemesine olanak tan\u0131r. Ayr\u0131ca kontrol \u00fcnitesi daha fazla esneklik i\u00e7in hem otomatik hem de manuel ba\u015flatma se\u00e7enekleri sunar.<\/p><p><span style=\"letter-spacing: 0.005em; text-align: var(--text-align); color: var(--porto-body-color);\">Temelde APU&#039;lar, askeri ara\u00e7lar\u0131n ana motor kapal\u0131yken bile \u00e7al\u0131\u015f\u0131r durumda ve g\u00f6reve haz\u0131r kalmas\u0131n\u0131 sa\u011flayan ak\u0131ll\u0131 sistemlerdir.<\/span><\/p>\t\t\t\t\t\t<\/div>\n\t\t\t\t<\/div>\n\t\t\t\t<div class=\"elementor-element elementor-element-952cb94 elementor-show-heading-yes elementor-widget elementor-widget-woocommerce-product-additional-information\" data-id=\"952cb94\" data-element_type=\"widget\" data-widget_type=\"woocommerce-product-additional-information.default\">\n\t\t\t\t<div class=\"elementor-widget-container\">\n\t\t\t<link rel=\"stylesheet\" href=\"https:\/\/tedegcompany.com\/wp-content\/plugins\/elementor-pro\/assets\/css\/widget-woocommerce.min.css\">\n\t<h2 data-no-translation=\"\" data-trp-gettext=\"\">\u00dcr\u00fcn \u00d6zellikleri<\/h2>\n\n\t<table class=\"woocommerce-product-attributes shop_attributes table table-striped\">\r\n\t\t\t\t\t<tr class=\"woocommerce-product-attributes-item woocommerce-product-attributes-item--attribute_output-voltage\">\r\n\t\t\t\t<th class=\"woocommerce-product-attributes-item__label\">\u00c7\u0131k\u0131\u015f Gerilimi<\/th>\r\n\t\t\t\t<td class=\"woocommerce-product-attributes-item__value\"><p>28 VDC<\/p>\n<\/td>\r\n\t\t\t<\/tr>\r\n\t\t\t\t\t<tr class=\"woocommerce-product-attributes-item woocommerce-product-attributes-item--attribute_engine-power\">\r\n\t\t\t\t<th class=\"woocommerce-product-attributes-item__label\">Motor g\u00fcc\u00fc<\/th>\r\n\t\t\t\t<td class=\"woocommerce-product-attributes-item__value\"><p>21 kW<\/p>\n<\/td>\r\n\t\t\t<\/tr>\r\n\t\t\t\t\t<tr class=\"woocommerce-product-attributes-item woocommerce-product-attributes-item--attribute_engine-height\">\r\n\t\t\t\t<th class=\"woocommerce-product-attributes-item__label\">Motor Y\u00fcksekli\u011fi<\/th>\r\n\t\t\t\t<td class=\"woocommerce-product-attributes-item__value\"><p>410mm<\/p>\n<\/td>\r\n\t\t\t<\/tr>\r\n\t\t\t\t\t<tr class=\"woocommerce-product-attributes-item woocommerce-product-attributes-item--attribute_apu-dimensions\">\r\n\t\t\t\t<th class=\"woocommerce-product-attributes-item__label\">APU Boyutlar\u0131<\/th>\r\n\t\t\t\t<td class=\"woocommerce-product-attributes-item__value\"><p>410 mm, Y\u00fckseklik<br \/>\n1320 mm Uzunluk,<br \/>\n770 mm, Geni\u015flik<\/p>\n<\/td>\r\n\t\t\t<\/tr>\r\n\t\t\t\t\t<tr class=\"woocommerce-product-attributes-item woocommerce-product-attributes-item--attribute_operatingtemperature\">\r\n\t\t\t\t<th class=\"woocommerce-product-attributes-item__label\">\u00c7al\u0131\u015fma s\u0131cakl\u0131\u011f\u0131<\/th>\r\n\t\t\t\t<td class=\"woocommerce-product-attributes-item__value\"><p>-30\u00b0C \u2013 +49\u00b0C<\/p>\n<\/td>\r\n\t\t\t<\/tr>\r\n\t\t\t\t\t<tr class=\"woocommerce-product-attributes-item woocommerce-product-attributes-item--attribute_storage-temperature\">\r\n\t\t\t\t<th class=\"woocommerce-product-attributes-item__label\">Depolama S\u0131cakl\u0131\u011f\u0131<\/th>\r\n\t\t\t\t<td class=\"woocommerce-product-attributes-item__value\"><p>-40\u00b0C \u2013 +60\u00b0C<\/p>\n<\/td>\r\n\t\t\t<\/tr>\r\n\t\t\t\t\t<tr class=\"woocommerce-product-attributes-item woocommerce-product-attributes-item--attribute_integrated-cooling-system\">\r\n\t\t\t\t<th class=\"woocommerce-product-attributes-item__label\">Entegre So\u011futma Sistemi<\/th>\r\n\t\t\t\t<td class=\"woocommerce-product-attributes-item__value\"><p>Su So\u011futmal\u0131<\/p>\n<\/td>\r\n\t\t\t<\/tr>\r\n\t\t\t\t\t<tr class=\"woocommerce-product-attributes-item woocommerce-product-attributes-item--attribute_system-weight\">\r\n\t\t\t\t<th class=\"woocommerce-product-attributes-item__label\">Sistem A\u011f\u0131rl\u0131\u011f\u0131<\/th>\r\n\t\t\t\t<td class=\"woocommerce-product-attributes-item__value\"><p>420 \u00b110 kg<\/p>\n<\/td>\r\n\t\t\t<\/tr>\r\n\t\t\t<\/table>\r\n\r\n\t\t<\/div>\n\t\t\t\t<\/div>\n\t\t\t\t\t<\/div>\n\t\t\t\t<\/div>\n\t\t\t\t<div class=\"elementor-section elementor-top-section elementor-element elementor-element-0b1c40a ml-md-4 mr-md-4 elementor-section-content-middle elementor-section-boxed elementor-section-height-default elementor-section-height-default\" data-id=\"0b1c40a\" data-element_type=\"section\" data-settings=\"{&quot;background_background&quot;:&quot;classic&quot;,&quot;animation&quot;:&quot;none&quot;}\">\r\n\t\t\r\n\t\t\t\t\t\t\t<div class=\"elementor-container elementor-column-gap-default\">\r\n\t\t\t\t\t\t\t\t\t\t\t<div class=\"elementor-column elementor-col-50 elementor-top-column elementor-element elementor-element-fd19387\" data-id=\"fd19387\" data-element_type=\"column\">\r\n\t\t\t\t\t<div class=\"elementor-widget-wrap elementor-element-populated\">\r\n\t\t\t\t\t\t\t\t<div class=\"elementor-element elementor-element-38d1519 mb-2 elementor-invisible elementor-widget elementor-widget-heading\" data-id=\"38d1519\" data-element_type=\"widget\" data-settings=\"{&quot;_animation&quot;:&quot;fadeIn&quot;}\" data-widget_type=\"heading.default\">\n\t\t\t\t<div class=\"elementor-widget-container\">\n\t\t\t<style>\/*! elementor - v3.21.0 - 30-04-2024 *\/\n.elementor-heading-title{padding:0;margin:0;line-height:1}.elementor-widget-heading .elementor-heading-title[class*=elementor-size-]>a{color:inherit;font-size:inherit;line-height:inherit}.elementor-widget-heading .elementor-heading-title.elementor-size-small{font-size:15px}.elementor-widget-heading .elementor-heading-title.elementor-size-medium{font-size:19px}.elementor-widget-heading .elementor-heading-title.elementor-size-large{font-size:29px}.elementor-widget-heading .elementor-heading-title.elementor-size-xl{font-size:39px}.elementor-widget-heading .elementor-heading-title.elementor-size-xxl{font-size:59px}<\/style><h3 class=\"elementor-heading-title elementor-size-default\">TEKN\u0130K D\u00d6K\u00dcMAN - TR<\/h3>\t\t<\/div>\n\t\t\t\t<\/div>\n\t\t\t\t<div class=\"elementor-element elementor-element-82a6228 mb-1 elementor-invisible elementor-widget elementor-widget-heading\" data-id=\"82a6228\" data-element_type=\"widget\" data-settings=\"{&quot;_animation&quot;:&quot;fadeIn&quot;}\" data-widget_type=\"heading.default\">\n\t\t\t\t<div class=\"elementor-widget-container\">\n\t\t\t<div class=\"elementor-heading-title elementor-size-default\">TDG-21-YGG-DS<\/div>\t\t<\/div>\n\t\t\t\t<\/div>\n\t\t\t\t\t<\/div>\r\n\t\t\t\t<\/div>\r\n\t\t\t\t<div class=\"elementor-column elementor-col-50 elementor-top-column elementor-element elementor-element-672313b\" data-id=\"672313b\" data-element_type=\"column\">\r\n\t\t\t\t\t<div class=\"elementor-widget-wrap elementor-element-populated\">\r\n\t\t\t\t\t\t\t\t<div class=\"elementor-element elementor-element-d3a2ce6 wp-button btn-gradient elementor-widget__width-auto elementor-invisible elementor-widget elementor-widget-porto_button\" data-id=\"d3a2ce6\" data-element_type=\"widget\" data-settings=\"{&quot;align&quot;:&quot;right&quot;,&quot;align_tablet&quot;:&quot;left&quot;,&quot;_animation&quot;:&quot;fadeIn&quot;}\" data-widget_type=\"porto_button.default\">\n\t\t\t\t<div class=\"elementor-widget-container\">\n\t\t\t<a aria-label=\"d\u00fc\u011fme\" class=\"btn btn-xl btn-primary btn-modern btn-full-rounded btn-icon\" href=\"https:\/\/tedegcompany.com\/wp-content\/uploads\/2024\/05\/TDG-21-YGG-DS-APU-SYSTEM.pdf\"><i class=\"Simple-Line-Icons-cloud-download\"><\/i><span >\u0130ND\u0130R<\/span><\/a>\t\t<\/div>\n\t\t\t\t<\/div>\n\t\t\t\t\t<\/div>\r\n\t\t\t\t<\/div>\r\n\t\t\t\t\t<\/div>\r\n\t\t\t\t<\/div>\r\n\t\t\t\t<\/div>","protected":false},"excerpt":{"rendered":"<p>Talep \u00dczerine Yerle\u015fik G\u00fc\u00e7: APU&#039;lar Z\u0131rhl\u0131 Ara\u00e7lar\u0131n \u00c7al\u0131\u015fmas\u0131n\u0131 Nas\u0131l Sa\u011flar?<\/p>\n<p>Askeri ara\u00e7lar, ana motor kapal\u0131yken bile kritik sistemleri \u00e7al\u0131\u015ft\u0131rmak i\u00e7in sabit bir enerji kayna\u011f\u0131na ihtiya\u00e7 duyar. Yard\u0131mc\u0131 G\u00fc\u00e7 \u00dcniteleri (APU&#039;lar) bu rol\u00fc \u00fcstlenerek motorun \u00e7al\u0131\u015ft\u0131r\u0131lmas\u0131na gerek kalmadan elektrik g\u00fcc\u00fc ve iklim kontrol\u00fc sa\u011flar.<\/p>\n<p>Jenerat\u00f6rlerin aksine APU&#039;lar arac\u0131n tasar\u0131m\u0131na kusursuz bir \u015fekilde entegre olur. Hacimli pillere veya ayr\u0131 yak\u0131t depolar\u0131na ihtiya\u00e7 duymazlar ve yerden tasarruf sa\u011flayan bir \u00e7\u00f6z\u00fcm sunarlar. 2 kW ile 100 kW aras\u0131nda de\u011fi\u015fen \u00f6zelle\u015ftirilebilir g\u00fc\u00e7 \u00e7\u0131k\u0131\u015flar\u0131yla APU&#039;lar her arac\u0131n \u00f6zel ihtiya\u00e7lar\u0131n\u0131 kar\u015f\u0131layabilir.<\/p>\n<p>Motor \u00d6mr\u00fcn\u00fcn \u00d6tesinde Faydalar\u0131<\/p>","protected":false},"featured_media":3712,"template":"","meta":[],"product_cat":[34,33],"product_tag":[],"class_list":{"0":"post-2819","1":"product","2":"type-product","3":"status-publish","4":"has-post-thumbnail","6":"product_cat-military-truck-mounted-platform-power-systems","7":"product_cat-military-vehicle-subsystems","9":"first","10":"instock","11":"shipping-taxable","12":"product-type-simple"},"_links":{"self":[{"href":"https:\/\/tedegcompany.com\/tr\/wp-json\/wp\/v2\/product\/2819","targetHints":{"allow":["GET"]}}],"collection":[{"href":"https:\/\/tedegcompany.com\/tr\/wp-json\/wp\/v2\/product"}],"about":[{"href":"https:\/\/tedegcompany.com\/tr\/wp-json\/wp\/v2\/types\/product"}],"version-history":[{"count":18,"href":"https:\/\/tedegcompany.com\/tr\/wp-json\/wp\/v2\/product\/2819\/revisions"}],"predecessor-version":[{"id":4761,"href":"https:\/\/tedegcompany.com\/tr\/wp-json\/wp\/v2\/product\/2819\/revisions\/4761"}],"wp:featuredmedia":[{"embeddable":true,"href":"https:\/\/tedegcompany.com\/tr\/wp-json\/wp\/v2\/media\/3712"}],"wp:attachment":[{"href":"https:\/\/tedegcompany.com\/tr\/wp-json\/wp\/v2\/media?parent=2819"}],"wp:term":[{"taxonomy":"product_cat","embeddable":true,"href":"https:\/\/tedegcompany.com\/tr\/wp-json\/wp\/v2\/product_cat?post=2819"},{"taxonomy":"product_tag","embeddable":true,"href":"https:\/\/tedegcompany.com\/tr\/wp-json\/wp\/v2\/product_tag?post=2819"}],"curies":[{"name":"wp","href":"https:\/\/api.w.org\/{rel}","templated":true}]}}