{"id":2930,"date":"2024-04-08T10:54:33","date_gmt":"2024-04-08T10:54:33","guid":{"rendered":"https:\/\/tedegcompany.com\/?post_type=product&#038;p=2930"},"modified":"2025-11-10T09:28:42","modified_gmt":"2025-11-10T09:28:42","slug":"ac-dc-converter","status":"publish","type":"product","link":"https:\/\/tedegcompany.com\/tr\/urun\/ac-dc-donusturucu\/","title":{"rendered":"AC\/DC D\u00f6n\u00fc\u015ft\u00fcr\u00fcc\u00fc"},"content":{"rendered":"<div data-elementor-type=\"product-post\" data-elementor-id=\"2930\" class=\"elementor elementor-2930\" data-elementor-post-type=\"product\">\n\t\t\t\t<div class=\"elementor-element elementor-element-bde5ba5 e-flex e-con-boxed e-con e-parent\" data-id=\"bde5ba5\" data-element_type=\"container\">\n\t\t\t\t\t<div class=\"e-con-inner\">\n\t\t\t\t<div class=\"elementor-element elementor-element-ab2523f elementor-widget elementor-widget-text-editor\" data-id=\"ab2523f\" data-element_type=\"widget\" data-widget_type=\"text-editor.default\">\n\t\t\t\t<div class=\"elementor-widget-container\">\n\t\t\t<style>\/*! elementor - v3.21.0 - 30-04-2024 *\/\n.elementor-widget-text-editor.elementor-drop-cap-view-stacked .elementor-drop-cap{background-color:#69727d;color:#fff}.elementor-widget-text-editor.elementor-drop-cap-view-framed .elementor-drop-cap{color:#69727d;border:3px solid;background-color:transparent}.elementor-widget-text-editor:not(.elementor-drop-cap-view-default) .elementor-drop-cap{margin-top:8px}.elementor-widget-text-editor:not(.elementor-drop-cap-view-default) .elementor-drop-cap-letter{width:1em;height:1em}.elementor-widget-text-editor .elementor-drop-cap{float:left;text-align:center;line-height:1;font-size:50px}.elementor-widget-text-editor .elementor-drop-cap-letter{display:inline-block}<\/style>\t\t\t\t<h2 data-start=\"1427\" data-end=\"1451\"><strong data-start=\"1430\" data-end=\"1451\">Kullan\u0131m Alanlar\u0131<\/strong><\/h2><p data-start=\"1453\" data-end=\"1753\">The PowerGuard-A1000 is designed for defense and industrial systems that require reliable conversion from AC mains to regulated DC power under harsh environmental conditions.<br data-start=\"1627\" data-end=\"1630\" \/>Its wide input frequency range (45\u2013420 Hz) and high efficiency make it suitable for both land-based and airborne platforms.<\/p><p data-start=\"1755\" data-end=\"1784\">Typical applications include:<\/p><ul data-start=\"1786\" data-end=\"2287\"><li data-start=\"1786\" data-end=\"1879\"><p data-start=\"1788\" data-end=\"1879\"><strong data-start=\"1788\" data-end=\"1822\">Military and tactical vehicles<\/strong> \u2013 Providing stable 24 VDC from onboard AC power sources.<\/p><\/li><li data-start=\"1880\" data-end=\"1978\"><p data-start=\"1882\" data-end=\"1978\"><strong data-start=\"1882\" data-end=\"1924\">Mobile command and communication units<\/strong> \u2013 Supplying radios, routers, and control electronics.<\/p><\/li><li data-start=\"1979\" data-end=\"2074\"><p data-start=\"1981\" data-end=\"2074\"><strong data-start=\"1981\" data-end=\"2021\">Field surveillance and radar systems<\/strong> \u2013 Powering outdoor or shelter-based sensor networks.<\/p><\/li><li data-start=\"2075\" data-end=\"2171\"><p data-start=\"2077\" data-end=\"2171\"><strong data-start=\"2077\" data-end=\"2109\">Naval and airborne platforms<\/strong> \u2013 Operating on 400 Hz AC grids with stable output regulation.<\/p><\/li><li data-start=\"2172\" data-end=\"2287\"><p data-start=\"2174\" data-end=\"2287\"><strong data-start=\"2174\" data-end=\"2210\">Industrial and emergency systems<\/strong> \u2013 Fanless IP67 solution for critical communication and monitoring equipment.<\/p><\/li><\/ul><p data-start=\"2289\" data-end=\"2449\">With its rugged design and conduction-cooled thermal path, PowerGuard-A1000 ensures 24\/7 mission reliability for vehicle, base, and field power infrastructures.<\/p><hr data-start=\"2451\" data-end=\"2454\" \/><h2 data-start=\"2456\" data-end=\"2480\"><strong data-start=\"2459\" data-end=\"2480\">GEL\u0130\u015eM\u0130\u015e \u00d6ZELL\u0130KLER<\/strong><\/h2><h3 data-start=\"2482\" data-end=\"2521\"><strong data-start=\"2486\" data-end=\"2521\">Fanless and Fully Sealed Design<\/strong><\/h3><p data-start=\"2522\" data-end=\"2832\">The PowerGuard-A1000 is built with a fully sealed aluminum enclosure and a fanless thermal architecture, ensuring reliable operation under dust, moisture, vibration, and shock.<br data-start=\"2698\" data-end=\"2701\" \/>All heat is dissipated through a conduction-cooled baseplate, enabling silent operation and zero maintenance in harsh environments.<\/p><h3 data-start=\"2834\" data-end=\"2880\"><strong data-start=\"2838\" data-end=\"2880\">Wide Input Frequency Range (45\u2013420 Hz)<\/strong><\/h3><p data-start=\"2881\" data-end=\"3124\">The converter supports both standard 50\/60 Hz and high-frequency 400 Hz military power grids.<br data-start=\"2974\" data-end=\"2977\" \/>At elevated frequencies, power factor decreases slightly, but overall system performance remains stable when properly filtered at the system level.<\/p><h3 data-start=\"3126\" data-end=\"3170\"><strong data-start=\"3130\" data-end=\"3170\">Active Power Factor Correction (PFC)<\/strong><\/h3><p data-start=\"3171\" data-end=\"3433\">An integrated PFC circuit ensures PF &gt; 0.99 at 50\/60 Hz operation, minimizing input harmonic distortion and maximizing efficiency.<br data-start=\"3301\" data-end=\"3304\" \/>At 400 Hz input, PF typically ranges from 0.75 to 0.8, and this should be considered when sizing fuses, cabling, and EMI filters.<\/p><h3 data-start=\"3435\" data-end=\"3474\"><strong data-start=\"3439\" data-end=\"3474\">Rugged MIL-DTL-38999 Connectors<\/strong><\/h3><p data-start=\"3475\" data-end=\"3663\">All power and signal interfaces utilize MIL-DTL-38999 Series III connectors for 360\u00b0 EMI shielding, vibration resistance, and environmental sealing \u2014 ideal for harsh military applications.<\/p><h3 data-start=\"3665\" data-end=\"3711\"><strong data-start=\"3669\" data-end=\"3711\">Remote Monitoring &amp; Control (Optional)<\/strong><\/h3><p data-start=\"3712\" data-end=\"3935\">Optional Ethernet, CAN-Bus, or RS-485 interfaces allow remote monitoring, configuration, and diagnostics.<br data-start=\"3817\" data-end=\"3820\" \/>A Remote Commander Control Box accessory provides remote ON\/OFF functionality and alarm reset for field operations.<\/p><h3 data-start=\"3937\" data-end=\"3963\"><strong data-start=\"3941\" data-end=\"3963\">MIL-STD Compliance<\/strong><\/h3><p data-start=\"3964\" data-end=\"4206\">PowerGuard-A1000 is designed to meet MIL-STD-810 (environmental) and MIL-STD-461 (EMC) standards.<br data-start=\"4061\" data-end=\"4064\" \/>Its sealed, IP67-rated housing ensures reliable operation in outdoor or vehicle-mounted systems exposed to dust, water, and mechanical stress.<\/p>\t\t\t\t\t\t<\/div>\n\t\t\t\t<\/div>\n\t\t\t\t<div class=\"elementor-element elementor-element-3605784 elementor-show-heading-yes elementor-widget elementor-widget-woocommerce-product-additional-information\" data-id=\"3605784\" data-element_type=\"widget\" data-widget_type=\"woocommerce-product-additional-information.default\">\n\t\t\t\t<div class=\"elementor-widget-container\">\n\t\t\t<link rel=\"stylesheet\" href=\"https:\/\/tedegcompany.com\/wp-content\/plugins\/elementor-pro\/assets\/css\/widget-woocommerce.min.css\">\n\t<h2 data-no-translation=\"\" data-trp-gettext=\"\">\u00dcr\u00fcn \u00d6zellikleri<\/h2>\n\n\t\t<\/div>\n\t\t\t\t<\/div>\n\t\t\t\t\t<\/div>\n\t\t\t\t<\/div>\n\t\t\t\t<div class=\"elementor-section elementor-top-section elementor-element elementor-element-1fb8b39 ml-md-4 mr-md-4 elementor-section-content-middle elementor-section-boxed elementor-section-height-default elementor-section-height-default\" data-id=\"1fb8b39\" data-element_type=\"section\" data-settings=\"{&quot;background_background&quot;:&quot;classic&quot;,&quot;animation&quot;:&quot;none&quot;}\">\r\n\t\t\r\n\t\t\t\t\t\t\t<div class=\"elementor-container elementor-column-gap-default\">\r\n\t\t\t\t\t\t\t\t\t\t\t<div class=\"elementor-column elementor-col-50 elementor-top-column elementor-element elementor-element-4681d77\" data-id=\"4681d77\" data-element_type=\"column\">\r\n\t\t\t\t\t<div class=\"elementor-widget-wrap elementor-element-populated\">\r\n\t\t\t\t\t\t\t\t<div class=\"elementor-element elementor-element-7784d25 mb-2 elementor-invisible elementor-widget elementor-widget-heading\" data-id=\"7784d25\" data-element_type=\"widget\" data-settings=\"{&quot;_animation&quot;:&quot;fadeIn&quot;}\" data-widget_type=\"heading.default\">\n\t\t\t\t<div class=\"elementor-widget-container\">\n\t\t\t<style>\/*! elementor - v3.21.0 - 30-04-2024 *\/\n.elementor-heading-title{padding:0;margin:0;line-height:1}.elementor-widget-heading .elementor-heading-title[class*=elementor-size-]>a{color:inherit;font-size:inherit;line-height:inherit}.elementor-widget-heading .elementor-heading-title.elementor-size-small{font-size:15px}.elementor-widget-heading .elementor-heading-title.elementor-size-medium{font-size:19px}.elementor-widget-heading .elementor-heading-title.elementor-size-large{font-size:29px}.elementor-widget-heading .elementor-heading-title.elementor-size-xl{font-size:39px}.elementor-widget-heading .elementor-heading-title.elementor-size-xxl{font-size:59px}<\/style><h3 class=\"elementor-heading-title elementor-size-default\">TEKN\u0130K D\u00d6K\u00dcMAN - TR<\/h3>\t\t<\/div>\n\t\t\t\t<\/div>\n\t\t\t\t\t<\/div>\r\n\t\t\t\t<\/div>\r\n\t\t\t\t<div class=\"elementor-column elementor-col-50 elementor-top-column elementor-element elementor-element-322964f\" data-id=\"322964f\" data-element_type=\"column\">\r\n\t\t\t\t\t<div class=\"elementor-widget-wrap elementor-element-populated\">\r\n\t\t\t\t\t\t\t\t<div class=\"elementor-element elementor-element-8f61b70 wp-button btn-gradient elementor-widget__width-auto elementor-invisible elementor-widget elementor-widget-porto_button\" data-id=\"8f61b70\" data-element_type=\"widget\" data-settings=\"{&quot;align&quot;:&quot;right&quot;,&quot;align_tablet&quot;:&quot;left&quot;,&quot;_animation&quot;:&quot;fadeIn&quot;}\" data-widget_type=\"porto_button.default\">\n\t\t\t\t<div class=\"elementor-widget-container\">\n\t\t\t<a aria-label=\"d\u00fc\u011fme\" class=\"btn btn-xl btn-primary btn-modern btn-full-rounded btn-icon\" href=\"https:\/\/tedegcompany.com\/wp-content\/uploads\/2025\/11\/PowerGuard-A1000-\u2014-AC-DC-Mil-Spec-Power-Supply.pdf\"><i class=\"Simple-Line-Icons-cloud-download\"><\/i><span >\u0130ND\u0130R<\/span><\/a>\t\t<\/div>\n\t\t\t\t<\/div>\n\t\t\t\t\t<\/div>\r\n\t\t\t\t<\/div>\r\n\t\t\t\t\t<\/div>\r\n\t\t\t\t<\/div>\r\n\t\t\t\t<\/div>","protected":false},"excerpt":{"rendered":"<p data-start=\"133\" data-end=\"495\">PowerGuard-A1000 is a high-efficiency, fanless AC-DC power conversion unit developed by Tedge Defence for use in demanding military and field environments.<br data-start=\"288\" data-end=\"291\" \/>It operates from a single-phase 99 \u2013 264 VAC input over a 45 \u2013 420 Hz frequency range and delivers a regulated 24 VDC \/ 1 kW continuous output, sustaining full-load operation up to +55\u00b0C without derating.<\/p>\n<p data-start=\"497\" data-end=\"811\">With its fully sealed aluminum enclosure and conduction-cooled baseplate, the PowerGuard-A1000 is designed for outdoor and vehicle use under rain, dust, vibration, and shock.<br data-start=\"671\" data-end=\"674\" \/>The fanless design eliminates moving parts, ensuring silent operation, high reliability, and minimal maintenance over long-term missions.<\/p>\n<p data-start=\"813\" data-end=\"1177\">Power and signal interfaces utilize MIL-DTL-38999 Series III connectors for environmental sealing and EMI integrity.<br data-start=\"929\" data-end=\"932\" \/>Optional Ethernet, CAN-Bus, or RS-485 communication interfaces enable remote monitoring, configuration, and diagnostic reporting.<br data-start=\"1061\" data-end=\"1064\" \/>A rugged Remote Commander Control Box accessory allows remote ON\/OFF control and alarm reset in field conditions.<\/p>\n<p data-start=\"813\" data-end=\"1177\">The PowerGuard-A1000 is designed to meet MIL-STD-810 (environmental) and MIL-STD-461 (EMC) requirements, providing reliable 24\/7 power delivery for military vehicles, mobile command units, radar systems, and tactical communication platforms.<\/p>","protected":false},"featured_media":5519,"template":"","meta":[],"product_cat":[30,31,32,34,33],"product_tag":[],"class_list":{"0":"post-2930","1":"product","2":"type-product","3":"status-publish","4":"has-post-thumbnail","6":"product_cat-avionics-subsystems","7":"product_cat-ground-support-system-solutions","8":"product_cat-marine-subsystems","9":"product_cat-military-truck-mounted-platform-power-systems","10":"product_cat-military-vehicle-subsystems","12":"first","13":"instock","14":"shipping-taxable","15":"product-type-simple"},"_links":{"self":[{"href":"https:\/\/tedegcompany.com\/tr\/wp-json\/wp\/v2\/product\/2930","targetHints":{"allow":["GET"]}}],"collection":[{"href":"https:\/\/tedegcompany.com\/tr\/wp-json\/wp\/v2\/product"}],"about":[{"href":"https:\/\/tedegcompany.com\/tr\/wp-json\/wp\/v2\/types\/product"}],"version-history":[{"count":15,"href":"https:\/\/tedegcompany.com\/tr\/wp-json\/wp\/v2\/product\/2930\/revisions"}],"predecessor-version":[{"id":5532,"href":"https:\/\/tedegcompany.com\/tr\/wp-json\/wp\/v2\/product\/2930\/revisions\/5532"}],"wp:featuredmedia":[{"embeddable":true,"href":"https:\/\/tedegcompany.com\/tr\/wp-json\/wp\/v2\/media\/5519"}],"wp:attachment":[{"href":"https:\/\/tedegcompany.com\/tr\/wp-json\/wp\/v2\/media?parent=2930"}],"wp:term":[{"taxonomy":"product_cat","embeddable":true,"href":"https:\/\/tedegcompany.com\/tr\/wp-json\/wp\/v2\/product_cat?post=2930"},{"taxonomy":"product_tag","embeddable":true,"href":"https:\/\/tedegcompany.com\/tr\/wp-json\/wp\/v2\/product_tag?post=2930"}],"curies":[{"name":"wp","href":"https:\/\/api.w.org\/{rel}","templated":true}]}}