{"id":3005,"date":"2024-04-08T14:20:16","date_gmt":"2024-04-08T14:20:16","guid":{"rendered":"https:\/\/tedegcompany.com\/?post_type=product&#038;p=3005"},"modified":"2024-09-23T09:23:09","modified_gmt":"2024-09-23T09:23:09","slug":"power-management-and-distribution-system","status":"publish","type":"product","link":"https:\/\/tedegcompany.com\/tr\/urun\/guc-yonetimi-ve-dagitim-sistemi\/","title":{"rendered":"G\u00fc\u00e7 Y\u00f6netim ve Da\u011f\u0131t\u0131m Sistemi"},"content":{"rendered":"<div id=\"comp-lr3ewrkk1\" class=\"HcOXKn c9GqVL QxJLC3 comp-lr3ewrkk1 wixui-rich-text\" data-testid=\"richTextElement\">\n<p class=\"font_8 wixui-rich-text__text\"><span class=\"wixui-rich-text__text\">Askeri ara\u00e7lar\u0131n g\u00fc\u00e7 y\u00f6netimi ve da\u011f\u0131t\u0131m sistemindeki g\u00fc\u00e7 giri\u015f birimleri tipik olarak a\u015fa\u011f\u0131daki bile\u015fenlerden olu\u015fur:<\/span><span class=\"wixui-rich-text__text\"><span class=\"wixGuard wixui-rich-text__text\">\u200b<\/span><\/span><\/p>\n<\/div>\n<div id=\"comp-lr3hyigi\" class=\"HcOXKn c9GqVL QxJLC3 comp-lr3hyigi wixui-rich-text\" data-testid=\"richTextElement\">\n<ul>\n<li class=\"font_8 wixui-rich-text__text\"><span class=\"wixui-rich-text__text\">Ak\u00fcler: Ak\u00fcler arac\u0131n birincil g\u00fc\u00e7 kayna\u011f\u0131d\u0131r. Ak\u00fc, motor \u00e7al\u0131\u015f\u0131rken \u015farj edilir ve motor durduruldu\u011funda arac\u0131n elektrik sistemlerine g\u00fc\u00e7 sa\u011flar.<\/span><\/li>\n<li class=\"font_8 wixui-rich-text__text\"><span class=\"wixui-rich-text__text\">Jenerat\u00f6rler: Jenerat\u00f6rler ara\u00e7 hareket halindeyken g\u00fc\u00e7 \u00fcretir. Jenerat\u00f6rler genellikle dizel veya benzinli motorlarla \u00e7al\u0131\u015f\u0131r.<\/span><\/li>\n<li class=\"font_8 wixui-rich-text__text\"><span class=\"wixui-rich-text__text\">G\u00fc\u00e7 d\u00f6n\u00fc\u015ft\u00fcr\u00fcc\u00fcler: G\u00fc\u00e7 d\u00f6n\u00fc\u015ft\u00fcr\u00fcc\u00fcler, bir voltaj veya frekans t\u00fcr\u00fcnden di\u011ferine d\u00f6n\u00fc\u015ft\u00fcrmek i\u00e7in kullan\u0131l\u0131r. \u00d6rne\u011fin bir g\u00fc\u00e7 d\u00f6n\u00fc\u015ft\u00fcr\u00fcc\u00fc, arac\u0131n 24 volt DC ak\u00fc voltaj\u0131n\u0131 120 volt AC \u015febeke voltaj\u0131na d\u00f6n\u00fc\u015ft\u00fcrebilir.<\/span><\/li>\n<\/ul>\n<\/div>\n<div id=\"comp-lr3ewrkm5\" class=\"HcOXKn c9GqVL QxJLC3 comp-lr3ewrkm5 wixui-rich-text\" data-testid=\"richTextElement\">\n<p class=\"font_8 wixui-rich-text__text\"><span class=\"wixui-rich-text__text\">Askeri ara\u00e7lardaki g\u00fc\u00e7 y\u00f6netimi ve da\u011f\u0131t\u0131m sistemi a\u015fa\u011f\u0131daki i\u015flevleri yerine getirir:<\/span><\/p>\n<ul>\n<li class=\"font_8 wixui-rich-text__text\"><span class=\"wixui-rich-text__text\">Arac\u0131n elektrik sistemlerine g\u00fc\u00e7 sa\u011flar.<\/span><\/li>\n<li class=\"font_8 wixui-rich-text__text\"><span class=\"wixui-rich-text__text\">Arac\u0131n elektrik sistemlerini korur.<\/span><\/li>\n<li class=\"font_8 wixui-rich-text__text\"><span class=\"wixui-rich-text__text\">Arac\u0131n elektrik sistemlerinin verimli ve g\u00fcvenilir \u015fekilde \u00e7al\u0131\u015fmas\u0131n\u0131 sa\u011flar.<\/span><\/li>\n<\/ul>\n<\/div>","protected":false},"excerpt":{"rendered":"<p>Askeri ara\u00e7larda g\u00fc\u00e7 y\u00f6netimi ve da\u011f\u0131t\u0131m sistemi, arac\u0131n t\u00fcm elektrik sistemlerinin d\u00fczg\u00fcn \u00e7al\u0131\u015fmas\u0131n\u0131 sa\u011flayan kritik bir bile\u015fendir. Bu sistem arac\u0131n alt sistemlerine, g\u00f6rev sistemine, elektrikli ekipmanlar\u0131na ve elektronik sistemlerine g\u00fc\u00e7 sa\u011flar.<\/p>","protected":false},"featured_media":3008,"template":"","meta":[],"product_cat":[31,32,34,33],"product_tag":[],"class_list":{"0":"post-3005","1":"product","2":"type-product","3":"status-publish","4":"has-post-thumbnail","6":"product_cat-ground-support-system-solutions","7":"product_cat-marine-subsystems","8":"product_cat-military-truck-mounted-platform-power-systems","9":"product_cat-military-vehicle-subsystems","11":"first","12":"instock","13":"shipping-taxable","14":"product-type-simple"},"_links":{"self":[{"href":"https:\/\/tedegcompany.com\/tr\/wp-json\/wp\/v2\/product\/3005","targetHints":{"allow":["GET"]}}],"collection":[{"href":"https:\/\/tedegcompany.com\/tr\/wp-json\/wp\/v2\/product"}],"about":[{"href":"https:\/\/tedegcompany.com\/tr\/wp-json\/wp\/v2\/types\/product"}],"version-history":[{"count":2,"href":"https:\/\/tedegcompany.com\/tr\/wp-json\/wp\/v2\/product\/3005\/revisions"}],"predecessor-version":[{"id":5470,"href":"https:\/\/tedegcompany.com\/tr\/wp-json\/wp\/v2\/product\/3005\/revisions\/5470"}],"wp:featuredmedia":[{"embeddable":true,"href":"https:\/\/tedegcompany.com\/tr\/wp-json\/wp\/v2\/media\/3008"}],"wp:attachment":[{"href":"https:\/\/tedegcompany.com\/tr\/wp-json\/wp\/v2\/media?parent=3005"}],"wp:term":[{"taxonomy":"product_cat","embeddable":true,"href":"https:\/\/tedegcompany.com\/tr\/wp-json\/wp\/v2\/product_cat?post=3005"},{"taxonomy":"product_tag","embeddable":true,"href":"https:\/\/tedegcompany.com\/tr\/wp-json\/wp\/v2\/product_tag?post=3005"}],"curies":[{"name":"wp","href":"https:\/\/api.w.org\/{rel}","templated":true}]}}