{"id":3626,"date":"2024-05-02T19:14:57","date_gmt":"2024-05-02T19:14:57","guid":{"rendered":"https:\/\/tedegcompany.com\/?post_type=product&#038;p=3626"},"modified":"2024-05-12T14:07:19","modified_gmt":"2024-05-12T14:07:19","slug":"battery-management-and-charger-system","status":"publish","type":"product","link":"https:\/\/tedegcompany.com\/tr\/urun\/pil-yonetimi-ve-sarj-sistemi\/","title":{"rendered":"Ak\u00fc Y\u00f6netim ve \u015earj Sistemi"},"content":{"rendered":"<div data-elementor-type=\"product-post\" data-elementor-id=\"3626\" class=\"elementor elementor-3626\" data-elementor-post-type=\"product\">\n\t\t\t\t<div class=\"elementor-element elementor-element-01ab87f e-flex e-con-boxed e-con e-parent\" data-id=\"01ab87f\" data-element_type=\"container\">\n\t\t\t\t\t<div class=\"e-con-inner\">\n\t\t\t\t<div class=\"elementor-element elementor-element-3bd6230 elementor-widget elementor-widget-text-editor\" data-id=\"3bd6230\" data-element_type=\"widget\" data-widget_type=\"text-editor.default\">\n\t\t\t\t<div class=\"elementor-widget-container\">\n\t\t\t<style>\/*! elementor - v3.21.0 - 30-04-2024 *\/\n.elementor-widget-text-editor.elementor-drop-cap-view-stacked .elementor-drop-cap{background-color:#69727d;color:#fff}.elementor-widget-text-editor.elementor-drop-cap-view-framed .elementor-drop-cap{color:#69727d;border:3px solid;background-color:transparent}.elementor-widget-text-editor:not(.elementor-drop-cap-view-default) .elementor-drop-cap{margin-top:8px}.elementor-widget-text-editor:not(.elementor-drop-cap-view-default) .elementor-drop-cap-letter{width:1em;height:1em}.elementor-widget-text-editor .elementor-drop-cap{float:left;text-align:center;line-height:1;font-size:50px}.elementor-widget-text-editor .elementor-drop-cap-letter{display:inline-block}<\/style>\t\t\t\t<p><strong>PowerGuard BMS sisteminin \u00f6nemli faydalar\u0131 \u015funlard\u0131r:<\/strong><\/p><ul><li><span style=\"text-decoration: underline;\">Pil \u00f6mr\u00fcn\u00fc uzat\u0131r<\/span><\/li><li><span style=\"text-decoration: underline;\">Pili art\u0131r\u0131r <\/span><span style=\"text-decoration: underline;\">verim<\/span><\/li><li><span style=\"text-decoration: underline;\">Pil ar\u0131zalar\u0131n\u0131 \u00f6nler<\/span><\/li><li><span style=\"text-decoration: underline;\">G\u00fcvenlik risklerini azalt\u0131r<\/span><\/li><li><span style=\"text-decoration: underline;\">\u015earj s\u00fcrecini optimize eder<\/span><\/li><li><span style=\"text-decoration: underline;\">Kullan\u0131c\u0131ya pil hakk\u0131nda bilgi verir<\/span><\/li><li><span style=\"text-decoration: underline;\">PowerGuard BMS sistemi pil y\u00f6netimi i\u00e7in ideal bir \u00e7\u00f6z\u00fcmd\u00fcr\u00a0<\/span><span style=\"text-decoration: underline;\">Z\u0131rhl\u0131 ara\u00e7lar. Bu sistem performans\u0131 ve \u00f6mr\u00fc uzatmaya yard\u0131mc\u0131 olur\u00a0<\/span><span style=\"text-decoration: underline;\">ak\u00fclerin g\u00fcvenli ve verimli \u00e7al\u0131\u015fmas\u0131n\u0131 sa\u011flayarak ara\u00e7lar\u0131n<\/span><\/li><li>Tedeg Savunma, PowerGuard BMS sistemini anahtar teslim sistem olarak m\u00fc\u015fterilerine sunmaktad\u0131r. Sistem a\u015fa\u011f\u0131daki bile\u015fenlerden olu\u015fur:<\/li><\/ul><p><span style=\"text-align: var(--text-align);\"><b>PowerGuard BMS Sistem Bile\u015fenleri<\/b><\/span>:<\/p><ul><li><strong>Kontrol \u00dcnitesi (Ak\u00fc \u015earj \u00dcnitesi)<\/strong>: PowerGuard BMS sisteminin beyni olan kontrol \u00fcnitesi, ak\u00fcleri izler ve \u015farj s\u00fcrecini kontrol eder. Ayr\u0131ca uzaktan kumanda \u00fcnitesi ve pil kontrol ve \u00f6l\u00e7\u00fcm kutular\u0131 ile de haberle\u015fir.<\/li><li><b>Uzaktan Kumanda \u00dcnitesi<\/b>: Kullan\u0131c\u0131n\u0131n sistemi uzaktan izlemesine ve kontrol etmesine olanak tan\u0131yan uzaktan kumanda \u00fcnitesi, pil durumunu g\u00f6r\u00fcnt\u00fclemek, \u015farj\u0131 ba\u015flatmak ve durdurmak ve alarm e\u015fiklerini ayarlamak i\u00e7in kullan\u0131labilir.<\/li><li><b>Ak\u00fc Kontrol ve \u00d6l\u00e7\u00fcm Kutusu (\u015e\u00f6nt)<\/b>: Her ak\u00fcn\u00fcn yan\u0131na monte edilen ak\u00fc kontrol ve \u00f6l\u00e7\u00fcm kutular\u0131 ak\u00fcn\u00fcn voltaj\u0131n\u0131, ak\u0131m\u0131n\u0131 ve s\u0131cakl\u0131\u011f\u0131n\u0131 izler ve bu verileri kontrol \u00fcnitesine g\u00f6nderir.<\/li><li><b>Pil S\u0131cakl\u0131k Sens\u00f6r\u00fc<\/b>: Ak\u00fclere ba\u011flanan ak\u00fc s\u0131cakl\u0131k sens\u00f6rleri ak\u00fclerin s\u0131cakl\u0131\u011f\u0131n\u0131 \u00f6l\u00e7er. Bu veriler a\u015f\u0131r\u0131 \u015farj\u0131n ve a\u015f\u0131r\u0131 \u0131s\u0131nman\u0131n \u00f6nlenmesine yard\u0131mc\u0131 olmak i\u00e7in kontrol \u00fcnitesine g\u00f6nderilir.<\/li><li><b>Askeri Elektrik Tesisat\u0131<\/b>: Sistemin bile\u015fenlerini birbirine ba\u011flayan kablolama ve kablolama askeri elektrik tesisat\u0131d\u0131r.<\/li><\/ul><p>PowerGuard BMS sistemi tek bir kontrol \u00fcnitesi taraf\u0131ndan kontrol edilir. Bu kontrol \u00fcnitesi hem Ak\u00fc Y\u00f6netim Sistemini hem de Ak\u00fc \u015earj \u00dcnitesini kontrol eder. Bu kontrol \u00fcnitesi Ak\u00fc Y\u00f6netim ve \u015earj Kontrol \u00dcnitesi olarak adland\u0131r\u0131lmaktad\u0131r ve ara\u00e7 i\u00e7erisinde bulunmaktad\u0131r.<\/p><p>Ak\u00fc Y\u00f6netim Sisteminden gelen ak\u00fc bilgileri ve hatalar, Ak\u00fc Y\u00f6netimi ve \u015earj Cihaz\u0131 Kontrol \u00dcnitesinde toplan\u0131r ve kontrol edilir.<\/p><p>Ak\u00fc Y\u00f6netim ve \u015earj Kontrol Birimi&#039;nde toplanan t\u00fcm bilgiler buradan uzaktan kumandaya g\u00f6nderilir, uzaktan kumandadan gelen t\u00fcm komutlar ise Ak\u00fc Y\u00f6netim ve \u015earj Kontrol Birimi&#039;nden sisteme da\u011f\u0131t\u0131l\u0131r.<\/p><p><strong>A\u015fa\u011f\u0131da sistem \u00e7al\u0131\u015fma senaryosunun daha ayr\u0131nt\u0131l\u0131 bir a\u00e7\u0131klamas\u0131 verilmi\u015ftir:<\/strong><\/p><ul><li><strong>Pil \u0130zleme<\/strong>: Ak\u00fc Y\u00f6netim Sistemi, sistemdeki her ak\u00fcn\u00fcn voltaj\u0131n\u0131, ak\u0131m\u0131n\u0131 ve s\u0131cakl\u0131\u011f\u0131n\u0131 izler. Bu veriler Pil Y\u00f6netimi ve \u015earj Cihaz\u0131 Kontrol \u00dcnitesine g\u00f6nderilir.<\/li><li><strong>Pil Kontrol\u00fc<\/strong>: Pil Y\u00f6netimi ve \u015earj Cihaz\u0131 Kontrol Birimi, \u015farj i\u015flemini kontrol etmek i\u00e7in pil verilerini kullan\u0131r. Pillerin g\u00fcvenli ve verimli bir \u015fekilde \u015farj edilmesini sa\u011flar, a\u015f\u0131r\u0131 \u015farj olmalar\u0131n\u0131, a\u015f\u0131r\u0131 \u0131s\u0131nmalar\u0131n\u0131 veya ar\u0131zalanmalar\u0131n\u0131 \u00f6nler.<\/li><li><strong>Uzaktan kumanda<\/strong>: Kullan\u0131c\u0131 uzaktan kumanda \u00fcnitesini kullanarak sistemi izleyebilir ve kontrol edebilir. Pil durumunu g\u00f6r\u00fcnt\u00fcleyebilir, \u015farj\u0131 ba\u015flatabilir ve durdurabilir ve alarm e\u015fiklerini ayarlayabilirler.<\/li><li><strong>Sistem Tan\u0131lamas\u0131<\/strong>: Pil Y\u00f6netim Sistemi, pil sorunlar\u0131n\u0131 te\u015fhis eder ve kullan\u0131c\u0131y\u0131 olas\u0131 sorunlara kar\u015f\u0131 uyar\u0131r.<\/li><\/ul>\t\t\t\t\t\t<\/div>\n\t\t\t\t<\/div>\n\t\t\t\t<div class=\"elementor-element elementor-element-680bf68 elementor-show-heading-yes elementor-widget elementor-widget-woocommerce-product-additional-information\" data-id=\"680bf68\" data-element_type=\"widget\" data-widget_type=\"woocommerce-product-additional-information.default\">\n\t\t\t\t<div class=\"elementor-widget-container\">\n\t\t\t<link rel=\"stylesheet\" href=\"https:\/\/tedegcompany.com\/wp-content\/plugins\/elementor-pro\/assets\/css\/widget-woocommerce.min.css\">\n\t<h2 data-no-translation=\"\" data-trp-gettext=\"\">\u00dcr\u00fcn \u00d6zellikleri<\/h2>\n\n\t<table class=\"woocommerce-product-attributes shop_attributes table table-striped\">\r\n\t\t\t\t\t<tr class=\"woocommerce-product-attributes-item woocommerce-product-attributes-item--attribute_maximum-current\">\r\n\t\t\t\t<th class=\"woocommerce-product-attributes-item__label\">Maksimum Ak\u0131m<\/th>\r\n\t\t\t\t<td class=\"woocommerce-product-attributes-item__value\"><p>200 Amper<\/p>\n<\/td>\r\n\t\t\t<\/tr>\r\n\t\t\t\t\t<tr class=\"woocommerce-product-attributes-item woocommerce-product-attributes-item--attribute_starter-motor-input\">\r\n\t\t\t\t<th class=\"woocommerce-product-attributes-item__label\">Mar\u015f Motoru Giri\u015fi<\/th>\r\n\t\t\t\t<td class=\"woocommerce-product-attributes-item__value\"><p>Evet<\/p>\n<\/td>\r\n\t\t\t<\/tr>\r\n\t\t\t\t\t<tr class=\"woocommerce-product-attributes-item woocommerce-product-attributes-item--attribute_battery-voltage\">\r\n\t\t\t\t<th class=\"woocommerce-product-attributes-item__label\">Batarya voltaj\u0131<\/th>\r\n\t\t\t\t<td class=\"woocommerce-product-attributes-item__value\"><p>12-24 VDC<\/p>\n<\/td>\r\n\t\t\t<\/tr>\r\n\t\t\t\t\t<tr class=\"woocommerce-product-attributes-item woocommerce-product-attributes-item--attribute_weight\">\r\n\t\t\t\t<th class=\"woocommerce-product-attributes-item__label\">A\u011f\u0131rl\u0131k<\/th>\r\n\t\t\t\t<td class=\"woocommerce-product-attributes-item__value\"><p>26 lbs (Pil \u015earj Cihaz\u0131yla birlikte)<\/p>\n<\/td>\r\n\t\t\t<\/tr>\r\n\t\t\t\t\t<tr class=\"woocommerce-product-attributes-item woocommerce-product-attributes-item--attribute_ac-input-voltage\">\r\n\t\t\t\t<th class=\"woocommerce-product-attributes-item__label\">AC Giri\u015f Gerilimi<\/th>\r\n\t\t\t\t<td class=\"woocommerce-product-attributes-item__value\"><p>90-264VAC<\/p>\n<\/td>\r\n\t\t\t<\/tr>\r\n\t\t\t\t\t<tr class=\"woocommerce-product-attributes-item woocommerce-product-attributes-item--attribute_ac-input-frequency\">\r\n\t\t\t\t<th class=\"woocommerce-product-attributes-item__label\">AC Giri\u015f Frekans\u0131<\/th>\r\n\t\t\t\t<td class=\"woocommerce-product-attributes-item__value\"><p>50\/60 Hz<\/p>\n<\/td>\r\n\t\t\t<\/tr>\r\n\t\t\t\t\t<tr class=\"woocommerce-product-attributes-item woocommerce-product-attributes-item--attribute_ac-input-current\">\r\n\t\t\t\t<th class=\"woocommerce-product-attributes-item__label\">AC Giri\u015f Ak\u0131m\u0131<\/th>\r\n\t\t\t\t<td class=\"woocommerce-product-attributes-item__value\"><p>7-28 AMPER@230 V AC<\/p>\n<\/td>\r\n\t\t\t<\/tr>\r\n\t\t\t\t\t<tr class=\"woocommerce-product-attributes-item woocommerce-product-attributes-item--attribute_output-supply-voltage\">\r\n\t\t\t\t<th class=\"woocommerce-product-attributes-item__label\">\u00c7\u0131k\u0131\u015f (Besleme) Gerilimi<\/th>\r\n\t\t\t\t<td class=\"woocommerce-product-attributes-item__value\"><p>28 VDC<\/p>\n<\/td>\r\n\t\t\t<\/tr>\r\n\t\t\t\t\t<tr class=\"woocommerce-product-attributes-item woocommerce-product-attributes-item--attribute_output-current\">\r\n\t\t\t\t<th class=\"woocommerce-product-attributes-item__label\">\u00c7\u0131k\u0131\u015f Ak\u0131m\u0131<\/th>\r\n\t\t\t\t<td class=\"woocommerce-product-attributes-item__value\"><p>20-200 AMPER MAKS.@ 28V DC<\/p>\n<\/td>\r\n\t\t\t<\/tr>\r\n\t\t\t\t\t<tr class=\"woocommerce-product-attributes-item woocommerce-product-attributes-item--attribute_military-standard-compliance\">\r\n\t\t\t\t<th class=\"woocommerce-product-attributes-item__label\">Askeri Standartlara Uygunluk<\/th>\r\n\t\t\t\t<td class=\"woocommerce-product-attributes-item__value\"><p>MIL-STD-810G, MIL-STD-461F<\/p>\n<\/td>\r\n\t\t\t<\/tr>\r\n\t\t\t\t\t<tr class=\"woocommerce-product-attributes-item woocommerce-product-attributes-item--attribute_temperature-dependent-automatic-supply\">\r\n\t\t\t\t<th class=\"woocommerce-product-attributes-item__label\">S\u0131cakl\u0131\u011fa Ba\u011fl\u0131 Otomatik Besleme<\/th>\r\n\t\t\t\t<td class=\"woocommerce-product-attributes-item__value\"><p>Evet<\/p>\n<\/td>\r\n\t\t\t<\/tr>\r\n\t\t\t\t\t<tr class=\"woocommerce-product-attributes-item woocommerce-product-attributes-item--attribute_short-circuit-protection\">\r\n\t\t\t\t<th class=\"woocommerce-product-attributes-item__label\">\u2022\tShort Circuit Protection\u2022\tK\u0131sa devre koruma mekanizmalar\u0131yla donat\u0131lm\u0131\u015ft\u0131r.<\/th>\r\n\t\t\t\t<td class=\"woocommerce-product-attributes-item__value\"><p>Evet<\/p>\n<\/td>\r\n\t\t\t<\/tr>\r\n\t\t\t\t\t<tr class=\"woocommerce-product-attributes-item woocommerce-product-attributes-item--attribute_data-collection-with-communication-connections\">\r\n\t\t\t\t<th class=\"woocommerce-product-attributes-item__label\">\u0130leti\u015fim Ba\u011flant\u0131lar\u0131 ile Veri Toplama<\/th>\r\n\t\t\t\t<td class=\"woocommerce-product-attributes-item__value\"><p>Evet<\/p>\n<\/td>\r\n\t\t\t<\/tr>\r\n\t\t\t\t\t<tr class=\"woocommerce-product-attributes-item woocommerce-product-attributes-item--attribute_reading-output-current\">\r\n\t\t\t\t<th class=\"woocommerce-product-attributes-item__label\">\u00c7\u0131k\u0131\u015f Ak\u0131m\u0131n\u0131 Okuma<\/th>\r\n\t\t\t\t<td class=\"woocommerce-product-attributes-item__value\"><p>Evet<\/p>\n<\/td>\r\n\t\t\t<\/tr>\r\n\t\t\t\t\t<tr class=\"woocommerce-product-attributes-item woocommerce-product-attributes-item--attribute_displaying-supply-voltage-and-output-current-on-screen\">\r\n\t\t\t\t<th class=\"woocommerce-product-attributes-item__label\">Besleme Gerilimi ve \u00c7\u0131k\u0131\u015f Ak\u0131m\u0131n\u0131n Ekranda G\u00f6r\u00fcnt\u00fclenmesi<\/th>\r\n\t\t\t\t<td class=\"woocommerce-product-attributes-item__value\"><p>Evet<\/p>\n<\/td>\r\n\t\t\t<\/tr>\r\n\t\t\t\t\t<tr class=\"woocommerce-product-attributes-item woocommerce-product-attributes-item--attribute_direct-communication-with-battery-management-system\">\r\n\t\t\t\t<th class=\"woocommerce-product-attributes-item__label\">Ak\u00fc Y\u00f6netim Sistemi ile Do\u011frudan \u0130leti\u015fim<\/th>\r\n\t\t\t\t<td class=\"woocommerce-product-attributes-item__value\"><p>Evet<\/p>\n<\/td>\r\n\t\t\t<\/tr>\r\n\t\t\t\t\t<tr class=\"woocommerce-product-attributes-item woocommerce-product-attributes-item--attribute_temperature-dependent-supply-current-change\">\r\n\t\t\t\t<th class=\"woocommerce-product-attributes-item__label\">S\u0131cakl\u0131\u011fa Ba\u011fl\u0131 Besleme Ak\u0131m\u0131 De\u011fi\u015fimi<\/th>\r\n\t\t\t\t<td class=\"woocommerce-product-attributes-item__value\"><p>100% 70 \u00b0C&#039;ye kadar<br \/>\n80% 80 \u00b0C&#039;ye kadar<br \/>\n50% 90 \u00b0C&#039;ye kadar<br \/>\n100 \u00b0C ve \u00fczerinde kapan\u0131r (bu \u00f6zellikler<br \/>\nM\u00fc\u015fteri \u00f6zel istekleri do\u011frultusunda de\u011fi\u015fiklik yap\u0131lm\u0131\u015ft\u0131r.)<\/p>\n<\/td>\r\n\t\t\t<\/tr>\r\n\t\t\t<\/table>\r\n\r\n\t\t<\/div>\n\t\t\t\t<\/div>\n\t\t\t\t\t<\/div>\n\t\t\t\t<\/div>\n\t\t\t\t<div class=\"elementor-section elementor-top-section elementor-element elementor-element-2f927a8 ml-md-4 mr-md-4 elementor-section-content-middle elementor-section-boxed elementor-section-height-default elementor-section-height-default\" data-id=\"2f927a8\" data-element_type=\"section\" data-settings=\"{&quot;background_background&quot;:&quot;classic&quot;,&quot;animation&quot;:&quot;none&quot;}\">\r\n\t\t\r\n\t\t\t\t\t\t\t<div class=\"elementor-container elementor-column-gap-default\">\r\n\t\t\t\t\t\t\t\t\t\t\t<div class=\"elementor-column elementor-col-50 elementor-top-column elementor-element elementor-element-ea72098\" data-id=\"ea72098\" data-element_type=\"column\">\r\n\t\t\t\t\t<div class=\"elementor-widget-wrap elementor-element-populated\">\r\n\t\t\t\t\t\t\t\t<div class=\"elementor-element elementor-element-cea2b81 mb-2 elementor-invisible elementor-widget elementor-widget-heading\" data-id=\"cea2b81\" data-element_type=\"widget\" data-settings=\"{&quot;_animation&quot;:&quot;fadeIn&quot;}\" data-widget_type=\"heading.default\">\n\t\t\t\t<div class=\"elementor-widget-container\">\n\t\t\t<style>\/*! elementor - v3.21.0 - 30-04-2024 *\/\n.elementor-heading-title{padding:0;margin:0;line-height:1}.elementor-widget-heading .elementor-heading-title[class*=elementor-size-]>a{color:inherit;font-size:inherit;line-height:inherit}.elementor-widget-heading .elementor-heading-title.elementor-size-small{font-size:15px}.elementor-widget-heading .elementor-heading-title.elementor-size-medium{font-size:19px}.elementor-widget-heading .elementor-heading-title.elementor-size-large{font-size:29px}.elementor-widget-heading .elementor-heading-title.elementor-size-xl{font-size:39px}.elementor-widget-heading .elementor-heading-title.elementor-size-xxl{font-size:59px}<\/style><h3 class=\"elementor-heading-title elementor-size-default\">TEKN\u0130K D\u00d6K\u00dcMAN - TR<\/h3>\t\t<\/div>\n\t\t\t\t<\/div>\n\t\t\t\t<div class=\"elementor-element elementor-element-88956f5 mb-1 elementor-invisible elementor-widget elementor-widget-heading\" data-id=\"88956f5\" data-element_type=\"widget\" data-settings=\"{&quot;_animation&quot;:&quot;fadeIn&quot;}\" data-widget_type=\"heading.default\">\n\t\t\t\t<div class=\"elementor-widget-container\">\n\t\t\t<div class=\"elementor-heading-title elementor-size-default\">AK\u00dc Y\u00d6NET\u0130M VE \u015eARJ S\u0130STEM\u0130<\/div>\t\t<\/div>\n\t\t\t\t<\/div>\n\t\t\t\t\t<\/div>\r\n\t\t\t\t<\/div>\r\n\t\t\t\t<div class=\"elementor-column elementor-col-50 elementor-top-column elementor-element elementor-element-d325e12\" data-id=\"d325e12\" data-element_type=\"column\">\r\n\t\t\t\t\t<div class=\"elementor-widget-wrap elementor-element-populated\">\r\n\t\t\t\t\t\t\t\t<div class=\"elementor-element elementor-element-a60c61f wp-button btn-gradient elementor-widget__width-auto elementor-invisible elementor-widget elementor-widget-porto_button\" data-id=\"a60c61f\" data-element_type=\"widget\" data-settings=\"{&quot;align&quot;:&quot;right&quot;,&quot;align_tablet&quot;:&quot;left&quot;,&quot;_animation&quot;:&quot;fadeIn&quot;}\" data-widget_type=\"porto_button.default\">\n\t\t\t\t<div class=\"elementor-widget-container\">\n\t\t\t<a aria-label=\"d\u00fc\u011fme\" class=\"btn btn-xl btn-primary btn-modern btn-full-rounded btn-icon\" href=\"https:\/\/tedegcompany.com\/wp-content\/uploads\/2024\/05\/PowerGuard-Battery-Management-System-.pdf\"><i class=\"Simple-Line-Icons-cloud-download\"><\/i><span >\u0130ND\u0130R<\/span><\/a>\t\t<\/div>\n\t\t\t\t<\/div>\n\t\t\t\t\t<\/div>\r\n\t\t\t\t<\/div>\r\n\t\t\t\t\t<\/div>\r\n\t\t\t\t<\/div>\r\n\t\t\t\t<\/div>","protected":false},"excerpt":{"rendered":"<p>PowerGuard BMS, z\u0131rhl\u0131 ara\u00e7lardaki ak\u00fclerin \u015farj\u0131n\u0131 izlemek, optimize etmek ve kontrol etmek i\u00e7in kullan\u0131lan bir ak\u00fc y\u00f6netim ve \u015farj sistemidir. Bu sistem, pillerin a\u015f\u0131r\u0131 \u015farj edilmesini, a\u015f\u0131r\u0131 \u0131s\u0131nmas\u0131n\u0131 veya ar\u0131zalanmas\u0131n\u0131 \u00f6nlemek i\u00e7in pil voltaj\u0131n\u0131, ak\u0131m\u0131n\u0131 ve s\u0131cakl\u0131\u011f\u0131n\u0131 kontrol eder. Ayr\u0131ca pilin performans kayb\u0131n\u0131 test etmek i\u00e7in de kullan\u0131l\u0131r.<\/p>\n<p>BMS Sistemi ak\u00fclere ait t\u00fcm bilgileri, hatalar\u0131 ve acil durumlar\u0131 kullan\u0131c\u0131ya sunarken, Tedeg kendi geli\u015ftirdi\u011fi yenilikle sisteme ak\u00fc \u015farj \u00fcnitesi ekleyerek komple bir sistem geli\u015ftirmi\u015ftir.<\/p>\n<p>PowerGuard BMS Batarya y\u00f6netimi, yeni geli\u015ftirilen batarya dengeleme \u00f6zelli\u011fi ile sistemdeki ana ara\u00e7 bataryalar\u0131 ve silah kulesi bataryalar\u0131n\u0131 e\u015fitleme \u00f6zelli\u011fine sahiptir. Bu \u00f6zellik, ara\u00e7 ak\u00fcleri doldu\u011funda otomatik olarak \u00e7\u0131k\u0131\u015f verir, silah ak\u00fclerini sisteme ba\u011flar ve ara\u00e7 ak\u00fclerinde \u015farj i\u015flemini de i\u00e7erir.<\/p>\n<p>PowerGuard BMS ak\u00fc y\u00f6netim ve \u015farj sistemi z\u0131rhl\u0131 ara\u00e7larda kritik \u00f6neme sahiptir. Bu sistem ak\u00fclerin g\u00fcvenli ve verimli \u00e7al\u0131\u015fmas\u0131n\u0131 sa\u011flayarak ara\u00e7lar\u0131n performans\u0131n\u0131n ve \u00f6mr\u00fcn\u00fcn uzat\u0131lmas\u0131na yard\u0131mc\u0131 olur. Ayr\u0131ca sistem ak\u00fc ar\u0131zalar\u0131n\u0131n da \u00f6n\u00fcne ge\u00e7erek yang\u0131n ve patlama gibi g\u00fcvenlik risklerini de azalt\u0131yor.<\/p>","protected":false},"featured_media":3627,"template":"","meta":[],"product_cat":[33],"product_tag":[],"class_list":{"0":"post-3626","1":"product","2":"type-product","3":"status-publish","4":"has-post-thumbnail","6":"product_cat-military-vehicle-subsystems","8":"first","9":"instock","10":"shipping-taxable","11":"product-type-simple"},"_links":{"self":[{"href":"https:\/\/tedegcompany.com\/tr\/wp-json\/wp\/v2\/product\/3626","targetHints":{"allow":["GET"]}}],"collection":[{"href":"https:\/\/tedegcompany.com\/tr\/wp-json\/wp\/v2\/product"}],"about":[{"href":"https:\/\/tedegcompany.com\/tr\/wp-json\/wp\/v2\/types\/product"}],"version-history":[{"count":13,"href":"https:\/\/tedegcompany.com\/tr\/wp-json\/wp\/v2\/product\/3626\/revisions"}],"predecessor-version":[{"id":3863,"href":"https:\/\/tedegcompany.com\/tr\/wp-json\/wp\/v2\/product\/3626\/revisions\/3863"}],"wp:featuredmedia":[{"embeddable":true,"href":"https:\/\/tedegcompany.com\/tr\/wp-json\/wp\/v2\/media\/3627"}],"wp:attachment":[{"href":"https:\/\/tedegcompany.com\/tr\/wp-json\/wp\/v2\/media?parent=3626"}],"wp:term":[{"taxonomy":"product_cat","embeddable":true,"href":"https:\/\/tedegcompany.com\/tr\/wp-json\/wp\/v2\/product_cat?post=3626"},{"taxonomy":"product_tag","embeddable":true,"href":"https:\/\/tedegcompany.com\/tr\/wp-json\/wp\/v2\/product_tag?post=3626"}],"curies":[{"name":"wp","href":"https:\/\/api.w.org\/{rel}","templated":true}]}}