{"id":3648,"date":"2024-05-02T19:55:00","date_gmt":"2024-05-02T19:55:00","guid":{"rendered":"https:\/\/tedegcompany.com\/?post_type=product&#038;p=3648"},"modified":"2025-10-23T08:03:27","modified_gmt":"2025-10-23T08:03:27","slug":"t-light-mobile-lighting-tower","status":"publish","type":"product","link":"https:\/\/tedegcompany.com\/tr\/urun\/t-isik-mobil-aydinlatma-kulesi\/","title":{"rendered":"T-Light Mobil Ayd\u0131nlatma Kulesi"},"content":{"rendered":"<div data-elementor-type=\"product-post\" data-elementor-id=\"3648\" class=\"elementor elementor-3648\" data-elementor-post-type=\"product\">\n\t\t\t\t<div class=\"elementor-element elementor-element-9124dd1 e-flex e-con-boxed e-con e-parent\" data-id=\"9124dd1\" data-element_type=\"container\">\n\t\t\t\t\t<div class=\"e-con-inner\">\n\t\t\t\t<div class=\"elementor-element elementor-element-9678c6b elementor-widget elementor-widget-text-editor\" data-id=\"9678c6b\" data-element_type=\"widget\" data-widget_type=\"text-editor.default\">\n\t\t\t\t<div class=\"elementor-widget-container\">\n\t\t\t<style>\/*! elementor - v3.21.0 - 30-04-2024 *\/\n.elementor-widget-text-editor.elementor-drop-cap-view-stacked .elementor-drop-cap{background-color:#69727d;color:#fff}.elementor-widget-text-editor.elementor-drop-cap-view-framed .elementor-drop-cap{color:#69727d;border:3px solid;background-color:transparent}.elementor-widget-text-editor:not(.elementor-drop-cap-view-default) .elementor-drop-cap{margin-top:8px}.elementor-widget-text-editor:not(.elementor-drop-cap-view-default) .elementor-drop-cap-letter{width:1em;height:1em}.elementor-widget-text-editor .elementor-drop-cap{float:left;text-align:center;line-height:1;font-size:50px}.elementor-widget-text-editor .elementor-drop-cap-letter{display:inline-block}<\/style>\t\t\t\t<p><strong>Ama\u00e7<\/strong><\/p><p class=\" translation-block\">T-Light Mobil Ayd\u0131nlatma Kulesi\u2019nin temel amac\u0131, g\u00f6rev ortamlar\u0131nda kesintisiz, y\u00fcksek parlakl\u0131kta ve g\u00fcvenli ayd\u0131nlatma sa\u011flamakt\u0131r.\nBu sistem, hem askeri operasyon alanlar\u0131nda hem de sivil acil durum senaryolar\u0131nda g\u00f6rev yapan ekiplerin \u00e7evre g\u00f6r\u00fc\u015f\u00fcn\u00fc art\u0131rmak, operasyonel g\u00fcvenli\u011fi sa\u011flamak ve enerji verimlili\u011fini maksimize etmek \u00fczere geli\u015ftirilmi\u015ftir.<\/p><p class=\" translation-block\">TEDEG m\u00fchendisli\u011fiyle geli\u015ftirilen sistem, kendi hava kompres\u00f6r\u00fc ve motorlu mast yap\u0131s\u0131 sayesinde harici ekipmana ihtiya\u00e7 duymadan otomatik a\u00e7\u0131l\u0131p kapanabilir.\nKompakt yap\u0131s\u0131 ve roof-mounted tasar\u0131m\u0131 sayesinde ara\u00e7 \u00fcst\u00fc entegrasyonda i\u00e7 hacim kayb\u0131 yaratmaz.<\/p><p class=\" translation-block\">T-Light, \u00f6zellikle gece g\u00f6revleri, afet sahas\u0131 operasyonlar\u0131, radar bak\u0131m faaliyetleri ve g\u00f6zetleme g\u00f6revleri i\u00e7in ideal \u00e7\u00f6z\u00fcmd\u00fcr.<\/p><p><strong>Uygulama<\/strong><\/p><p class=\" translation-block\">T-Light Mobil Ayd\u0131nlatma Kulesi, askeri, sivil ve end\u00fcstriyel platformlarda geni\u015f kullan\u0131m alan\u0131na sahiptir.<\/p><p><strong>1<\/strong><strong>\ufe0f\u20e3<\/strong><strong> Askeri Uygulamalar<\/strong><\/p><ul><li>\u2022\tZ\u0131rhl\u0131 ara\u00e7lar, radar sistemleri, taktik g\u00f6rev ara\u00e7lar\u0131, komuta kontrol birimleri<\/li><li>\u2022\tGece operasyonlar\u0131, \u00fcs b\u00f6lgeleri ve bak\u0131m alanlar\u0131nda ayd\u0131nlatma<\/li><li>\u2022\tAskeri tatbikat ve konu\u015flanma sahalar\u0131nda mobil \u0131\u015f\u0131k deste\u011fi<\/li><\/ul><p><strong>2<\/strong><strong>\ufe0f\u20e3<\/strong><strong> Afet ve Acil Durum Sistemleri<\/strong><\/p><ul><li>\u2022\tAFAD, itfaiye ve arama kurtarma ara\u00e7lar\u0131nda saha ayd\u0131nlatmas\u0131<\/li><li>\u2022\tElektrik kesintisi durumlar\u0131nda acil ayd\u0131nlatma deste\u011fi<\/li><li>\u2022\tMobil sa\u011fl\u0131k, kurtarma ve bar\u0131nma sistemlerinde kullan\u0131m<\/li><\/ul><p><strong>3<\/strong><strong>\ufe0f\u20e3<\/strong><strong> End\u00fcstriyel ve Bak\u0131m Alanlar\u0131<\/strong><\/p><ul><li>\u2022\t\u00dcretim sahalar\u0131, test merkezleri ve bak\u0131m-onar\u0131m tesisleri<\/li><li>\u2022\tMobil bak\u0131m ve servis ara\u00e7lar\u0131nda alan ayd\u0131nlatmas\u0131<\/li><li>\u2022\t\u0130n\u015faat, enerji ve altyap\u0131 \u00e7al\u0131\u015fmalar\u0131 i\u00e7in gece g\u00f6r\u00fc\u015f deste\u011fi<\/li><\/ul><p><strong>4<\/strong><strong>\ufe0f\u20e3<\/strong><strong> Deniz ve Hava Platformlar\u0131<\/strong><\/p><ul><li>\u2022\tGemi \u00fcst\u00fc bak\u0131m, radar ve anten sistemleri<\/li><li>\u2022\tHavaalan\u0131 apron ayd\u0131nlatmas\u0131 ve yer hizmetleri<\/li><\/ul><p class=\" translation-block\">Bu esnek yap\u0131 sayesinde T-Light, \u00e7oklu g\u00f6rev ortamlar\u0131na entegre edilebilen, platform ba\u011f\u0131ms\u0131z bir sistemdir.<\/p><p><strong>Geli\u015fmi\u015f \u00d6zellikler<\/strong><\/p><p><strong>1<\/strong><strong>\ufe0f\u20e3<\/strong><strong> G\u00fc\u00e7l\u00fc ve Verimli Ayd\u0131nlatma<\/strong><\/p><ul><li class=\" translation-block\">\u2022\tToplam 112.000 l\u00fcmen \u0131\u015f\u0131k ak\u0131s\u0131<\/li><li class=\" translation-block\">\u2022\t2 \u00d7 600 W LED mod\u00fcl ile y\u00fcksek parlakl\u0131k<\/li><li>\u2022\tD\u00fc\u015f\u00fck g\u00fc\u00e7 t\u00fcketimi ve uzun LED \u00f6mr\u00fc (&gt;50.000 saat)<\/li><li class=\" translation-block\">\u2022\t360\u00b0 yatay, 330\u00b0 dikey hareket kabiliyeti<\/li><\/ul><p><strong>2<\/strong><strong>\ufe0f\u20e3<\/strong><strong> Mekanik Dayan\u0131kl\u0131l\u0131k<\/strong><\/p><ul><li>\u2022\t3.5 metreye kadar teleskopik y\u00fckselme <strong>3.5 m<\/strong><\/li><li class=\" translation-block\">\u2022\tR\u00fczgar dayan\u0131m\u0131: 66 km\/s<\/li><li class=\" translation-block\">\u2022\tMIL-STD-810G uyumlu \u015fok, titre\u015fim ve nem dayan\u0131m\u0131<\/li><li class=\" translation-block\">\u2022\tAl\u00fcminyum 6000 serisi korozyon korumal\u0131 g\u00f6vde<\/li><\/ul><p><strong>3<\/strong><strong>\ufe0f\u20e3<\/strong><strong> Ak\u0131ll\u0131 Kontrol \u00d6zellikleri<\/strong><\/p><ul><li class=\" translation-block\">\u2022\tRS-485 (Modbus RTU) &amp; Pelco-D\/P protokol deste\u011fi<\/li><li class=\" translation-block\">\u2022\tKablosuz kontrol se\u00e7ene\u011fi<\/li><li>\u2022\tKonum geri bildirimi ve park sens\u00f6r\u00fc<\/li><li><strong>\u2022\t\u00c7al\u0131\u015fma s\u00fcresi saya\u00e7 fonksiyonu<\/strong><\/li><\/ul><p><strong>4<\/strong><strong>\ufe0f\u20e3<\/strong><strong> G\u00fcvenlik ve Koruma<\/strong><\/p><ul><li class=\" translation-block\">\u2022\tIP67 koruma seviyesi<\/li><li>\u2022\tOtomatik kapanma \/ g\u00fcvenli duru\u015f mekanizmas\u0131<\/li><li>\u2022\tD\u00fc\u015f\u00fck gerilim ve ters polarite korumas\u0131<\/li><\/ul><p><strong>5<\/strong><strong>\ufe0f\u20e3<\/strong><strong> Kolay Entegrasyon<\/strong><\/p><ul><li class=\" translation-block\">\u2022\tRoof-mounted (\u00e7at\u0131 \u00fcst\u00fc) montaj sistemi<\/li><li class=\" translation-block\">\u2022\tDC 12V \/ 24V veya AC 220V g\u00fc\u00e7 giri\u015f se\u00e7enekleri<\/li><li class=\" translation-block\">\u2022\tMIL-DTL-38999 serisi askeri konnekt\u00f6r yap\u0131s\u0131<\/li><\/ul><p><strong>Nas\u0131l \u00c7al\u0131\u015f\u0131r?<\/strong><\/p><p class=\" translation-block\">T-Light Mobil Ayd\u0131nlatma Kulesi, entegre elektromekanik mast mekanizmas\u0131 ve ak\u0131ll\u0131 kontrol \u00fcnitesi ile \u00e7al\u0131\u015f\u0131r.<br>\nSistem, kullan\u0131c\u0131 taraf\u0131ndan kablolu veya kablosuz kumanda arac\u0131l\u0131\u011f\u0131yla aktive edilir.\nAktivasyon sonras\u0131nda, hava kompres\u00f6r\u00fc devreye girer ve teleskopik mast belirlenen y\u00fcksekli\u011fe \u00e7\u0131kar.\nE\u015fzamanl\u0131 olarak LED mod\u00fcller a\u00e7\u0131l\u0131r ve belirlenen a\u00e7\u0131 parametrelerine g\u00f6re y\u00f6nlendirilir.<\/p><p class=\" translation-block\">RS-485 \/ Pelco-D haberle\u015fme protokol\u00fc \u00fczerinden:<\/p><ul><li>\u2022\tAyd\u0131nlatma \u015fiddeti kontrol edilir<\/li><li>\u2022\tPan\/Tilt hareketleri y\u00f6netilir<\/li><li>\u2022\tMast y\u00fcksekli\u011fi ayarlanabilir<\/li><li>\u2022\tSistem durumu ve hata verileri izlenebilir<\/li><\/ul><p class=\" translation-block\">Operasyon sonunda sistem, otomatik olarak katlanarak \u201cpark konumuna\u201d d\u00f6ner.\nBu tasar\u0131m, bak\u0131m gerektirmeyen, tam otomatik bir \u00e7al\u0131\u015fma d\u00f6ng\u00fcs\u00fc sunar.<\/p><p><strong>Hangi Par\u00e7alardan Olu\u015fur?<\/strong><\/p><p>1\ufe0f\u20e3 <strong>Teleskopik Mast \u00dcnitesi:<\/strong><br \/>Di\u015fli kremayer ve pn\u00f6matik sistemle \u00e7al\u0131\u015fan, 3.5 metreye kadar uzayabilen al\u00fcminyum g\u00f6vde.<\/p><p>2\ufe0f\u20e3 <strong>LED Ayd\u0131nlatma Mod\u00fclleri:<\/strong><br \/>2\u00d7600W y\u00fcksek g\u00fc\u00e7l\u00fc LED projekt\u00f6rler. Geni\u015f a\u00e7\u0131l\u0131, homojen \u0131\u015f\u0131k da\u011f\u0131l\u0131m\u0131 sa\u011flar.<\/p><p>3\ufe0f\u20e3 <strong>Motorlu Pan\/Tilt Mekanizmas\u0131:<\/strong><br \/>360\u00b0 yatay ve 330\u00b0 dikey hareket kabiliyetiyle ayd\u0131nlatman\u0131n y\u00f6n\u00fcn\u00fc ayarlar.<\/p><p>4\ufe0f\u20e3 <strong>Kontrol \u00dcnitesi:<\/strong><br \/>RS-485 tabanl\u0131 mikrodenetleyici sistemi; kablolu ve kablosuz kontrol destekler.<\/p><p>5\ufe0f\u20e3 <strong>Konnekt\u00f6rler:<\/strong><br \/><strong>MIL-DTL-38999<\/strong> military connectors ensuring high durability and EMI protection.<\/p><p>6\ufe0f\u20e3 <strong>Kompres\u00f6r ve Enerji \u00dcnitesi:<\/strong><br \/>Integrated air compressor for mast elevation; operates on <strong>DC 12\/24 V<\/strong> or <strong>AC 220 V<\/strong> power.<\/p><p><strong>Kar\u015f\u0131lad\u0131\u011f\u0131 Test Uygunluklar\u0131 Nedir?<\/strong><\/p><table><thead><tr><td><p><strong>Standard<\/strong><\/p><\/td><td><p><strong>A\u00e7\u0131klama<\/strong><\/p><\/td><\/tr><\/thead><tbody><tr><td><p><strong>MIL-STD-810G<\/strong><\/p><\/td><td><p>MIL-STD-810G\tTitre\u015fim, \u015fok, nem, ya\u011fmur, s\u0131cakl\u0131k de\u011fi\u015fimi testlerinden ba\u015far\u0131yla ge\u00e7ti.<\/p><\/td><\/tr><tr><td><p><strong>MIL-STD-461G<\/strong><\/p><\/td><td><p>EMI\/EMC elektromanyetik uyumluluk testlerinden tam ge\u00e7erMIL-STD-461F\tEMI\/EMC elektromanyetik uyumluluk testlerinde tam ba\u015far\u0131 sa\u011flad\u0131.<\/p><\/td><\/tr><tr><td><p><strong>IP67<\/strong><\/p><\/td><td><p>IP67\tSuya, toza, \u00e7amura ve zorlu \u00e7evre ko\u015fullar\u0131na kar\u015f\u0131 tam koruma sa\u011flad\u0131.<\/p><\/td><\/tr><tr><td><p><strong>TEDEG Test Kalitesi<\/strong><\/p><\/td><td><p>TEDEG Kalite Testleri\tFonksiyonel, termal, y\u00fck alt\u0131nda dayan\u0131kl\u0131l\u0131k ve g\u00fcvenlik testleri \u00fcretim a\u015famas\u0131nda tamamland\u0131.<\/p><\/td><\/tr><\/tbody><\/table><p><strong>Ne \u0130\u015fe Yarar?<\/strong><\/p><p class=\" translation-block\">T-Light Mobil Ayd\u0131nlatma Kulesi, g\u00f6rev sahalar\u0131nda g\u00f6rsel fark\u0131ndal\u0131k, g\u00fcvenli operasyon ve kesintisiz enerji verimlili\u011fi sa\u011flamak i\u00e7in geli\u015ftirilmi\u015ftir.\n\u00dcr\u00fcn, kompakt yap\u0131s\u0131, y\u00fcksek ayd\u0131nlatma performans\u0131 ve otomatik kontrol sistemiyle saha ekiplerinin i\u015f y\u00fck\u00fcn\u00fc azalt\u0131r.<\/p><p>Bu sayede T-Light;<\/p><ul><li class=\" translation-block\">\u2022\tG\u00f6rev sahas\u0131nda enerji verimlili\u011fi sa\u011flar,<\/li><li class=\" translation-block\">\u2022\tOperasyonel g\u00fcvenli\u011fi art\u0131r\u0131r,<\/li><li class=\" translation-block\">\u2022\tZorlu ortam ko\u015fullar\u0131nda uzun \u00f6m\u00fcrl\u00fc performans sunar,<\/li><li class=\" translation-block\">\u2022\tAra\u00e7 \u00fcst\u00fc sistemlerde alan tasarrufu sa\u011flar.<\/li><\/ul><p><strong>Sonu\u00e7<\/strong><\/p><p class=\" translation-block\">T-Light Mobil Ayd\u0131nlatma Kulesi, TEDEG Savunma\u2019n\u0131n askeri standartlarda yerli m\u00fchendislik yakla\u015f\u0131m\u0131n\u0131n bir \u00fcr\u00fcn\u00fcd\u00fcr.<br>\nY\u00fcksek \u0131\u015f\u0131k g\u00fcc\u00fc, IP67 koruma seviyesi, ak\u0131ll\u0131 kontrol mimarisi ve MIL-STD-810G \/ MIL-STD-461F uyumlulu\u011fu ile\naskeri platformlardan afet operasyonlar\u0131na kadar her g\u00f6rev ko\u015fulunda kesintisiz ayd\u0131nlatma sa\u011flar.<\/p>\t\t\t\t\t\t<\/div>\n\t\t\t\t<\/div>\n\t\t\t\t<div class=\"elementor-element elementor-element-d08457a elementor-show-heading-yes elementor-widget elementor-widget-woocommerce-product-additional-information\" data-id=\"d08457a\" data-element_type=\"widget\" data-widget_type=\"woocommerce-product-additional-information.default\">\n\t\t\t\t<div class=\"elementor-widget-container\">\n\t\t\t<link rel=\"stylesheet\" href=\"https:\/\/tedegcompany.com\/wp-content\/plugins\/elementor-pro\/assets\/css\/widget-woocommerce.min.css\">\n\t<h2 data-no-translation=\"\" data-trp-gettext=\"\">\u00dcr\u00fcn \u00d6zellikleri<\/h2>\n\n\t<table class=\"woocommerce-product-attributes shop_attributes table table-striped\">\r\n\t\t\t\t\t<tr class=\"woocommerce-product-attributes-item woocommerce-product-attributes-item--attribute_operating-voltage\">\r\n\t\t\t\t<th class=\"woocommerce-product-attributes-item__label\">\u00c7al\u0131\u015fma Gerilimi<\/th>\r\n\t\t\t\t<td class=\"woocommerce-product-attributes-item__value\"><p>\u00c7al\u0131\u015fma gerilimi<\/p>\n<\/td>\r\n\t\t\t<\/tr>\r\n\t\t\t\t\t<tr class=\"woocommerce-product-attributes-item woocommerce-product-attributes-item--attribute_lighting-unit-horizontal-turning-ability\">\r\n\t\t\t\t<th class=\"woocommerce-product-attributes-item__label\">Ayd\u0131nlatma \u00dcnitesi Yatay D\u00f6nebilme \u00d6zelli\u011fi<\/th>\r\n\t\t\t\t<td class=\"woocommerce-product-attributes-item__value\"><p>S\u0131n\u0131rs\u0131z 360\u00b0<\/p>\n<\/td>\r\n\t\t\t<\/tr>\r\n\t\t\t\t\t<tr class=\"woocommerce-product-attributes-item woocommerce-product-attributes-item--attribute_lighting-unit-vertical-turning-ability\">\r\n\t\t\t\t<th class=\"woocommerce-product-attributes-item__label\">Ayd\u0131nlatma \u00dcnitesi Dikey D\u00f6nebilme \u00d6zelli\u011fi<\/th>\r\n\t\t\t\t<td class=\"woocommerce-product-attributes-item__value\"><p>180\u00b0<\/p>\n<\/td>\r\n\t\t\t<\/tr>\r\n\t\t\t\t\t<tr class=\"woocommerce-product-attributes-item woocommerce-product-attributes-item--attribute_drive-electromechanical-lighting-capacity\">\r\n\t\t\t\t<th class=\"woocommerce-product-attributes-item__label\">S\u00fcr\u00fcc\u00fc Elektromekanik Ayd\u0131nlatma Kapasitesi<\/th>\r\n\t\t\t\t<td class=\"woocommerce-product-attributes-item__value\"><p>4x100 Watt<\/p>\n<\/td>\r\n\t\t\t<\/tr>\r\n\t\t\t\t\t<tr class=\"woocommerce-product-attributes-item woocommerce-product-attributes-item--attribute_illumination-intensity\">\r\n\t\t\t\t<th class=\"woocommerce-product-attributes-item__label\">Ayd\u0131nlatma Yo\u011funlu\u011fu<\/th>\r\n\t\t\t\t<td class=\"woocommerce-product-attributes-item__value\"><p>48.000 lm<\/p>\n<\/td>\r\n\t\t\t<\/tr>\r\n\t\t\t\t\t<tr class=\"woocommerce-product-attributes-item woocommerce-product-attributes-item--attribute_total-weight\">\r\n\t\t\t\t<th class=\"woocommerce-product-attributes-item__label\">Toplam a\u011f\u0131rl\u0131k<\/th>\r\n\t\t\t\t<td class=\"woocommerce-product-attributes-item__value\"><p>45,2 kg<\/p>\n<\/td>\r\n\t\t\t<\/tr>\r\n\t\t\t\t\t<tr class=\"woocommerce-product-attributes-item woocommerce-product-attributes-item--attribute_wind-area\">\r\n\t\t\t\t<th class=\"woocommerce-product-attributes-item__label\">R\u00fczgar Alan\u0131<\/th>\r\n\t\t\t\t<td class=\"woocommerce-product-attributes-item__value\"><p>0,38 m2<\/p>\n<\/td>\r\n\t\t\t<\/tr>\r\n\t\t\t\t\t<tr class=\"woocommerce-product-attributes-item woocommerce-product-attributes-item--attribute_operating-temperature\">\r\n\t\t\t\t<th class=\"woocommerce-product-attributes-item__label\">\u00c7al\u0131\u015fma S\u0131cakl\u0131\u011f\u0131<\/th>\r\n\t\t\t\t<td class=\"woocommerce-product-attributes-item__value\"><p>30 \u00b0C, +60 \u00b0C<\/p>\n<\/td>\r\n\t\t\t<\/tr>\r\n\t\t\t\t\t<tr class=\"woocommerce-product-attributes-item woocommerce-product-attributes-item--attribute_full-round-time\">\r\n\t\t\t\t<th class=\"woocommerce-product-attributes-item__label\">Tam Tur S\u00fcresi<\/th>\r\n\t\t\t\t<td class=\"woocommerce-product-attributes-item__value\"><p>17 Saniye<\/p>\n<\/td>\r\n\t\t\t<\/tr>\r\n\t\t\t\t\t<tr class=\"woocommerce-product-attributes-item woocommerce-product-attributes-item--attribute_optional-operating-voltage\">\r\n\t\t\t\t<th class=\"woocommerce-product-attributes-item__label\">Opsiyonel \u00c7al\u0131\u015fma Gerilimi<\/th>\r\n\t\t\t\t<td class=\"woocommerce-product-attributes-item__value\"><p>110\/220VAC<\/p>\n<\/td>\r\n\t\t\t<\/tr>\r\n\t\t\t\t\t<tr class=\"woocommerce-product-attributes-item woocommerce-product-attributes-item--attribute_communication\">\r\n\t\t\t\t<th class=\"woocommerce-product-attributes-item__label\">\u0130leti\u015fim<\/th>\r\n\t\t\t\t<td class=\"woocommerce-product-attributes-item__value\"><p>CAN-BUS<\/p>\n<\/td>\r\n\t\t\t<\/tr>\r\n\t\t\t<\/table>\r\n\r\n\t\t<\/div>\n\t\t\t\t<\/div>\n\t\t\t\t\t<\/div>\n\t\t\t\t<\/div>\n\t\t\t\t<div class=\"elementor-section elementor-top-section elementor-element elementor-element-d65d409 ml-md-4 mr-md-4 elementor-section-content-middle elementor-section-boxed elementor-section-height-default elementor-section-height-default\" data-id=\"d65d409\" data-element_type=\"section\" data-settings=\"{&quot;background_background&quot;:&quot;classic&quot;,&quot;animation&quot;:&quot;none&quot;}\">\r\n\t\t\r\n\t\t\t\t\t\t\t<div class=\"elementor-container elementor-column-gap-default\">\r\n\t\t\t\t\t\t\t\t\t\t\t<div class=\"elementor-column elementor-col-50 elementor-top-column elementor-element elementor-element-b7bcc45\" data-id=\"b7bcc45\" data-element_type=\"column\">\r\n\t\t\t\t\t<div class=\"elementor-widget-wrap elementor-element-populated\">\r\n\t\t\t\t\t\t\t\t<div class=\"elementor-element elementor-element-1b3a38f mb-2 elementor-invisible elementor-widget elementor-widget-heading\" data-id=\"1b3a38f\" data-element_type=\"widget\" data-settings=\"{&quot;_animation&quot;:&quot;fadeIn&quot;}\" data-widget_type=\"heading.default\">\n\t\t\t\t<div class=\"elementor-widget-container\">\n\t\t\t<style>\/*! elementor - v3.21.0 - 30-04-2024 *\/\n.elementor-heading-title{padding:0;margin:0;line-height:1}.elementor-widget-heading .elementor-heading-title[class*=elementor-size-]>a{color:inherit;font-size:inherit;line-height:inherit}.elementor-widget-heading .elementor-heading-title.elementor-size-small{font-size:15px}.elementor-widget-heading .elementor-heading-title.elementor-size-medium{font-size:19px}.elementor-widget-heading .elementor-heading-title.elementor-size-large{font-size:29px}.elementor-widget-heading .elementor-heading-title.elementor-size-xl{font-size:39px}.elementor-widget-heading .elementor-heading-title.elementor-size-xxl{font-size:59px}<\/style><h3 class=\"elementor-heading-title elementor-size-default\">TEKN\u0130K D\u00d6K\u00dcMAN - TR<\/h3>\t\t<\/div>\n\t\t\t\t<\/div>\n\t\t\t\t<div class=\"elementor-element elementor-element-b8f1102 mb-1 elementor-invisible elementor-widget elementor-widget-heading\" data-id=\"b8f1102\" data-element_type=\"widget\" data-settings=\"{&quot;_animation&quot;:&quot;fadeIn&quot;}\" data-widget_type=\"heading.default\">\n\t\t\t\t<div class=\"elementor-widget-container\">\n\t\t\t<div class=\"elementor-heading-title elementor-size-default\">T-LIGHT MOB\u0130L AYDINLATMA KULES\u0130<\/div>\t\t<\/div>\n\t\t\t\t<\/div>\n\t\t\t\t\t<\/div>\r\n\t\t\t\t<\/div>\r\n\t\t\t\t<div class=\"elementor-column elementor-col-50 elementor-top-column elementor-element elementor-element-e2b5a88\" data-id=\"e2b5a88\" data-element_type=\"column\">\r\n\t\t\t\t\t<div class=\"elementor-widget-wrap elementor-element-populated\">\r\n\t\t\t\t\t\t\t\t<div class=\"elementor-element elementor-element-be5e67c wp-button btn-gradient elementor-widget__width-auto elementor-invisible elementor-widget elementor-widget-porto_button\" data-id=\"be5e67c\" data-element_type=\"widget\" data-settings=\"{&quot;align&quot;:&quot;right&quot;,&quot;align_tablet&quot;:&quot;left&quot;,&quot;_animation&quot;:&quot;fadeIn&quot;}\" data-widget_type=\"porto_button.default\">\n\t\t\t\t<div class=\"elementor-widget-container\">\n\t\t\t<a aria-label=\"d\u00fc\u011fme\" class=\"btn btn-xl btn-primary btn-modern btn-full-rounded btn-icon\" href=\"https:\/\/tedegcompany.com\/wp-content\/uploads\/2025\/10\/T-Light-Mobil-Aydinlatma-Kulesi.pdf\"><i class=\"Simple-Line-Icons-cloud-download\"><\/i><span >\u0130ND\u0130R<\/span><\/a>\t\t<\/div>\n\t\t\t\t<\/div>\n\t\t\t\t\t<\/div>\r\n\t\t\t\t<\/div>\r\n\t\t\t\t\t<\/div>\r\n\t\t\t\t<\/div>\r\n\t\t\t\t<\/div>","protected":false},"excerpt":{"rendered":"<p class=\" translation-block\">T-Light Mobil Ayd\u0131nlatma Kulesi, TEDEG Savunma taraf\u0131ndan geli\u015ftirilen, askeri ve end\u00fcstriyel g\u00f6rev platformlar\u0131nda g\u00fcvenilir, dayan\u0131kl\u0131 ve y\u00fcksek g\u00fc\u00e7l\u00fc ayd\u0131nlatma sa\u011flayan taktik mobil ayd\u0131nlatma sistemidir.\n\u00dcr\u00fcn, kompakt ve ta\u015f\u0131nabilir yap\u0131s\u0131yla, z\u0131rhl\u0131 ara\u00e7lar, mobil g\u00f6rev sistemleri, radar ve g\u00f6zetleme \u00fcniteleri, acil durum ara\u00e7lar\u0131 ve afet operasyon sistemlerinde kullan\u0131lmak \u00fczere tasarlanm\u0131\u015ft\u0131r.<\/p>\n<p class=\" translation-block\">T-Light, teleskopik mast mekanizmas\u0131 ve 112.000 l\u00fcmen ayd\u0131nlatma kapasitesiyle gece operasyonlar\u0131nda, bak\u0131m-onar\u0131m faaliyetlerinde ve afet m\u00fcdahalelerinde geni\u015f alan ayd\u0131nlatmas\u0131 sa\u011flar.\nPasif so\u011futmal\u0131, IP67 korumal\u0131 al\u00fcminyum g\u00f6vdesi; su, toz, titre\u015fim ve s\u0131cakl\u0131k de\u011fi\u015fimlerine kar\u015f\u0131 dayan\u0131kl\u0131d\u0131r.\nT\u00fcm kontrol i\u015flevleri, RS-485 (Modbus RTU) veya kablosuz uzaktan kontrol \u00fczerinden yap\u0131labilir.<\/p>","protected":false},"featured_media":5481,"template":"","meta":[],"product_cat":[31,34,33],"product_tag":[],"class_list":{"0":"post-3648","1":"product","2":"type-product","3":"status-publish","4":"has-post-thumbnail","6":"product_cat-ground-support-system-solutions","7":"product_cat-military-truck-mounted-platform-power-systems","8":"product_cat-military-vehicle-subsystems","10":"first","11":"instock","12":"shipping-taxable","13":"product-type-simple"},"_links":{"self":[{"href":"https:\/\/tedegcompany.com\/tr\/wp-json\/wp\/v2\/product\/3648","targetHints":{"allow":["GET"]}}],"collection":[{"href":"https:\/\/tedegcompany.com\/tr\/wp-json\/wp\/v2\/product"}],"about":[{"href":"https:\/\/tedegcompany.com\/tr\/wp-json\/wp\/v2\/types\/product"}],"version-history":[{"count":16,"href":"https:\/\/tedegcompany.com\/tr\/wp-json\/wp\/v2\/product\/3648\/revisions"}],"predecessor-version":[{"id":5486,"href":"https:\/\/tedegcompany.com\/tr\/wp-json\/wp\/v2\/product\/3648\/revisions\/5486"}],"wp:featuredmedia":[{"embeddable":true,"href":"https:\/\/tedegcompany.com\/tr\/wp-json\/wp\/v2\/media\/5481"}],"wp:attachment":[{"href":"https:\/\/tedegcompany.com\/tr\/wp-json\/wp\/v2\/media?parent=3648"}],"wp:term":[{"taxonomy":"product_cat","embeddable":true,"href":"https:\/\/tedegcompany.com\/tr\/wp-json\/wp\/v2\/product_cat?post=3648"},{"taxonomy":"product_tag","embeddable":true,"href":"https:\/\/tedegcompany.com\/tr\/wp-json\/wp\/v2\/product_tag?post=3648"}],"curies":[{"name":"wp","href":"https:\/\/api.w.org\/{rel}","templated":true}]}}