{"id":3783,"date":"2024-05-06T09:39:43","date_gmt":"2024-05-06T09:39:43","guid":{"rendered":"https:\/\/tedegcompany.com\/?post_type=product&#038;p=3783"},"modified":"2024-07-30T07:18:24","modified_gmt":"2024-07-30T07:18:24","slug":"power-backup-unit","status":"publish","type":"product","link":"https:\/\/tedegcompany.com\/tr\/urun\/ek-batarya-birimi\/","title":{"rendered":"Ek Batarya Birimi"},"content":{"rendered":"<div data-elementor-type=\"product-post\" data-elementor-id=\"3783\" class=\"elementor elementor-3783\" data-elementor-post-type=\"product\">\n\t\t\t\t<div class=\"elementor-element elementor-element-9124dd1 e-flex e-con-boxed e-con e-parent\" data-id=\"9124dd1\" data-element_type=\"container\">\n\t\t\t\t\t<div class=\"e-con-inner\">\n\t\t\t\t<div class=\"elementor-element elementor-element-9678c6b elementor-widget elementor-widget-text-editor\" data-id=\"9678c6b\" data-element_type=\"widget\" data-widget_type=\"text-editor.default\">\n\t\t\t\t<div class=\"elementor-widget-container\">\n\t\t\t<style>\/*! elementor - v3.21.0 - 30-04-2024 *\/\n.elementor-widget-text-editor.elementor-drop-cap-view-stacked .elementor-drop-cap{background-color:#69727d;color:#fff}.elementor-widget-text-editor.elementor-drop-cap-view-framed .elementor-drop-cap{color:#69727d;border:3px solid;background-color:transparent}.elementor-widget-text-editor:not(.elementor-drop-cap-view-default) .elementor-drop-cap{margin-top:8px}.elementor-widget-text-editor:not(.elementor-drop-cap-view-default) .elementor-drop-cap-letter{width:1em;height:1em}.elementor-widget-text-editor .elementor-drop-cap{float:left;text-align:center;line-height:1;font-size:50px}.elementor-widget-text-editor .elementor-drop-cap-letter{display:inline-block}<\/style>\t\t\t\t<p><strong>\u00d6zellikler ve i\u015flevler:<\/strong><\/p><ul><li>Ek Batarya Birimi arac\u0131n g\u00fc\u00e7 ihtiyac\u0131n\u0131 kar\u015f\u0131layacak \u015fekilde tasarlanm\u0131\u015ft\u0131r. Pil ar\u0131zas\u0131 durumunda veya \u00f6zel g\u00f6revler i\u00e7in ilave g\u00fcce ihtiya\u00e7 duyuldu\u011funda devreye girecek \u015fekilde konumland\u0131r\u0131lm\u0131\u015ft\u0131r.<\/li><li>Ara\u00e7 sisteminin devreye al\u0131nmas\u0131 ve kontrol\u00fc i\u00e7in gerekli olan elektrik enerjisinin depolanmas\u0131 ve h\u0131zl\u0131 bir \u015fekilde iletilmesi amac\u0131yla tasarlanm\u0131\u015ft\u0131r.<\/li><li>Sistemin ihtiya\u00e7 duydu\u011fu ek g\u00fcc\u00fc en az 10 dakika boyunca sa\u011flayacak \u015fekilde tasarlanm\u0131\u015ft\u0131r.<\/li><li>Arac\u0131n konta\u011f\u0131 kapat\u0131ld\u0131\u011f\u0131nda 3 saat s\u00fcre ile elektrik vermeye devam eder.<\/li><li>\u00c7al\u0131\u015ft\u0131rma ve Bak\u0131m modlar\u0131na sahiptir. Modlar aras\u0131nda ge\u00e7i\u015f, eri\u015fimi kolay bir se\u00e7ici anahtarla ger\u00e7ekle\u015ftirilir.<\/li><\/ul><p><strong>Performans ve G\u00fcvenlik:<\/strong><\/p><ul><li>16-32 VDC aral\u0131\u011f\u0131nda \u00e7al\u0131\u015fabilme \u00f6zelli\u011fine sahiptir.<\/li><li>Donan\u0131m, belirtilen askeri standartlara uygun olarak tasarlanm\u0131\u015ft\u0131r ve \u00e7e\u015fitli ko\u015fullarda g\u00fcvenilir \u00e7al\u0131\u015fabilirlik sa\u011flar.<\/li><li>G\u00fcvenlik \u00f6nlemleri a\u015f\u0131r\u0131 \u015farj, a\u015f\u0131r\u0131 de\u015farj, a\u015f\u0131r\u0131 ak\u0131m ve k\u0131sa devre korumalar\u0131n\u0131 i\u00e7erir.<\/li><li>Elektrik ak\u0131\u015f\u0131n\u0131 kesebilme \u00f6zelli\u011fi, yaln\u0131zca yetkili kullan\u0131c\u0131lar\u0131n eri\u015febildi\u011fi dijital bir anahtar arac\u0131l\u0131\u011f\u0131yla sa\u011flanmaktad\u0131r.<\/li><\/ul>\t\t\t\t\t\t<\/div>\n\t\t\t\t<\/div>\n\t\t\t\t<div class=\"elementor-element elementor-element-d08457a elementor-show-heading-yes elementor-widget elementor-widget-woocommerce-product-additional-information\" data-id=\"d08457a\" data-element_type=\"widget\" data-widget_type=\"woocommerce-product-additional-information.default\">\n\t\t\t\t<div class=\"elementor-widget-container\">\n\t\t\t<link rel=\"stylesheet\" href=\"https:\/\/tedegcompany.com\/wp-content\/plugins\/elementor-pro\/assets\/css\/widget-woocommerce.min.css\">\n\t<h2 data-no-translation=\"\" data-trp-gettext=\"\">\u00dcr\u00fcn \u00d6zellikleri<\/h2>\n\n\t<table class=\"woocommerce-product-attributes shop_attributes table table-striped\">\r\n\t\t\t\t\t<tr class=\"woocommerce-product-attributes-item woocommerce-product-attributes-item--attribute_main-quest\">\r\n\t\t\t\t<th class=\"woocommerce-product-attributes-item__label\">Ana G\u00f6rev<\/th>\r\n\t\t\t\t<td class=\"woocommerce-product-attributes-item__value\"><p>Pil ar\u0131zas\u0131 durumunda ve \u00f6zel g\u00f6revler i\u00e7in ek g\u00fc\u00e7<\/p>\n<\/td>\r\n\t\t\t<\/tr>\r\n\t\t\t\t\t<tr class=\"woocommerce-product-attributes-item woocommerce-product-attributes-item--attribute_power-capacity\">\r\n\t\t\t\t<th class=\"woocommerce-product-attributes-item__label\">G\u00fc\u00e7 Kapasitesi<\/th>\r\n\t\t\t\t<td class=\"woocommerce-product-attributes-item__value\"><p>3600F<\/p>\n<\/td>\r\n\t\t\t<\/tr>\r\n\t\t\t\t\t<tr class=\"woocommerce-product-attributes-item woocommerce-product-attributes-item--attribute_operating-voltage\">\r\n\t\t\t\t<th class=\"woocommerce-product-attributes-item__label\">\u00c7al\u0131\u015fma Gerilimi<\/th>\r\n\t\t\t\t<td class=\"woocommerce-product-attributes-item__value\"><p>16-32 VDC<\/p>\n<\/td>\r\n\t\t\t<\/tr>\r\n\t\t\t\t\t<tr class=\"woocommerce-product-attributes-item woocommerce-product-attributes-item--attribute_power-storage-cell\">\r\n\t\t\t\t<th class=\"woocommerce-product-attributes-item__label\">G\u00fc\u00e7 Depolama H\u00fccresi<\/th>\r\n\t\t\t\t<td class=\"woocommerce-product-attributes-item__value\"><p>S\u00fcper kapasit\u00f6r<\/p>\n<\/td>\r\n\t\t\t<\/tr>\r\n\t\t\t\t\t<tr class=\"woocommerce-product-attributes-item woocommerce-product-attributes-item--attribute_charging-time\">\r\n\t\t\t\t<th class=\"woocommerce-product-attributes-item__label\">\u015earj S\u00fcresi<\/th>\r\n\t\t\t\t<td class=\"woocommerce-product-attributes-item__value\"><p>22\u00b15\u00b0C&#039;de 0%&#039;den 90%&#039;ye 30 dakika<\/p>\n<\/td>\r\n\t\t\t<\/tr>\r\n\t\t\t\t\t<tr class=\"woocommerce-product-attributes-item woocommerce-product-attributes-item--attribute_operating-temperature\">\r\n\t\t\t\t<th class=\"woocommerce-product-attributes-item__label\">\u00c7al\u0131\u015fma S\u0131cakl\u0131\u011f\u0131<\/th>\r\n\t\t\t\t<td class=\"woocommerce-product-attributes-item__value\"><p>-40\u00b0C ila +60\u00b0C<\/p>\n<\/td>\r\n\t\t\t<\/tr>\r\n\t\t\t\t\t<tr class=\"woocommerce-product-attributes-item woocommerce-product-attributes-item--attribute_storage-temperature\">\r\n\t\t\t\t<th class=\"woocommerce-product-attributes-item__label\">Depolama S\u0131cakl\u0131\u011f\u0131<\/th>\r\n\t\t\t\t<td class=\"woocommerce-product-attributes-item__value\"><p>-55\u00b0C ila +70\u00b0C<\/p>\n<\/td>\r\n\t\t\t<\/tr>\r\n\t\t\t\t\t<tr class=\"woocommerce-product-attributes-item woocommerce-product-attributes-item--attribute_protection-levels\">\r\n\t\t\t\t<th class=\"woocommerce-product-attributes-item__label\">Koruma Seviyeleri<\/th>\r\n\t\t\t\t<td class=\"woocommerce-product-attributes-item__value\"><p>A\u015f\u0131r\u0131 \u015farj, de\u015farj, ak\u0131m ve s\u0131cakl\u0131k korumas\u0131<\/p>\n<\/td>\r\n\t\t\t<\/tr>\r\n\t\t\t\t\t<tr class=\"woocommerce-product-attributes-item woocommerce-product-attributes-item--attribute_interfaces\">\r\n\t\t\t\t<th class=\"woocommerce-product-attributes-item__label\">Aray\u00fczler<\/th>\r\n\t\t\t\t<td class=\"woocommerce-product-attributes-item__value\"><p>CAN veri yolu, programlama soketi<\/p>\n<\/td>\r\n\t\t\t<\/tr>\r\n\t\t\t\t\t<tr class=\"woocommerce-product-attributes-item woocommerce-product-attributes-item--attribute_dimensions\">\r\n\t\t\t\t<th class=\"woocommerce-product-attributes-item__label\">Boyutlar<\/th>\r\n\t\t\t\t<td class=\"woocommerce-product-attributes-item__value\"><p>185 x 180 x 120 \u00b110 mm<\/p>\n<\/td>\r\n\t\t\t<\/tr>\r\n\t\t\t\t\t<tr class=\"woocommerce-product-attributes-item woocommerce-product-attributes-item--attribute_weight\">\r\n\t\t\t\t<th class=\"woocommerce-product-attributes-item__label\">A\u011f\u0131rl\u0131k<\/th>\r\n\t\t\t\t<td class=\"woocommerce-product-attributes-item__value\"><p>Maksimum 1 kg<\/p>\n<\/td>\r\n\t\t\t<\/tr>\r\n\t\t\t\t\t<tr class=\"woocommerce-product-attributes-item woocommerce-product-attributes-item--attribute_material\">\r\n\t\t\t\t<th class=\"woocommerce-product-attributes-item__label\">Malzeme<\/th>\r\n\t\t\t\t<td class=\"woocommerce-product-attributes-item__value\"><p>Al\u00fcminyum 5754-H0\/111 veya e\u015fde\u011feri<\/p>\n<\/td>\r\n\t\t\t<\/tr>\r\n\t\t\t\t\t<tr class=\"woocommerce-product-attributes-item woocommerce-product-attributes-item--attribute_connectors\">\r\n\t\t\t\t<th class=\"woocommerce-product-attributes-item__label\">Konekt\u00f6rler<\/th>\r\n\t\t\t\t<td class=\"woocommerce-product-attributes-item__value\"><p>DT04-12PB-L012 veya e\u015fde\u011feri<\/p>\n<\/td>\r\n\t\t\t<\/tr>\r\n\t\t\t\t\t<tr class=\"woocommerce-product-attributes-item woocommerce-product-attributes-item--attribute_cables\">\r\n\t\t\t\t<th class=\"woocommerce-product-attributes-item__label\">Kablolar<\/th>\r\n\t\t\t\t<td class=\"woocommerce-product-attributes-item__value\"><p>IPC\/WHMA-A-620 standard\u0131na uygundur<\/p>\n<\/td>\r\n\t\t\t<\/tr>\r\n\t\t\t\t\t<tr class=\"woocommerce-product-attributes-item woocommerce-product-attributes-item--attribute_fuses\">\r\n\t\t\t\t<th class=\"woocommerce-product-attributes-item__label\">Sigortalar<\/th>\r\n\t\t\t\t<td class=\"woocommerce-product-attributes-item__value\"><p>Otomotiv tipi 30A b\u0131\u00e7akl\u0131 sigortalar<\/p>\n<\/td>\r\n\t\t\t<\/tr>\r\n\t\t\t<\/table>\r\n\r\n\t\t<\/div>\n\t\t\t\t<\/div>\n\t\t\t\t\t<\/div>\n\t\t\t\t<\/div>\n\t\t\t\t<div class=\"elementor-section elementor-top-section elementor-element elementor-element-d65d409 ml-md-4 mr-md-4 elementor-section-content-middle elementor-section-boxed elementor-section-height-default elementor-section-height-default\" data-id=\"d65d409\" data-element_type=\"section\" data-settings=\"{&quot;background_background&quot;:&quot;classic&quot;,&quot;animation&quot;:&quot;none&quot;}\">\r\n\t\t\r\n\t\t\t\t\t\t\t<div class=\"elementor-container elementor-column-gap-default\">\r\n\t\t\t\t\t\t\t\t\t\t\t<div class=\"elementor-column elementor-col-50 elementor-top-column elementor-element elementor-element-b7bcc45\" data-id=\"b7bcc45\" data-element_type=\"column\">\r\n\t\t\t\t\t<div class=\"elementor-widget-wrap elementor-element-populated\">\r\n\t\t\t\t\t\t\t\t<div class=\"elementor-element elementor-element-1b3a38f mb-2 elementor-invisible elementor-widget elementor-widget-heading\" data-id=\"1b3a38f\" data-element_type=\"widget\" data-settings=\"{&quot;_animation&quot;:&quot;fadeIn&quot;}\" data-widget_type=\"heading.default\">\n\t\t\t\t<div class=\"elementor-widget-container\">\n\t\t\t<style>\/*! elementor - v3.21.0 - 30-04-2024 *\/\n.elementor-heading-title{padding:0;margin:0;line-height:1}.elementor-widget-heading .elementor-heading-title[class*=elementor-size-]>a{color:inherit;font-size:inherit;line-height:inherit}.elementor-widget-heading .elementor-heading-title.elementor-size-small{font-size:15px}.elementor-widget-heading .elementor-heading-title.elementor-size-medium{font-size:19px}.elementor-widget-heading .elementor-heading-title.elementor-size-large{font-size:29px}.elementor-widget-heading .elementor-heading-title.elementor-size-xl{font-size:39px}.elementor-widget-heading .elementor-heading-title.elementor-size-xxl{font-size:59px}<\/style><h3 class=\"elementor-heading-title elementor-size-default\">TEKN\u0130K D\u00d6K\u00dcMAN - TR<\/h3>\t\t<\/div>\n\t\t\t\t<\/div>\n\t\t\t\t<div class=\"elementor-element elementor-element-b8f1102 mb-1 elementor-invisible elementor-widget elementor-widget-heading\" data-id=\"b8f1102\" data-element_type=\"widget\" data-settings=\"{&quot;_animation&quot;:&quot;fadeIn&quot;}\" data-widget_type=\"heading.default\">\n\t\t\t\t<div class=\"elementor-widget-container\">\n\t\t\t<div class=\"elementor-heading-title elementor-size-default\">POWERGUARD EK P\u0130L \u00dcN\u0130TES\u0130<\/div>\t\t<\/div>\n\t\t\t\t<\/div>\n\t\t\t\t\t<\/div>\r\n\t\t\t\t<\/div>\r\n\t\t\t\t<div class=\"elementor-column elementor-col-50 elementor-top-column elementor-element elementor-element-e2b5a88\" data-id=\"e2b5a88\" data-element_type=\"column\">\r\n\t\t\t\t\t<div class=\"elementor-widget-wrap elementor-element-populated\">\r\n\t\t\t\t\t\t\t\t<div class=\"elementor-element elementor-element-be5e67c wp-button btn-gradient elementor-widget__width-auto elementor-invisible elementor-widget elementor-widget-porto_button\" data-id=\"be5e67c\" data-element_type=\"widget\" data-settings=\"{&quot;align&quot;:&quot;right&quot;,&quot;align_tablet&quot;:&quot;left&quot;,&quot;_animation&quot;:&quot;fadeIn&quot;}\" data-widget_type=\"porto_button.default\">\n\t\t\t\t<div class=\"elementor-widget-container\">\n\t\t\t<a aria-label=\"d\u00fc\u011fme\" class=\"btn btn-xl btn-primary btn-modern btn-full-rounded btn-icon\" href=\"https:\/\/tedegcompany.com\/wp-content\/uploads\/2024\/07\/PowerGuard-Power-Back-Up-Unit.pdf\"><i class=\"Simple-Line-Icons-cloud-download\"><\/i><span >\u0130ND\u0130R<\/span><\/a>\t\t<\/div>\n\t\t\t\t<\/div>\n\t\t\t\t\t<\/div>\r\n\t\t\t\t<\/div>\r\n\t\t\t\t\t<\/div>\r\n\t\t\t\t<\/div>\r\n\t\t\t\t<\/div>","protected":false},"excerpt":{"rendered":"<p>PowerGuard \u2013 Ek Batarya Birimi, Taktik Tekerlekli Ara\u00e7lar ve platformlar i\u00e7in \u00f6zel olarak tasarlanm\u0131\u015f bir g\u00fc\u00e7 yedekleme \u00e7\u00f6z\u00fcm\u00fcd\u00fcr. Bu paket, kritik g\u00f6rev sistemlerinin kesintisiz \u00e7al\u0131\u015fmas\u0131n\u0131 ve acil durumlarda yedek g\u00fc\u00e7 kayna\u011f\u0131 sa\u011flayarak g\u00fcvenilirlik ve esneklik sunar.<\/p>","protected":false},"featured_media":3793,"template":"","meta":[],"product_cat":[30,33],"product_tag":[],"class_list":{"0":"post-3783","1":"product","2":"type-product","3":"status-publish","4":"has-post-thumbnail","6":"product_cat-avionics-subsystems","7":"product_cat-military-vehicle-subsystems","9":"first","10":"instock","11":"shipping-taxable","12":"product-type-simple"},"_links":{"self":[{"href":"https:\/\/tedegcompany.com\/tr\/wp-json\/wp\/v2\/product\/3783","targetHints":{"allow":["GET"]}}],"collection":[{"href":"https:\/\/tedegcompany.com\/tr\/wp-json\/wp\/v2\/product"}],"about":[{"href":"https:\/\/tedegcompany.com\/tr\/wp-json\/wp\/v2\/types\/product"}],"version-history":[{"count":13,"href":"https:\/\/tedegcompany.com\/tr\/wp-json\/wp\/v2\/product\/3783\/revisions"}],"predecessor-version":[{"id":4308,"href":"https:\/\/tedegcompany.com\/tr\/wp-json\/wp\/v2\/product\/3783\/revisions\/4308"}],"wp:featuredmedia":[{"embeddable":true,"href":"https:\/\/tedegcompany.com\/tr\/wp-json\/wp\/v2\/media\/3793"}],"wp:attachment":[{"href":"https:\/\/tedegcompany.com\/tr\/wp-json\/wp\/v2\/media?parent=3783"}],"wp:term":[{"taxonomy":"product_cat","embeddable":true,"href":"https:\/\/tedegcompany.com\/tr\/wp-json\/wp\/v2\/product_cat?post=3783"},{"taxonomy":"product_tag","embeddable":true,"href":"https:\/\/tedegcompany.com\/tr\/wp-json\/wp\/v2\/product_tag?post=3783"}],"curies":[{"name":"wp","href":"https:\/\/api.w.org\/{rel}","templated":true}]}}