{"id":3947,"date":"2024-05-07T20:08:10","date_gmt":"2024-05-07T20:08:10","guid":{"rendered":"https:\/\/tedegcompany.com\/?post_type=product&#038;p=3947"},"modified":"2024-07-18T07:06:33","modified_gmt":"2024-07-18T07:06:33","slug":"dc-power-distribution-unit","status":"publish","type":"product","link":"https:\/\/tedegcompany.com\/tr\/urun\/dc-guc-dagitim-birimi\/","title":{"rendered":"DC G\u00fc\u00e7 Da\u011f\u0131t\u0131m Birimi"},"content":{"rendered":"<div data-elementor-type=\"product-post\" data-elementor-id=\"3947\" class=\"elementor elementor-3947\" data-elementor-post-type=\"product\">\n\t\t\t\t<div class=\"elementor-element elementor-element-e421479 e-flex e-con-boxed e-con e-parent\" data-id=\"e421479\" data-element_type=\"container\">\n\t\t\t\t\t<div class=\"e-con-inner\">\n\t\t\t\t<div class=\"elementor-element elementor-element-c3ccc8d elementor-widget elementor-widget-text-editor\" data-id=\"c3ccc8d\" data-element_type=\"widget\" data-widget_type=\"text-editor.default\">\n\t\t\t\t<div class=\"elementor-widget-container\">\n\t\t\t<style>\/*! elementor - v3.21.0 - 30-04-2024 *\/\n.elementor-widget-text-editor.elementor-drop-cap-view-stacked .elementor-drop-cap{background-color:#69727d;color:#fff}.elementor-widget-text-editor.elementor-drop-cap-view-framed .elementor-drop-cap{color:#69727d;border:3px solid;background-color:transparent}.elementor-widget-text-editor:not(.elementor-drop-cap-view-default) .elementor-drop-cap{margin-top:8px}.elementor-widget-text-editor:not(.elementor-drop-cap-view-default) .elementor-drop-cap-letter{width:1em;height:1em}.elementor-widget-text-editor .elementor-drop-cap{float:left;text-align:center;line-height:1;font-size:50px}.elementor-widget-text-editor .elementor-drop-cap-letter{display:inline-block}<\/style>\t\t\t\t<p><strong>Ama\u00e7<\/strong><\/p><p>Bu \u00fcr\u00fcn\u00fcn amac\u0131, farkl\u0131 DC g\u00fc\u00e7 kaynaklar\u0131ndan gelen enerjiyi toplayarak, sistemlere g\u00fcvenilir ve verimli bir \u015fekilde da\u011f\u0131tmakt\u0131r. Bu, \u00f6zellikle askeri ara\u00e7lar ve kritik altyap\u0131 sistemlerinde kesintisiz g\u00fc\u00e7 sa\u011flamak i\u00e7in \u00f6nemlidir.<\/p><p><strong>Uygulama<\/strong><\/p><ul><li><strong>Askeri Ara\u00e7lar:<\/strong> G\u00fc\u00e7 sistemlerinin stabilizasyonu ve farkl\u0131 cihazlar\u0131n \u00e7al\u0131\u015ft\u0131r\u0131lmas\u0131 i\u00e7in.<\/li><li><strong>End\u00fcstriyel Tesisler:<\/strong> \u00dcretim makinelerinin ihtiya\u00e7 duydu\u011fu spesifik DC voltajlar\u0131n sa\u011flanmas\u0131 i\u00e7in.<\/li><li><strong>Acil Durum Sistemleri:<\/strong> Kesintisiz g\u00fc\u00e7 gerektiren sistemlerin enerji ihtiya\u00e7lar\u0131n\u0131 kar\u015f\u0131lamak i\u00e7in.<\/li><\/ul><p><strong>\u00d6zellikler<\/strong><\/p><ul><li><strong>Y\u00fcksek Verimlilik:<\/strong> Enerji kay\u0131plar\u0131n\u0131 minimuma indirir.<\/li><li><strong>Geni\u015f Giri\u015f Voltaj Aral\u0131\u011f\u0131:<\/strong> Farkl\u0131 enerji kaynaklar\u0131ndan beslenebilir.<\/li><li><strong>Dayan\u0131kl\u0131 Yap\u0131:<\/strong> Zor ko\u015fullarda bile g\u00fcvenilir performans sa\u011flar.<\/li><li><strong>Koruma \u00d6zellikleri:<\/strong> A\u015f\u0131r\u0131 y\u00fck, k\u0131sa devre ve s\u0131cakl\u0131k korumas\u0131 gibi geli\u015fmi\u015f g\u00fcvenlik \u00f6zellikleri bulunur.<\/li><li><strong>Mod\u00fcler Tasar\u0131m:<\/strong> Kolay bak\u0131m ve onar\u0131m imkan\u0131 sunar.<\/li><li><strong>Dijital \u0130leti\u015fim ve Hata Bildirimi:<\/strong> \u00dcr\u00fcn Ethernet ve RS-482 ileti\u015fim altyap\u0131s\u0131 ile kullan\u0131c\u0131 ve ana kontrol birimine t\u00fcm hata, uyar\u0131 ve durum bilgilerini g\u00f6nderebilmektedir. Dijital olarak hata ve bilgi OLED ekranlara sahiptir. Birim, Ethernet ba\u011flant\u0131 aray\u00fcz\u00fc ve masa\u00fcst\u00fc web kontrol yaz\u0131l\u0131m\u0131 ile birimin hata, uyar\u0131, a\u00e7ma kapama ve \u00e7al\u0131\u015fma e\u015fik s\u0131n\u0131r de\u011ferleri de\u011fi\u015ftirilebilir ve programlanabilir.<\/li><li><strong>\u00c7oklu Giri\u015f ve \u00c7\u0131k\u0131\u015f:<\/strong> 4 adet giri\u015f (Batarya 1, Batarya 2, Alternat\u00f6r, Ak\u00fc \u015earj Cihaz\u0131) ve \u00e7e\u015fitli \u00e7\u0131k\u0131\u015f kapasitesine sahip MIDI tip sigortalar ile donat\u0131lm\u0131\u015ft\u0131r. Bizim her bir \u00e7\u0131k\u0131\u015fa ait birim sigortal\u0131 bulunur.<\/li><li><strong>So\u011futma Sistemi:<\/strong> Termostat kontroll\u00fc fanlar ile s\u0131cakl\u0131k y\u00f6netimi sa\u011flar.<\/li><li><strong>EMI Korumas\u0131:<\/strong> EMI korumas\u0131 ile askeri alanda elektromanyetik uyumlulu\u011fa sahiptir.<\/li><li><strong>6 Farkl\u0131 DC Bara:<\/strong> G\u00fcc\u00fc verimli ve ak\u0131ll\u0131 bir \u015fekilde y\u00f6netir ve kullan\u0131c\u0131ya raporlar.<\/li><li><strong>Uzaktan Kontrol ve \u0130zleme:<\/strong> Uzaktan kontrol ve izleme imkan\u0131 sunar, bu sayede sistemin durumu ve performans\u0131 s\u00fcrekli olarak izlenebilir ve y\u00f6netilebilir.<\/li><\/ul><p><strong>Anahtar Kelimeler ve LSI Anahtar Kelimeleri<\/strong><\/p><ul><li><strong>Anahtar Kelimeler:<\/strong> DC g\u00fc\u00e7 da\u011f\u0131t\u0131m birimi, g\u00fc\u00e7 y\u00f6netim sistemi, y\u00fcksek verimlilik, end\u00fcstriyel g\u00fc\u00e7 \u00e7\u00f6z\u00fcmleri, askeri g\u00fc\u00e7 sistemleri, DC-DC d\u00f6n\u00fc\u015ft\u00fcr\u00fcc\u00fc.<\/li><li><strong>LSI Anahtar Kelimeleri:<\/strong> Voltaj da\u011f\u0131t\u0131m birimi, enerji y\u00f6netimi, DC g\u00fc\u00e7 kayna\u011f\u0131, askeri standartlar, EMI\/EMC koruma, mod\u00fcler g\u00fc\u00e7 \u00e7\u00f6z\u00fcm\u00fc.<\/li><\/ul><p><strong>Nas\u0131l \u00c7al\u0131\u015f\u0131r?<\/strong><\/p><p>DC G\u00fc\u00e7 Da\u011f\u0131t\u0131m Birimi, \u00e7e\u015fitli DC g\u00fc\u00e7 kaynaklar\u0131ndan gelen enerjiyi toplar ve bu enerjiyi sistem gereksinimlerine g\u00f6re da\u011f\u0131t\u0131r. \u00dcr\u00fcn, enerji giri\u015flerini filtreler ve korur, ard\u0131ndan uygun voltaj seviyelerine d\u00f6n\u00fc\u015ft\u00fcrerek \u00e7\u0131k\u0131\u015f sa\u011flar. Geli\u015fmi\u015f kontrol \u00fcnitesi, s\u0131cakl\u0131k, voltaj ve ak\u0131m parametrelerini izler ve y\u00f6netir.<\/p><p><strong>Hangi Par\u00e7alardan Olu\u015fur?<\/strong><\/p><ul><li><strong>Giri\u015f Filtreleri:<\/strong> Giri\u015f gerilimini d\u00fczenler ve olas\u0131 parazitleri \u00f6nler.<\/li><li><strong>AC-DC D\u00f6n\u00fc\u015ft\u00fcr\u00fcc\u00fc:<\/strong> Giri\u015f AC voltaj\u0131n\u0131 DC\u2019ye \u00e7evirir.<\/li><li><strong>DC-AC D\u00f6n\u00fc\u015ft\u00fcr\u00fcc\u00fc:<\/strong> DC voltaj\u0131n\u0131 istenen AC voltaj ve frekans\u0131na \u00e7evirir.<\/li><li><strong>Kontrol \u00dcnitesi:<\/strong> D\u00f6n\u00fc\u015f\u00fcm i\u015flemlerini y\u00f6netir ve \u00e7\u0131k\u0131\u015f parametrelerini kontrol eder.<\/li><li><strong>\u00c7\u0131k\u0131\u015f Filtreleri:<\/strong> \u00c7\u0131k\u0131\u015f gerilimini d\u00fczenler ve saf bir sin\u00fcs dalgas\u0131 sa\u011flar.<\/li><li><strong>OLED Ekranlar:<\/strong> Dijital olarak hata ve bilgi bildirimleri g\u00f6sterir<\/li><li><strong>So\u011futma Fanlar\u0131:<\/strong> Termostat kontroll\u00fc fanlar ile s\u0131cakl\u0131k y\u00f6netimi sa\u011flar.<\/li><li><strong>MIDI Tip Sigortalar:<\/strong> Termostat kontroll\u00fc fanlar ile s\u0131cakl\u0131k y\u00f6netimi sa\u011flar.<\/li><\/ul><p><strong>Kar\u015f\u0131lad\u0131\u011f\u0131 Test Uygunluklar\u0131 Nedir?<\/strong><\/p><ul><li><strong>EMC Uyumlulu\u011fu:<\/strong> Elektromanyetik uyumluluk testlerini kar\u015f\u0131lar.<\/li><li><strong>G\u00fcvenlik Testleri:<\/strong> A\u015f\u0131r\u0131 y\u00fck, k\u0131sa devre ve s\u0131cakl\u0131k koruma testlerinden ge\u00e7mi\u015ftir.<\/li><li><strong>Askeri Standartlar:<\/strong> MIL-STD-810G gibi askeri standartlara uygun olarak test edilmi\u015ftir.<\/li><\/ul><p><strong>Ne \u0130\u015fe Yarar?<\/strong><\/p><p>Bu \u00fcr\u00fcn, \u00e7e\u015fitli DC g\u00fc\u00e7 kaynaklar\u0131ndan gelen enerjiyi toplayarak, g\u00fcvenli ve verimli bir \u015fekilde sistemlere da\u011f\u0131tarak, kesintisiz g\u00fc\u00e7 sa\u011flar. \u00d6zellikle farkl\u0131 b\u00f6lgelerdeki enerji standartlar\u0131n\u0131n uyumlu hale getirilmesinde ve \u00f6zel uygulamalarda stabil ve g\u00fcvenilir enerji sa\u011flamak i\u00e7in kullan\u0131l\u0131r.<\/p>\t\t\t\t\t\t<\/div>\n\t\t\t\t<\/div>\n\t\t\t\t<div class=\"elementor-element elementor-element-149896a elementor-show-heading-yes elementor-widget elementor-widget-woocommerce-product-additional-information\" data-id=\"149896a\" data-element_type=\"widget\" data-widget_type=\"woocommerce-product-additional-information.default\">\n\t\t\t\t<div class=\"elementor-widget-container\">\n\t\t\t<link rel=\"stylesheet\" href=\"https:\/\/tedegcompany.com\/wp-content\/plugins\/elementor-pro\/assets\/css\/widget-woocommerce.min.css\">\n\t<h2 data-no-translation=\"\" data-trp-gettext=\"\">\u00dcr\u00fcn \u00d6zellikleri<\/h2>\n\n\t<table class=\"woocommerce-product-attributes shop_attributes table table-striped\">\r\n\t\t\t\t\t<tr class=\"woocommerce-product-attributes-item woocommerce-product-attributes-item--attribute_number-of-entries\">\r\n\t\t\t\t<th class=\"woocommerce-product-attributes-item__label\">Giri\u015f Say\u0131s\u0131<\/th>\r\n\t\t\t\t<td class=\"woocommerce-product-attributes-item__value\"><p>4<\/p>\n<\/td>\r\n\t\t\t<\/tr>\r\n\t\t\t\t\t<tr class=\"woocommerce-product-attributes-item woocommerce-product-attributes-item--attribute_input-types\">\r\n\t\t\t\t<th class=\"woocommerce-product-attributes-item__label\">Giri\u015f Tipleri<\/th>\r\n\t\t\t\t<td class=\"woocommerce-product-attributes-item__value\"><p>Batarya 1,<br \/>\nBatarya 2,<br \/>\nAlternat\u00f6r,<br \/>\nAk\u00fc \u015earj Cihaz\u0131<\/p>\n<\/td>\r\n\t\t\t<\/tr>\r\n\t\t\t\t\t<tr class=\"woocommerce-product-attributes-item woocommerce-product-attributes-item--attribute_busbar\">\r\n\t\t\t\t<th class=\"woocommerce-product-attributes-item__label\">Bara<\/th>\r\n\t\t\t\t<td class=\"woocommerce-product-attributes-item__value\"><p>(+) ve (-) tipte 400 Amper Bara<\/p>\n<\/td>\r\n\t\t\t<\/tr>\r\n\t\t\t\t\t<tr class=\"woocommerce-product-attributes-item woocommerce-product-attributes-item--attribute_cable-connector-transitions\">\r\n\t\t\t\t<th class=\"woocommerce-product-attributes-item__label\">Kablo Konekt\u00f6r Ge\u00e7i\u015fleri<\/th>\r\n\t\t\t\t<td class=\"woocommerce-product-attributes-item__value\"><p>Kablo \u00e7ap\u0131na uygun IP67 Tip PG Rekor<\/p>\n<\/td>\r\n\t\t\t<\/tr>\r\n\t\t\t\t\t<tr class=\"woocommerce-product-attributes-item woocommerce-product-attributes-item--attribute_output-fuse-type-and-capacity\">\r\n\t\t\t\t<th class=\"woocommerce-product-attributes-item__label\">\u00c7\u0131k\u0131\u015f Sigorta Tipi ve Kapasitesi<\/th>\r\n\t\t\t\t<td class=\"woocommerce-product-attributes-item__value\"><p>MIDI Tip, 100 Amper @28 VDC<br \/>\nMIDI Tip, 60 Amper @28 VDC<br \/>\nMIDI Tip, 30 Amper @28 VDC<\/p>\n<\/td>\r\n\t\t\t<\/tr>\r\n\t\t\t\t\t<tr class=\"woocommerce-product-attributes-item woocommerce-product-attributes-item--attribute_spare-fuse-types-and-its-capacity\">\r\n\t\t\t\t<th class=\"woocommerce-product-attributes-item__label\">Yedek Sigorta Tipleri ve Kapasitesi<\/th>\r\n\t\t\t\t<td class=\"woocommerce-product-attributes-item__value\"><p>3 adet, 30 Amper MIDI Tip<br \/>\n3 adet, 60 Amper MIDI Tip<br \/>\n3 adet, 100 Amper MIDI Tip<br \/>\n3 adet, 200 Amper MIDI Tip<\/p>\n<\/td>\r\n\t\t\t<\/tr>\r\n\t\t\t\t\t<tr class=\"woocommerce-product-attributes-item woocommerce-product-attributes-item--attribute_cooling-type\">\r\n\t\t\t\t<th class=\"woocommerce-product-attributes-item__label\">So\u011futma T\u00fcr\u00fc<\/th>\r\n\t\t\t\t<td class=\"woocommerce-product-attributes-item__value\"><p>2 adet Axial Fan (Emi\u015f K\u0131sm\u0131nda)<\/p>\n<\/td>\r\n\t\t\t<\/tr>\r\n\t\t\t\t\t<tr class=\"woocommerce-product-attributes-item woocommerce-product-attributes-item--attribute_hinge\">\r\n\t\t\t\t<th class=\"woocommerce-product-attributes-item__label\">Mente\u015fe<\/th>\r\n\t\t\t\t<td class=\"woocommerce-product-attributes-item__value\"><p>Var. Torklu Tip Mente\u015fe<\/p>\n<\/td>\r\n\t\t\t<\/tr>\r\n\t\t\t\t\t<tr class=\"woocommerce-product-attributes-item woocommerce-product-attributes-item--attribute_thermostat\">\r\n\t\t\t\t<th class=\"woocommerce-product-attributes-item__label\">Termostat<\/th>\r\n\t\t\t\t<td class=\"woocommerce-product-attributes-item__value\"><p>30 \u00b0C ve \u00fczerinde devreye girer ve so\u011futma fanlar\u0131n\u0131\nkademeli \u00e7al\u0131\u015ft\u0131r\u0131r.<\/p>\n<\/td>\r\n\t\t\t<\/tr>\r\n\t\t\t\t\t<tr class=\"woocommerce-product-attributes-item woocommerce-product-attributes-item--attribute_sealing\">\r\n\t\t\t\t<th class=\"woocommerce-product-attributes-item__label\">S\u0131zd\u0131rmazl\u0131k<\/th>\r\n\t\t\t\t<td class=\"woocommerce-product-attributes-item__value\"><p>MIL-STD810G, Method 506.5,<br \/>\nProsed\u00fcr I, (Su S\u0131zd\u0131rmaz)<br \/>\nTest S\u00fcresi: 30 dakika<\/p>\n<\/td>\r\n\t\t\t<\/tr>\r\n\t\t\t\t\t<tr class=\"woocommerce-product-attributes-item woocommerce-product-attributes-item--attribute_emiemc-protection\">\r\n\t\t\t\t<th class=\"woocommerce-product-attributes-item__label\">EMI\/EMC Korumas\u0131<\/th>\r\n\t\t\t\t<td class=\"woocommerce-product-attributes-item__value\"><p>Var. EMI conta.<\/p>\n<\/td>\r\n\t\t\t<\/tr>\r\n\t\t\t\t\t<tr class=\"woocommerce-product-attributes-item woocommerce-product-attributes-item--attribute_operating-temperature\">\r\n\t\t\t\t<th class=\"woocommerce-product-attributes-item__label\">\u00c7al\u0131\u015fma S\u0131cakl\u0131\u011f\u0131<\/th>\r\n\t\t\t\t<td class=\"woocommerce-product-attributes-item__value\"><p>-32 , +52 \u00b0C<\/p>\n<\/td>\r\n\t\t\t<\/tr>\r\n\t\t\t\t\t<tr class=\"woocommerce-product-attributes-item woocommerce-product-attributes-item--attribute_battery-breaker\">\r\n\t\t\t\t<th class=\"woocommerce-product-attributes-item__label\">Ak\u00fc Kesici<\/th>\r\n\t\t\t\t<td class=\"woocommerce-product-attributes-item__value\"><p>Evet<\/p>\n<\/td>\r\n\t\t\t<\/tr>\r\n\t\t\t\t\t<tr class=\"woocommerce-product-attributes-item woocommerce-product-attributes-item--attribute_weight\">\r\n\t\t\t\t<th class=\"woocommerce-product-attributes-item__label\">A\u011f\u0131rl\u0131k<\/th>\r\n\t\t\t\t<td class=\"woocommerce-product-attributes-item__value\"><p>14 \u00b1 2 KG<\/p>\n<\/td>\r\n\t\t\t<\/tr>\r\n\t\t\t\t\t<tr class=\"woocommerce-product-attributes-item woocommerce-product-attributes-item--attribute_emergency-stop-button\">\r\n\t\t\t\t<th class=\"woocommerce-product-attributes-item__label\">Acil Durdurma Butonu<\/th>\r\n\t\t\t\t<td class=\"woocommerce-product-attributes-item__value\"><p>Evet<\/p>\n<\/td>\r\n\t\t\t<\/tr>\r\n\t\t\t\t\t<tr class=\"woocommerce-product-attributes-item woocommerce-product-attributes-item--attribute_part-number-tdg-edp-d0x\">\r\n\t\t\t\t<th class=\"woocommerce-product-attributes-item__label\">Par\u00e7a Numaras\u0131 TDG-EDP-D0X<\/th>\r\n\t\t\t\t<td class=\"woocommerce-product-attributes-item__value\"><p>x=<br \/>\n0: Askeri Ye\u015fil Green 383, FED STD 595B 34094 (<br \/>\nAYL)<br \/>\n1:RAL 1002 Sand Yellow<br \/>\n2: Toprak Sar\u0131s\u0131 Earth Yellow , FED STD<br \/>\n595B 33245 (TSR)<br \/>\n3: RAL6014 Yellow Olive<\/p>\n<\/td>\r\n\t\t\t<\/tr>\r\n\t\t\t<\/table>\r\n\r\n\t\t<\/div>\n\t\t\t\t<\/div>\n\t\t\t\t\t<\/div>\n\t\t\t\t<\/div>\n\t\t\t\t<div class=\"elementor-section elementor-top-section elementor-element elementor-element-cf86397 ml-md-4 mr-md-4 elementor-section-content-middle elementor-section-boxed elementor-section-height-default elementor-section-height-default\" data-id=\"cf86397\" data-element_type=\"section\" data-settings=\"{&quot;background_background&quot;:&quot;classic&quot;,&quot;animation&quot;:&quot;none&quot;}\">\r\n\t\t\r\n\t\t\t\t\t\t\t<div class=\"elementor-container elementor-column-gap-default\">\r\n\t\t\t\t\t\t\t\t\t\t\t<div class=\"elementor-column elementor-col-50 elementor-top-column elementor-element elementor-element-7ff819a\" data-id=\"7ff819a\" data-element_type=\"column\">\r\n\t\t\t\t\t<div class=\"elementor-widget-wrap elementor-element-populated\">\r\n\t\t\t\t\t\t\t\t<div class=\"elementor-element elementor-element-c312e4e mb-2 elementor-invisible elementor-widget elementor-widget-heading\" data-id=\"c312e4e\" data-element_type=\"widget\" data-settings=\"{&quot;_animation&quot;:&quot;fadeIn&quot;}\" data-widget_type=\"heading.default\">\n\t\t\t\t<div class=\"elementor-widget-container\">\n\t\t\t<style>\/*! elementor - v3.21.0 - 30-04-2024 *\/\n.elementor-heading-title{padding:0;margin:0;line-height:1}.elementor-widget-heading .elementor-heading-title[class*=elementor-size-]>a{color:inherit;font-size:inherit;line-height:inherit}.elementor-widget-heading .elementor-heading-title.elementor-size-small{font-size:15px}.elementor-widget-heading .elementor-heading-title.elementor-size-medium{font-size:19px}.elementor-widget-heading .elementor-heading-title.elementor-size-large{font-size:29px}.elementor-widget-heading .elementor-heading-title.elementor-size-xl{font-size:39px}.elementor-widget-heading .elementor-heading-title.elementor-size-xxl{font-size:59px}<\/style><h3 class=\"elementor-heading-title elementor-size-default\">TEKN\u0130K D\u00d6K\u00dcMAN - TR<\/h3>\t\t<\/div>\n\t\t\t\t<\/div>\n\t\t\t\t<div class=\"elementor-element elementor-element-4faa39e mb-1 elementor-invisible elementor-widget elementor-widget-heading\" data-id=\"4faa39e\" data-element_type=\"widget\" data-settings=\"{&quot;_animation&quot;:&quot;fadeIn&quot;}\" data-widget_type=\"heading.default\">\n\t\t\t\t<div class=\"elementor-widget-container\">\n\t\t\t<div class=\"elementor-heading-title elementor-size-default\">DC G\u00dc\u00c7 DA\u011eITIM PANOSU<\/div>\t\t<\/div>\n\t\t\t\t<\/div>\n\t\t\t\t\t<\/div>\r\n\t\t\t\t<\/div>\r\n\t\t\t\t<div class=\"elementor-column elementor-col-50 elementor-top-column elementor-element elementor-element-35ba497\" data-id=\"35ba497\" data-element_type=\"column\">\r\n\t\t\t\t\t<div class=\"elementor-widget-wrap elementor-element-populated\">\r\n\t\t\t\t\t\t\t\t<div class=\"elementor-element elementor-element-75aee81 wp-button btn-gradient elementor-widget__width-auto elementor-invisible elementor-widget elementor-widget-porto_button\" data-id=\"75aee81\" data-element_type=\"widget\" data-settings=\"{&quot;align&quot;:&quot;right&quot;,&quot;align_tablet&quot;:&quot;left&quot;,&quot;_animation&quot;:&quot;fadeIn&quot;}\" data-widget_type=\"porto_button.default\">\n\t\t\t\t<div class=\"elementor-widget-container\">\n\t\t\t<a aria-label=\"d\u00fc\u011fme\" class=\"btn btn-xl btn-primary btn-modern btn-full-rounded btn-icon\" href=\"https:\/\/tedegcompany.com\/wp-content\/uploads\/2024\/06\/DC-Guc-Dagitim-Panosu.pdf\"><i class=\"Simple-Line-Icons-cloud-download\"><\/i><span >\u0130ND\u0130R<\/span><\/a>\t\t<\/div>\n\t\t\t\t<\/div>\n\t\t\t\t\t<\/div>\r\n\t\t\t\t<\/div>\r\n\t\t\t\t\t<\/div>\r\n\t\t\t\t<\/div>\r\n\t\t\t\t<\/div>","protected":false},"excerpt":{"rendered":"<p class=\" translation-block\">Tedeg M\u00fchendislik taraf\u0131ndan geli\u015ftirilen DC G\u00fc\u00e7 Da\u011f\u0131t\u0131m Birimi, \u00e7e\u015fitli DC g\u00fc\u00e7 kaynaklar\u0131ndan gelen enerjiyi toplayarak sistemlere da\u011f\u0131tan bir g\u00fc\u00e7 y\u00f6netim cihaz\u0131d\u0131r. Askeri standartlarda \u00fcretilmi\u015f olan bu \u00fcr\u00fcn, y\u00fcksek g\u00fcvenilirlik ve verimlilik sunar. Tedeg M\u00fchendislik'in bu \u00fcr\u00fcn\u00fc, askeri alanda MIL-STD-810G ya\u011fmurlama standard\u0131n\u0131 kar\u015f\u0131layacak \u015fekilde tasarlanm\u0131\u015f ve \u00fcretildi\u011fi t\u00fcm testlerden ba\u015far\u0131yla ge\u00e7mi\u015ftir. Farkl\u0131 DC kaynaklardan gelen farkl\u0131 kapasite ve gerilimlerde yer alan DC g\u00fc\u00e7leri ak\u0131ll\u0131 bi\u00e7imde toplayarak karma\u015f\u0131k ana sistemin ihtiyac\u0131 olan DC ve AC g\u00fc\u00e7lere \u00e7evirerek sistemi y\u00f6netir ve besler.<\/p>","protected":false},"featured_media":4232,"template":"","meta":[],"product_cat":[34],"product_tag":[],"class_list":{"0":"post-3947","1":"product","2":"type-product","3":"status-publish","4":"has-post-thumbnail","6":"product_cat-military-truck-mounted-platform-power-systems","8":"first","9":"instock","10":"shipping-taxable","11":"product-type-simple"},"_links":{"self":[{"href":"https:\/\/tedegcompany.com\/tr\/wp-json\/wp\/v2\/product\/3947","targetHints":{"allow":["GET"]}}],"collection":[{"href":"https:\/\/tedegcompany.com\/tr\/wp-json\/wp\/v2\/product"}],"about":[{"href":"https:\/\/tedegcompany.com\/tr\/wp-json\/wp\/v2\/types\/product"}],"version-history":[{"count":18,"href":"https:\/\/tedegcompany.com\/tr\/wp-json\/wp\/v2\/product\/3947\/revisions"}],"predecessor-version":[{"id":4279,"href":"https:\/\/tedegcompany.com\/tr\/wp-json\/wp\/v2\/product\/3947\/revisions\/4279"}],"wp:featuredmedia":[{"embeddable":true,"href":"https:\/\/tedegcompany.com\/tr\/wp-json\/wp\/v2\/media\/4232"}],"wp:attachment":[{"href":"https:\/\/tedegcompany.com\/tr\/wp-json\/wp\/v2\/media?parent=3947"}],"wp:term":[{"taxonomy":"product_cat","embeddable":true,"href":"https:\/\/tedegcompany.com\/tr\/wp-json\/wp\/v2\/product_cat?post=3947"},{"taxonomy":"product_tag","embeddable":true,"href":"https:\/\/tedegcompany.com\/tr\/wp-json\/wp\/v2\/product_tag?post=3947"}],"curies":[{"name":"wp","href":"https:\/\/api.w.org\/{rel}","templated":true}]}}