{"id":4666,"date":"2024-09-23T07:23:17","date_gmt":"2024-09-23T07:23:17","guid":{"rendered":"https:\/\/tedegcompany.com\/?post_type=product&#038;p=4666"},"modified":"2024-09-23T10:12:15","modified_gmt":"2024-09-23T10:12:15","slug":"reverse-polarity-protection-unit","status":"publish","type":"product","link":"https:\/\/tedegcompany.com\/tr\/urun\/ters-polarite-birimi\/","title":{"rendered":"Ters Polarite Birimi"},"content":{"rendered":"<div data-elementor-type=\"product-post\" data-elementor-id=\"4666\" class=\"elementor elementor-4666\" data-elementor-post-type=\"product\">\n\t\t\t\t<div class=\"elementor-element elementor-element-e421479 e-flex e-con-boxed e-con e-parent\" data-id=\"e421479\" data-element_type=\"container\">\n\t\t\t\t\t<div class=\"e-con-inner\">\n\t\t\t\t<div class=\"elementor-element elementor-element-510a3c3 elementor-widget elementor-widget-text-editor\" data-id=\"510a3c3\" data-element_type=\"widget\" data-widget_type=\"text-editor.default\">\n\t\t\t\t<div class=\"elementor-widget-container\">\n\t\t\t<style>\/*! elementor - v3.21.0 - 30-04-2024 *\/\n.elementor-widget-text-editor.elementor-drop-cap-view-stacked .elementor-drop-cap{background-color:#69727d;color:#fff}.elementor-widget-text-editor.elementor-drop-cap-view-framed .elementor-drop-cap{color:#69727d;border:3px solid;background-color:transparent}.elementor-widget-text-editor:not(.elementor-drop-cap-view-default) .elementor-drop-cap{margin-top:8px}.elementor-widget-text-editor:not(.elementor-drop-cap-view-default) .elementor-drop-cap-letter{width:1em;height:1em}.elementor-widget-text-editor .elementor-drop-cap{float:left;text-align:center;line-height:1;font-size:50px}.elementor-widget-text-editor .elementor-drop-cap-letter{display:inline-block}<\/style>\t\t\t\t<p><strong>Uygulama Alanlar\u0131:<\/strong><\/p><p>Tedeg Ters Polarite Koruma Birimi, otomotiv, savunma sanayi ve end\u00fcstriyel uygulamalarda geni\u015f bir kullan\u0131m yelpazesi sunar. \u00d6zellikle askeri ara\u00e7lar, ticari ara\u00e7lar ve a\u011f\u0131r i\u015f makineleri gibi kritik sistemlerde tercih edilen bu \u00fcr\u00fcn, ak\u00fc kaynakl\u0131 hatal\u0131 ba\u011flant\u0131 durumlar\u0131nda g\u00fcvenilir koruma sa\u011flar.<\/p><p><strong>Teknik \u00d6zellikler:<\/strong><\/p><ul><li><strong>\u00c7al\u0131\u015fma Gerilimi: <\/strong>12V \/ 24V DC<\/li><li class=\" translation-block\"><strong>Maksimum Ak\u0131m Kapasitesi:<\/strong> 500 Ampere kadar<\/li><li><strong>\u00c7al\u0131\u015fma S\u0131cakl\u0131\u011f\u0131: <\/strong>-40\u00b0C ile +120\u00b0C<\/li><li><strong>Kasa Tipi: <\/strong>IP67 koruma s\u0131n\u0131f\u0131na sahip dayan\u0131kl\u0131 tasar\u0131m<\/li><li><strong>Ba\u011flant\u0131 Tipi: <\/strong>Standart terminal ba\u011flant\u0131lar\u0131<\/li><li><strong>Koruma Seviyesi: <\/strong>IP67<\/li><\/ul><p><strong>Geli\u015fmi\u015f \u00d6zellikler<\/strong><\/p><ul><li><strong>Y\u00fcksek Koruma Kapasitesi: <\/strong>12V ve 24V ak\u00fc sistemlerinde etkin koruma sa\u011flar<\/li><li class=\" translation-block\"><strong>H\u0131zl\u0131 Tepki S\u00fcresi:<\/strong>  Ters polarite durumunda milisaniyeler i\u00e7inde devreyi keser.<\/li><li><strong>Kompakt ve Dayan\u0131kl\u0131 Tasar\u0131m: <\/strong>Ara\u00e7larda zorlu \u00e7evre ko\u015fullar\u0131na dayanacak \u015fekilde \u00fcretilmi\u015ftir.<\/li><li><strong>Kolay Montaj: <\/strong>Standart ba\u011flant\u0131 u\u00e7lar\u0131 ve esnek montaj se\u00e7enekleri ile h\u0131zl\u0131 ve g\u00fcvenli kurulum imkan\u0131 sunar.<\/li><li><strong>Alternat\u00f6r Koruma: <\/strong>Ara\u00e7 alternat\u00f6r\u00fcn\u00fc ters polarite kaynakl\u0131 k\u0131sa devre ve a\u015f\u0131r\u0131 ak\u0131mdan korur.<\/li><li><strong>Dahili Diyot Teknolojisi: <\/strong>Minimum enerji kayb\u0131 ile maksimum koruma sa\u011flar.<\/li><\/ul>\t\t\t\t\t\t<\/div>\n\t\t\t\t<\/div>\n\t\t\t\t\t<\/div>\n\t\t\t\t<\/div>\n\t\t\t\t<div class=\"elementor-section elementor-top-section elementor-element elementor-element-cf86397 ml-md-4 mr-md-4 elementor-section-content-middle elementor-section-boxed elementor-section-height-default elementor-section-height-default\" data-id=\"cf86397\" data-element_type=\"section\" data-settings=\"{&quot;background_background&quot;:&quot;classic&quot;,&quot;animation&quot;:&quot;none&quot;}\">\r\n\t\t\r\n\t\t\t\t\t\t\t<div class=\"elementor-container elementor-column-gap-default\">\r\n\t\t\t\t\t\t\t\t\t\t\t<div class=\"elementor-column elementor-col-50 elementor-top-column elementor-element elementor-element-7ff819a\" data-id=\"7ff819a\" data-element_type=\"column\">\r\n\t\t\t\t\t<div class=\"elementor-widget-wrap elementor-element-populated\">\r\n\t\t\t\t\t\t\t\t<div class=\"elementor-element elementor-element-c312e4e mb-2 elementor-invisible elementor-widget elementor-widget-heading\" data-id=\"c312e4e\" data-element_type=\"widget\" data-settings=\"{&quot;_animation&quot;:&quot;fadeIn&quot;}\" data-widget_type=\"heading.default\">\n\t\t\t\t<div class=\"elementor-widget-container\">\n\t\t\t<style>\/*! elementor - v3.21.0 - 30-04-2024 *\/\n.elementor-heading-title{padding:0;margin:0;line-height:1}.elementor-widget-heading .elementor-heading-title[class*=elementor-size-]>a{color:inherit;font-size:inherit;line-height:inherit}.elementor-widget-heading .elementor-heading-title.elementor-size-small{font-size:15px}.elementor-widget-heading .elementor-heading-title.elementor-size-medium{font-size:19px}.elementor-widget-heading .elementor-heading-title.elementor-size-large{font-size:29px}.elementor-widget-heading .elementor-heading-title.elementor-size-xl{font-size:39px}.elementor-widget-heading .elementor-heading-title.elementor-size-xxl{font-size:59px}<\/style><h3 class=\"elementor-heading-title elementor-size-default\">TEKN\u0130K D\u00d6K\u00dcMAN - TR<\/h3>\t\t<\/div>\n\t\t\t\t<\/div>\n\t\t\t\t\t<\/div>\r\n\t\t\t\t<\/div>\r\n\t\t\t\t<div class=\"elementor-column elementor-col-50 elementor-top-column elementor-element elementor-element-35ba497\" data-id=\"35ba497\" data-element_type=\"column\">\r\n\t\t\t\t\t<div class=\"elementor-widget-wrap elementor-element-populated\">\r\n\t\t\t\t\t\t\t\t<div class=\"elementor-element elementor-element-75aee81 wp-button btn-gradient elementor-widget__width-auto elementor-invisible elementor-widget elementor-widget-porto_button\" data-id=\"75aee81\" data-element_type=\"widget\" data-settings=\"{&quot;align&quot;:&quot;right&quot;,&quot;align_tablet&quot;:&quot;left&quot;,&quot;_animation&quot;:&quot;fadeIn&quot;}\" data-widget_type=\"porto_button.default\">\n\t\t\t\t<div class=\"elementor-widget-container\">\n\t\t\t<a aria-label=\"d\u00fc\u011fme\" class=\"btn btn-xl btn-primary btn-modern btn-full-rounded btn-icon\" href=\"https:\/\/tedegcompany.com\/wp-content\/uploads\/2024\/09\/TPB-Ters-Polarite-Birimi-.pdf\"><i class=\"Simple-Line-Icons-cloud-download\"><\/i><span >\u0130ND\u0130R<\/span><\/a>\t\t<\/div>\n\t\t\t\t<\/div>\n\t\t\t\t\t<\/div>\r\n\t\t\t\t<\/div>\r\n\t\t\t\t\t<\/div>\r\n\t\t\t\t<\/div>\r\n\t\t\t\t<\/div>","protected":false},"excerpt":{"rendered":"<p>Tedeg Ters Polarite Koruma Birimi, ara\u00e7 ak\u00fc sistemlerinde meydana gelebilecek yanl\u0131\u015f polarite ba\u011flant\u0131lar\u0131na kar\u015f\u0131 alternat\u00f6r ve di\u011fer hassas bile\u015fenleri korumak i\u00e7in \u00f6zel olarak tasarlanm\u0131\u015ft\u0131r. Ara\u00e7 ak\u00fcs\u00fcn\u00fcn ters ba\u011flanmas\u0131 durumunda olu\u015fabilecek ak\u0131m, elektronik bile\u015fenlerin ve ara\u00e7 elektrik sistemlerinin zarar g\u00f6rmesine yol a\u00e7abilir. Bu durumu \u00f6nlemek i\u00e7in kullan\u0131lan birim, dahili diyot teknolojisi ile ters polariteyi alg\u0131lar ve devreyi an\u0131nda keser. Bu sayede sistemin t\u00fcm bile\u015fenleri g\u00fcvenle korunmu\u015f olur.<\/p>","protected":false},"featured_media":4669,"template":"","meta":[],"product_cat":[34,33],"product_tag":[],"class_list":{"0":"post-4666","1":"product","2":"type-product","3":"status-publish","4":"has-post-thumbnail","6":"product_cat-military-truck-mounted-platform-power-systems","7":"product_cat-military-vehicle-subsystems","9":"first","10":"instock","11":"shipping-taxable","12":"product-type-simple"},"_links":{"self":[{"href":"https:\/\/tedegcompany.com\/tr\/wp-json\/wp\/v2\/product\/4666","targetHints":{"allow":["GET"]}}],"collection":[{"href":"https:\/\/tedegcompany.com\/tr\/wp-json\/wp\/v2\/product"}],"about":[{"href":"https:\/\/tedegcompany.com\/tr\/wp-json\/wp\/v2\/types\/product"}],"version-history":[{"count":14,"href":"https:\/\/tedegcompany.com\/tr\/wp-json\/wp\/v2\/product\/4666\/revisions"}],"predecessor-version":[{"id":4684,"href":"https:\/\/tedegcompany.com\/tr\/wp-json\/wp\/v2\/product\/4666\/revisions\/4684"}],"wp:featuredmedia":[{"embeddable":true,"href":"https:\/\/tedegcompany.com\/tr\/wp-json\/wp\/v2\/media\/4669"}],"wp:attachment":[{"href":"https:\/\/tedegcompany.com\/tr\/wp-json\/wp\/v2\/media?parent=4666"}],"wp:term":[{"taxonomy":"product_cat","embeddable":true,"href":"https:\/\/tedegcompany.com\/tr\/wp-json\/wp\/v2\/product_cat?post=4666"},{"taxonomy":"product_tag","embeddable":true,"href":"https:\/\/tedegcompany.com\/tr\/wp-json\/wp\/v2\/product_tag?post=4666"}],"curies":[{"name":"wp","href":"https:\/\/api.w.org\/{rel}","templated":true}]}}