{"id":4685,"date":"2024-09-23T07:44:19","date_gmt":"2024-09-23T07:44:19","guid":{"rendered":"https:\/\/tedegcompany.com\/?post_type=product&#038;p=4685"},"modified":"2024-09-23T07:58:59","modified_gmt":"2024-09-23T07:58:59","slug":"pdu-rt5002-military-power-distribution-unit","status":"publish","type":"product","link":"https:\/\/tedegcompany.com\/tr\/urun\/pdu-rt5002-asker-guc-dagitim-birimi\/","title":{"rendered":"PDU-RT5002 Askeri G\u00fc\u00e7 Da\u011f\u0131t\u0131m Birimi"},"content":{"rendered":"<div data-elementor-type=\"product-post\" data-elementor-id=\"4685\" class=\"elementor elementor-4685\" data-elementor-post-type=\"product\">\n\t\t\t\t<div class=\"elementor-element elementor-element-e421479 e-flex e-con-boxed e-con e-parent\" data-id=\"e421479\" data-element_type=\"container\">\n\t\t\t\t\t<div class=\"e-con-inner\">\n\t\t\t\t<div class=\"elementor-element elementor-element-510a3c3 elementor-widget elementor-widget-text-editor\" data-id=\"510a3c3\" data-element_type=\"widget\" data-widget_type=\"text-editor.default\">\n\t\t\t\t<div class=\"elementor-widget-container\">\n\t\t\t<style>\/*! elementor - v3.21.0 - 30-04-2024 *\/\n.elementor-widget-text-editor.elementor-drop-cap-view-stacked .elementor-drop-cap{background-color:#69727d;color:#fff}.elementor-widget-text-editor.elementor-drop-cap-view-framed .elementor-drop-cap{color:#69727d;border:3px solid;background-color:transparent}.elementor-widget-text-editor:not(.elementor-drop-cap-view-default) .elementor-drop-cap{margin-top:8px}.elementor-widget-text-editor:not(.elementor-drop-cap-view-default) .elementor-drop-cap-letter{width:1em;height:1em}.elementor-widget-text-editor .elementor-drop-cap{float:left;text-align:center;line-height:1;font-size:50px}.elementor-widget-text-editor .elementor-drop-cap-letter{display:inline-block}<\/style>\t\t\t\t<p>PDU-RT-5002, 10 adede kadar 25 amper kapasiteli AC\/DC \u00e7\u0131k\u0131\u015fa sahip olup, a\u015f\u0131r\u0131 ak\u0131m ve k\u0131sa devre korumas\u0131 ile donat\u0131lm\u0131\u015ft\u0131r. MIL-STD-461F EMI\/EMC ve MIL-STD-810G \u00e7evresel dayan\u0131kl\u0131l\u0131k standartlar\u0131na uygun olarak tasarlanan bu birim, en zorlu ko\u015fullarda bile g\u00fcvenilir performans sunar. Birim, 4U-19 in\u00e7 boyutlar\u0131nda standart rack tipi kabinlere uygun olarak geli\u015ftirilmi\u015ftir. Kendi i\u00e7inde bulunan ray ile rack tipi kabinlerde kolayca montaj edilebilir, hareket ettirilebilir ve bak\u0131m ve kontrol kolayl\u0131\u011f\u0131 sa\u011flar. Fanl\u0131 so\u011futma sistemi, s\u00fcrekli ve g\u00fcvenilir bir \u00e7al\u0131\u015fma ortam\u0131 sa\u011flar. Ar\u0131za uyar\u0131 modlar\u0131 ile olas\u0131 sorunlar\u0131 \u00f6nceden tespit eder ve h\u0131zl\u0131ca \u00e7\u00f6z\u00fcm \u00fcretilmesini sa\u011flar. Tedeg Defence PDU-RT-5002 Askeri G\u00fc\u00e7 Da\u011f\u0131t\u0131m Birimi, askeri uygulamalarda \u00fcst\u00fcn g\u00fcvenlik ve verimlilik sunarak kritik g\u00f6revlerin ba\u015far\u0131s\u0131n\u0131 destekler.<\/p>\t\t\t\t\t\t<\/div>\n\t\t\t\t<\/div>\n\t\t\t\t<div class=\"elementor-element elementor-element-0f65065 elementor-show-heading-yes elementor-widget elementor-widget-woocommerce-product-additional-information\" data-id=\"0f65065\" data-element_type=\"widget\" data-widget_type=\"woocommerce-product-additional-information.default\">\n\t\t\t\t<div class=\"elementor-widget-container\">\n\t\t\t<link rel=\"stylesheet\" href=\"https:\/\/tedegcompany.com\/wp-content\/plugins\/elementor-pro\/assets\/css\/widget-woocommerce.min.css\">\n\t<h2 data-no-translation=\"\" data-trp-gettext=\"\">\u00dcr\u00fcn \u00d6zellikleri<\/h2>\n\n\t<table class=\"woocommerce-product-attributes shop_attributes table table-striped\">\r\n\t\t\t\t\t<tr class=\"woocommerce-product-attributes-item woocommerce-product-attributes-item--attribute_number-of-inputs-and-power-supply\">\r\n\t\t\t\t<th class=\"woocommerce-product-attributes-item__label\">Giri\u015f Say\u0131s\u0131 ve Beslemesi<\/th>\r\n\t\t\t\t<td class=\"woocommerce-product-attributes-item__value\"><p>3 Adet 220 VAC 50 Hz<\/p>\n<\/td>\r\n\t\t\t<\/tr>\r\n\t\t\t\t\t<tr class=\"woocommerce-product-attributes-item woocommerce-product-attributes-item--attribute_input-types\">\r\n\t\t\t\t<th class=\"woocommerce-product-attributes-item__label\">Giri\u015f Tipleri<\/th>\r\n\t\t\t\t<td class=\"woocommerce-product-attributes-item__value\"><p>UPS, \u015eehir \u015eebekesi, Jenerat\u00f6r<\/p>\n<\/td>\r\n\t\t\t<\/tr>\r\n\t\t\t\t\t<tr class=\"woocommerce-product-attributes-item woocommerce-product-attributes-item--attribute_input-priority\">\r\n\t\t\t\t<th class=\"woocommerce-product-attributes-item__label\">Giri\u015f \u00d6nceli\u011fi<\/th>\r\n\t\t\t\t<td class=\"woocommerce-product-attributes-item__value\"><p>1- \u015eehir \u015eebekesi 2- Jenerat\u00f6r<\/p>\n<\/td>\r\n\t\t\t<\/tr>\r\n\t\t\t\t\t<tr class=\"woocommerce-product-attributes-item woocommerce-product-attributes-item--attribute_remote-control-and-monitoring\">\r\n\t\t\t\t<th class=\"woocommerce-product-attributes-item__label\">Uzaktan Kontrol ve \u0130zlenebilme<\/th>\r\n\t\t\t\t<td class=\"woocommerce-product-attributes-item__value\"><p>Ethernet GDB \u00c7\u0131k\u0131\u015f\u0131ndan besledi\u011fi ekipmanlar\u0131 uzaktan izleyebilme ve y\u00f6netebilme kabiliyeti<\/p>\n<\/td>\r\n\t\t\t<\/tr>\r\n\t\t\t\t\t<tr class=\"woocommerce-product-attributes-item woocommerce-product-attributes-item--attribute_internal-temperature-measurement\">\r\n\t\t\t\t<th class=\"woocommerce-product-attributes-item__label\">\u0130\u00e7 S\u0131cakl\u0131k \u00d6l\u00e7\u00fcm\u00fc<\/th>\r\n\t\t\t\t<td class=\"woocommerce-product-attributes-item__value\"><p>Var. S\u0131cakl\u0131k verisine g\u00f6re kontrol etti\u011fi sistemleri a\u00e7-kapat yapabilir.<\/p>\n<\/td>\r\n\t\t\t<\/tr>\r\n\t\t\t\t\t<tr class=\"woocommerce-product-attributes-item woocommerce-product-attributes-item--attribute_output\">\r\n\t\t\t\t<th class=\"woocommerce-product-attributes-item__label\">\u00c7\u0131k\u0131\u015f<\/th>\r\n\t\t\t\t<td class=\"woocommerce-product-attributes-item__value\"><p>10 adet 25 Ampere kadar AC\/DC \u00c7\u0131k\u0131\u015f<\/p>\n<\/td>\r\n\t\t\t<\/tr>\r\n\t\t\t\t\t<tr class=\"woocommerce-product-attributes-item woocommerce-product-attributes-item--attribute_overcurrent-and-short-circuit-protection\">\r\n\t\t\t\t<th class=\"woocommerce-product-attributes-item__label\">A\u015f\u0131r\u0131 Ak\u0131m ve K\u0131sa Devre Korumas\u0131<\/th>\r\n\t\t\t\t<td class=\"woocommerce-product-attributes-item__value\"><p>Devre Kesici<\/p>\n<\/td>\r\n\t\t\t<\/tr>\r\n\t\t\t\t\t<tr class=\"woocommerce-product-attributes-item woocommerce-product-attributes-item--attribute_ready-time-after-power-on\">\r\n\t\t\t\t<th class=\"woocommerce-product-attributes-item__label\">A\u00e7\u0131ld\u0131\u011f\u0131nda Haz\u0131r Hale Gelmesi<\/th>\r\n\t\t\t\t<td class=\"woocommerce-product-attributes-item__value\"><p>Max. 1 Dakika<\/p>\n<\/td>\r\n\t\t\t<\/tr>\r\n\t\t\t\t\t<tr class=\"woocommerce-product-attributes-item woocommerce-product-attributes-item--attribute_fault-warning-modes\">\r\n\t\t\t\t<th class=\"woocommerce-product-attributes-item__label\">Ar\u0131za Uyar\u0131 Modlar\u0131<\/th>\r\n\t\t\t\t<td class=\"woocommerce-product-attributes-item__value\"><p>Sistem ar\u0131za, AC Y\u00fcksek,<br \/>\nAC D\u00fc\u015f\u00fck,<br \/>\nAC Ters,<br \/>\nDC Y\u00fcksek,<br \/>\nDC D\u00fc\u015f\u00fck,<br \/>\nY\u00fcksek S\u0131cakl\u0131k, D\u00fc\u015f\u00fck s\u0131cakl\u0131k<\/p>\n<\/td>\r\n\t\t\t<\/tr>\r\n\t\t\t\t\t<tr class=\"woocommerce-product-attributes-item woocommerce-product-attributes-item--attribute_dimensions\">\r\n\t\t\t\t<th class=\"woocommerce-product-attributes-item__label\">Boyutlar<\/th>\r\n\t\t\t\t<td class=\"woocommerce-product-attributes-item__value\"><p>4U \u2022 19 Inch<\/p>\n<\/td>\r\n\t\t\t<\/tr>\r\n\t\t\t\t\t<tr class=\"woocommerce-product-attributes-item woocommerce-product-attributes-item--attribute_cooling\">\r\n\t\t\t\t<th class=\"woocommerce-product-attributes-item__label\">So\u011futma<\/th>\r\n\t\t\t\t<td class=\"woocommerce-product-attributes-item__value\"><p>Fanl\u0131 So\u011futma<\/p>\n<\/td>\r\n\t\t\t<\/tr>\r\n\t\t\t\t\t<tr class=\"woocommerce-product-attributes-item woocommerce-product-attributes-item--attribute_log-recording\">\r\n\t\t\t\t<th class=\"woocommerce-product-attributes-item__label\">Log Kay\u0131t<\/th>\r\n\t\t\t\t<td class=\"woocommerce-product-attributes-item__value\"><p>\u015eebeke Voltaj\u0131,\nAk\u0131m,\nFrekans,\n\u00c7\u0131k\u0131\u015f Voltaj\u0131<\/p>\n<\/td>\r\n\t\t\t<\/tr>\r\n\t\t\t\t\t<tr class=\"woocommerce-product-attributes-item woocommerce-product-attributes-item--attribute_log-capacity\">\r\n\t\t\t\t<th class=\"woocommerce-product-attributes-item__label\">Log Kapasitesi<\/th>\r\n\t\t\t\t<td class=\"woocommerce-product-attributes-item__value\"><p>Son 100 Kay\u0131t<\/p>\n<\/td>\r\n\t\t\t<\/tr>\r\n\t\t\t\t\t<tr class=\"woocommerce-product-attributes-item woocommerce-product-attributes-item--attribute_pc-control-interface\">\r\n\t\t\t\t<th class=\"woocommerce-product-attributes-item__label\">PC Kontrol Aray\u00fcz\u00fc<\/th>\r\n\t\t\t\t<td class=\"woocommerce-product-attributes-item__value\"><p>Masa\u00fcst\u00fc PC Web Uygulamas\u0131<\/p>\n<\/td>\r\n\t\t\t<\/tr>\r\n\t\t\t\t\t<tr class=\"woocommerce-product-attributes-item woocommerce-product-attributes-item--attribute_emiemc-protection-mil-std-461f\">\r\n\t\t\t\t<th class=\"woocommerce-product-attributes-item__label\">EMI\/EMC Korumas\u0131 @MILSTD-461F<\/th>\r\n\t\t\t\t<td class=\"woocommerce-product-attributes-item__value\"><p>CE102, CS101, CS114, CS115, CS116, RE102, RS103<\/p>\n<\/td>\r\n\t\t\t<\/tr>\r\n\t\t\t\t\t<tr class=\"woocommerce-product-attributes-item woocommerce-product-attributes-item--attribute_environmental-durability-mil-std-810g\">\r\n\t\t\t\t<th class=\"woocommerce-product-attributes-item__label\">Environmental Durability @MIL-STD-810G<\/th>\r\n\t\t\t\t<td class=\"woocommerce-product-attributes-item__value\"><p class=\" translation-block\">Low Pressure, Low Temperature, Contamination\nBy Fluids, Solar Radiation , Rain,\nHumidity, Fungus,Salt Fog, Sand and Dust,\nVibration, Shock<\/p>\n<\/td>\r\n\t\t\t<\/tr>\r\n\t\t\t<\/table>\r\n\r\n\t\t<\/div>\n\t\t\t\t<\/div>\n\t\t\t\t\t<\/div>\n\t\t\t\t<\/div>\n\t\t\t\t<div class=\"elementor-section elementor-top-section elementor-element elementor-element-cf86397 ml-md-4 mr-md-4 elementor-section-content-middle elementor-section-boxed elementor-section-height-default elementor-section-height-default\" data-id=\"cf86397\" data-element_type=\"section\" data-settings=\"{&quot;background_background&quot;:&quot;classic&quot;,&quot;animation&quot;:&quot;none&quot;}\">\r\n\t\t\r\n\t\t\t\t\t\t\t<div class=\"elementor-container elementor-column-gap-default\">\r\n\t\t\t\t\t\t\t\t\t\t\t<div class=\"elementor-column elementor-col-50 elementor-top-column elementor-element elementor-element-7ff819a\" data-id=\"7ff819a\" data-element_type=\"column\">\r\n\t\t\t\t\t<div class=\"elementor-widget-wrap elementor-element-populated\">\r\n\t\t\t\t\t\t\t\t<div class=\"elementor-element elementor-element-c312e4e mb-2 elementor-invisible elementor-widget elementor-widget-heading\" data-id=\"c312e4e\" data-element_type=\"widget\" data-settings=\"{&quot;_animation&quot;:&quot;fadeIn&quot;}\" data-widget_type=\"heading.default\">\n\t\t\t\t<div class=\"elementor-widget-container\">\n\t\t\t<style>\/*! elementor - v3.21.0 - 30-04-2024 *\/\n.elementor-heading-title{padding:0;margin:0;line-height:1}.elementor-widget-heading .elementor-heading-title[class*=elementor-size-]>a{color:inherit;font-size:inherit;line-height:inherit}.elementor-widget-heading .elementor-heading-title.elementor-size-small{font-size:15px}.elementor-widget-heading .elementor-heading-title.elementor-size-medium{font-size:19px}.elementor-widget-heading .elementor-heading-title.elementor-size-large{font-size:29px}.elementor-widget-heading .elementor-heading-title.elementor-size-xl{font-size:39px}.elementor-widget-heading .elementor-heading-title.elementor-size-xxl{font-size:59px}<\/style><h3 class=\"elementor-heading-title elementor-size-default\">TEKN\u0130K D\u00d6K\u00dcMAN - TR<\/h3>\t\t<\/div>\n\t\t\t\t<\/div>\n\t\t\t\t\t<\/div>\r\n\t\t\t\t<\/div>\r\n\t\t\t\t<div class=\"elementor-column elementor-col-50 elementor-top-column elementor-element elementor-element-35ba497\" data-id=\"35ba497\" data-element_type=\"column\">\r\n\t\t\t\t\t<div class=\"elementor-widget-wrap elementor-element-populated\">\r\n\t\t\t\t\t\t\t\t<div class=\"elementor-element elementor-element-75aee81 wp-button btn-gradient elementor-widget__width-auto elementor-invisible elementor-widget elementor-widget-porto_button\" data-id=\"75aee81\" data-element_type=\"widget\" data-settings=\"{&quot;align&quot;:&quot;right&quot;,&quot;align_tablet&quot;:&quot;left&quot;,&quot;_animation&quot;:&quot;fadeIn&quot;}\" data-widget_type=\"porto_button.default\">\n\t\t\t\t<div class=\"elementor-widget-container\">\n\t\t\t<a aria-label=\"d\u00fc\u011fme\" class=\"btn btn-xl btn-primary btn-modern btn-full-rounded btn-icon\" href=\"https:\/\/tedegcompany.com\/wp-content\/uploads\/2024\/09\/PowerGuard-Guc-Dagitim-Birimi-.pdf\"><i class=\"Simple-Line-Icons-cloud-download\"><\/i><span >\u0130ND\u0130R<\/span><\/a>\t\t<\/div>\n\t\t\t\t<\/div>\n\t\t\t\t\t<\/div>\r\n\t\t\t\t<\/div>\r\n\t\t\t\t\t<\/div>\r\n\t\t\t\t<\/div>\r\n\t\t\t\t<\/div>","protected":false},"excerpt":{"rendered":"<p>Tedeg Defence taraf\u0131ndan geli\u015ftirilen PDU-RT-5002 Askeri G\u00fc\u00e7 Da\u011f\u0131t\u0131m Birimi, askeri operasyonlar\u0131n zorlu gereksinimlerini kar\u015f\u0131lamak \u00fczere tasarlanm\u0131\u015f y\u00fcksek performansl\u0131 bir \u00e7\u00f6z\u00fcmd\u00fcr. Bu birim, 3 adet 220 VAC 50 Hz giri\u015f kayna\u011f\u0131ndan gelen enerjiyi g\u00fcvenilir ve korumal\u0131 bir \u015fekilde y\u00f6netir ve da\u011f\u0131t\u0131r. UPS, \u015fehir \u015febekesi ve jenerat\u00f6r gibi farkl\u0131 kaynaklardan enerji alabilen PDU-RT5002, \u00f6ncelikli olarak \u015fehir \u015febekesini kullan\u0131r ve jenerat\u00f6re ge\u00e7i\u015f yapar. Ethernet \u00fczerinden uzaktan izleme ve kontrol \u00f6zelli\u011fi sayesinde, sistemin durumunu anl\u0131k olarak takip edebilir ve gerekti\u011finde m\u00fcdahalede bulunabilirsiniz. \u0130\u00e7 s\u0131cakl\u0131k \u00f6l\u00e7\u00fcm\u00fc ve buna ba\u011fl\u0131 olarak sistemleri a\u00e7ma-kapama yetene\u011fi, birimin g\u00fcvenli ve verimli \u00e7al\u0131\u015fmas\u0131n\u0131 sa\u011flar.<\/p>","protected":false},"featured_media":4686,"template":"","meta":[],"product_cat":[34],"product_tag":[],"class_list":{"0":"post-4685","1":"product","2":"type-product","3":"status-publish","4":"has-post-thumbnail","6":"product_cat-military-truck-mounted-platform-power-systems","8":"first","9":"instock","10":"shipping-taxable","11":"product-type-simple"},"_links":{"self":[{"href":"https:\/\/tedegcompany.com\/tr\/wp-json\/wp\/v2\/product\/4685","targetHints":{"allow":["GET"]}}],"collection":[{"href":"https:\/\/tedegcompany.com\/tr\/wp-json\/wp\/v2\/product"}],"about":[{"href":"https:\/\/tedegcompany.com\/tr\/wp-json\/wp\/v2\/types\/product"}],"version-history":[{"count":11,"href":"https:\/\/tedegcompany.com\/tr\/wp-json\/wp\/v2\/product\/4685\/revisions"}],"predecessor-version":[{"id":4701,"href":"https:\/\/tedegcompany.com\/tr\/wp-json\/wp\/v2\/product\/4685\/revisions\/4701"}],"wp:featuredmedia":[{"embeddable":true,"href":"https:\/\/tedegcompany.com\/tr\/wp-json\/wp\/v2\/media\/4686"}],"wp:attachment":[{"href":"https:\/\/tedegcompany.com\/tr\/wp-json\/wp\/v2\/media?parent=4685"}],"wp:term":[{"taxonomy":"product_cat","embeddable":true,"href":"https:\/\/tedegcompany.com\/tr\/wp-json\/wp\/v2\/product_cat?post=4685"},{"taxonomy":"product_tag","embeddable":true,"href":"https:\/\/tedegcompany.com\/tr\/wp-json\/wp\/v2\/product_tag?post=4685"}],"curies":[{"name":"wp","href":"https:\/\/api.w.org\/{rel}","templated":true}]}}