{"id":4702,"date":"2024-09-23T08:00:28","date_gmt":"2024-09-23T08:00:28","guid":{"rendered":"https:\/\/tedegcompany.com\/?post_type=product&#038;p=4702"},"modified":"2024-09-23T10:13:25","modified_gmt":"2024-09-23T10:13:25","slug":"76-mm-smoke-grenade-launcher-system","status":"publish","type":"product","link":"https:\/\/tedegcompany.com\/tr\/urun\/76-mm-sis-havani-lancer-sistemi\/","title":{"rendered":"76 mm Sis Havan\u0131 Lan\u00e7er Sistemi"},"content":{"rendered":"<div data-elementor-type=\"product-post\" data-elementor-id=\"4702\" class=\"elementor elementor-4702\" data-elementor-post-type=\"product\">\n\t\t\t\t<div class=\"elementor-element elementor-element-e421479 e-flex e-con-boxed e-con e-parent\" data-id=\"e421479\" data-element_type=\"container\">\n\t\t\t\t\t<div class=\"e-con-inner\">\n\t\t\t\t<div class=\"elementor-element elementor-element-510a3c3 elementor-widget elementor-widget-text-editor\" data-id=\"510a3c3\" data-element_type=\"widget\" data-widget_type=\"text-editor.default\">\n\t\t\t\t<div class=\"elementor-widget-container\">\n\t\t\t<style>\/*! elementor - v3.21.0 - 30-04-2024 *\/\n.elementor-widget-text-editor.elementor-drop-cap-view-stacked .elementor-drop-cap{background-color:#69727d;color:#fff}.elementor-widget-text-editor.elementor-drop-cap-view-framed .elementor-drop-cap{color:#69727d;border:3px solid;background-color:transparent}.elementor-widget-text-editor:not(.elementor-drop-cap-view-default) .elementor-drop-cap{margin-top:8px}.elementor-widget-text-editor:not(.elementor-drop-cap-view-default) .elementor-drop-cap-letter{width:1em;height:1em}.elementor-widget-text-editor .elementor-drop-cap{float:left;text-align:center;line-height:1;font-size:50px}.elementor-widget-text-editor .elementor-drop-cap-letter{display:inline-block}<\/style>\t\t\t\t<h3>Uygulama<\/h3><ul><li><strong>Military Operations: <\/strong>It is an ideal solution for concealing the movements of units and obstructing enemy vision. It provides high effectiveness during both offensive and defensive actions, offering a strategic advantage on the battlefield.<\/li><li><strong>Border Security: <\/strong>Used to ensure confidentiality and security in border areas. It offers a quick and effective response to threats and is effective in preventing smuggling and unauthorized entry during border security operations.<\/li><li><strong>Tactical Training: <\/strong>Can be used to create realistic scenarios and enhance the preparedness level of units in training areas. During training, it allows soldiers to train in environments similar to real combat conditions.<\/li><\/ul><p><strong>General Features<\/strong><\/p><ul><li><strong>High<\/strong> <strong>Capacity<\/strong> <strong>and<\/strong> <strong>Range:<\/strong><\/li><li>The Tedeg Smoke Grenade Launcher System offers operational flexibility with extensive range and high capacity. The launched smoke grenades quickly cover a wide area, providing effective concealment. It offers an effective range of up to 45 meters, covering the targeted area with smoke and obstructing enemy vision.<\/li><li><strong>Durability and Reliability:<\/strong><\/li><li>The system&#8217;s robust construction ensures reliable performance even in harsh environmental conditions. Made from high-quality materials, the Tedeg Smoke Grenade Launcher System is ideal for long-term use. It is resistant to environmental factors and maintains its performance even during prolonged operations.<\/li><li><strong>Easy Integration:<\/strong><\/li><li>Easily integrated into various military platforms, the Tedeg Smoke Grenade Launcher System is notable for its quick setup and ease of use. Its compatibility with both land and naval vehicles makes it a versatile solution. The integration process is simplified according to military standards and can be completed quickly.<\/li><li><strong>Fast and Efficient Operation:<\/strong><\/li><li>Thanks to its advanced firing mechanism, the Tedeg Smoke Grenade Launcher System quickly and efficiently launches smoke grenades. This allows for immediate response to operational requirements, providing a strategic advantage. The system&#8217;s fast firing capability enhances the ability to respond quickly in emergencies.<\/li><li><strong>Advanced Control System:<\/strong><\/li><li>Equipped with a user-friendly remote controller, the Tedeg Smoke Grenade Launcher System offers precise control during operations. It provides flexible use by switching between manual and automatic modes. The control system facilitates quick and accurate decision- making by operators.<\/li><li><strong>Flexible Protection Angles:<\/strong><\/li><li>The Tedeg Smoke Grenade Launcher System is designed to cover the desired angle with smoke on military vehicles and platforms. The system can be configured to provide 90-degree, 120-degree, 180- degree, and 360-degree protection. This offers flexible protection angles according to operational requirements.<\/li><li><strong>Multiple Launcher Integration:<\/strong><\/li><li>The system can be integrated with configurations ranging from a minimum of 4 to a maximum of 16 launchers. This provides a customizable solution according to the scale and requirements of the operation. Each launcher can be effectively controlled and synchronized.<\/li><li><strong>Remote Control:<\/strong><\/li><li>The system is controlled by a remote control unit. The user can fire the launchers individually, in groups, or all at once via the remote controller. This feature allows operators to manage the system from a safe distance.<\/li><\/ul>\t\t\t\t\t\t<\/div>\n\t\t\t\t<\/div>\n\t\t\t\t<div class=\"elementor-element elementor-element-0f65065 elementor-show-heading-yes elementor-widget elementor-widget-woocommerce-product-additional-information\" data-id=\"0f65065\" data-element_type=\"widget\" data-widget_type=\"woocommerce-product-additional-information.default\">\n\t\t\t\t<div class=\"elementor-widget-container\">\n\t\t\t<link rel=\"stylesheet\" href=\"https:\/\/tedegcompany.com\/wp-content\/plugins\/elementor-pro\/assets\/css\/widget-woocommerce.min.css\">\n\t<h2 data-no-translation=\"\" data-trp-gettext=\"\">\u00dcr\u00fcn \u00d6zellikleri<\/h2>\n\n\t<table class=\"woocommerce-product-attributes shop_attributes table table-striped\">\r\n\t\t\t\t\t<tr class=\"woocommerce-product-attributes-item woocommerce-product-attributes-item--attribute_calibre\">\r\n\t\t\t\t<th class=\"woocommerce-product-attributes-item__label\">Calibre<\/th>\r\n\t\t\t\t<td class=\"woocommerce-product-attributes-item__value\"><p>76 mm<\/p>\n<\/td>\r\n\t\t\t<\/tr>\r\n\t\t\t\t\t<tr class=\"woocommerce-product-attributes-item woocommerce-product-attributes-item--attribute_effective-range\">\r\n\t\t\t\t<th class=\"woocommerce-product-attributes-item__label\">Effective range<\/th>\r\n\t\t\t\t<td class=\"woocommerce-product-attributes-item__value\"><p>30-50 m<\/p>\n<\/td>\r\n\t\t\t<\/tr>\r\n\t\t\t\t\t<tr class=\"woocommerce-product-attributes-item woocommerce-product-attributes-item--attribute_length\">\r\n\t\t\t\t<th class=\"woocommerce-product-attributes-item__label\">Length<\/th>\r\n\t\t\t\t<td class=\"woocommerce-product-attributes-item__value\"><p>235\u00b15 mm<\/p>\n<\/td>\r\n\t\t\t<\/tr>\r\n\t\t\t\t\t<tr class=\"woocommerce-product-attributes-item woocommerce-product-attributes-item--attribute_weight\">\r\n\t\t\t\t<th class=\"woocommerce-product-attributes-item__label\">A\u011f\u0131rl\u0131k<\/th>\r\n\t\t\t\t<td class=\"woocommerce-product-attributes-item__value\"><p>2.3 kg \u00b10.5 kg<\/p>\n<\/td>\r\n\t\t\t<\/tr>\r\n\t\t\t\t\t<tr class=\"woocommerce-product-attributes-item woocommerce-product-attributes-item--attribute_power-supply\">\r\n\t\t\t\t<th class=\"woocommerce-product-attributes-item__label\">Power supply<\/th>\r\n\t\t\t\t<td class=\"woocommerce-product-attributes-item__value\"><p>28 VDC nominal (16-32)<\/p>\n<\/td>\r\n\t\t\t<\/tr>\r\n\t\t\t\t\t<tr class=\"woocommerce-product-attributes-item woocommerce-product-attributes-item--attribute_power-consumption\">\r\n\t\t\t\t<th class=\"woocommerce-product-attributes-item__label\">Power Consumption<\/th>\r\n\t\t\t\t<td class=\"woocommerce-product-attributes-item__value\"><p>120 mA \u00b1 20 mA @28 VDC nominal<\/p>\n<\/td>\r\n\t\t\t<\/tr>\r\n\t\t\t\t\t<tr class=\"woocommerce-product-attributes-item woocommerce-product-attributes-item--attribute_power-consumption-firing-mode\">\r\n\t\t\t\t<th class=\"woocommerce-product-attributes-item__label\">Power Consumption @Firing Mode<\/th>\r\n\t\t\t\t<td class=\"woocommerce-product-attributes-item__value\"><p>6 A\u00b1 2 A @28 VDC firing mode<\/p>\n<\/td>\r\n\t\t\t<\/tr>\r\n\t\t\t\t\t<tr class=\"woocommerce-product-attributes-item woocommerce-product-attributes-item--attribute_canbus-j1939\">\r\n\t\t\t\t<th class=\"woocommerce-product-attributes-item__label\">CANBUS (J1939)<\/th>\r\n\t\t\t\t<td class=\"woocommerce-product-attributes-item__value\"><p>Evet<\/p>\n<\/td>\r\n\t\t\t<\/tr>\r\n\t\t\t\t\t<tr class=\"woocommerce-product-attributes-item woocommerce-product-attributes-item--attribute_mtbf\">\r\n\t\t\t\t<th class=\"woocommerce-product-attributes-item__label\">MTBF<\/th>\r\n\t\t\t\t<td class=\"woocommerce-product-attributes-item__value\"><p>Minimum,&quot;250,000 hours&quot;<\/p>\n<\/td>\r\n\t\t\t<\/tr>\r\n\t\t\t\t\t<tr class=\"woocommerce-product-attributes-item woocommerce-product-attributes-item--attribute_coating\">\r\n\t\t\t\t<th class=\"woocommerce-product-attributes-item__label\">Coating<\/th>\r\n\t\t\t\t<td class=\"woocommerce-product-attributes-item__value\"><p>Zinc-Nickel<\/p>\n<\/td>\r\n\t\t\t<\/tr>\r\n\t\t\t\t\t<tr class=\"woocommerce-product-attributes-item woocommerce-product-attributes-item--attribute_operating-temperature\">\r\n\t\t\t\t<th class=\"woocommerce-product-attributes-item__label\">\u00c7al\u0131\u015fma S\u0131cakl\u0131\u011f\u0131<\/th>\r\n\t\t\t\t<td class=\"woocommerce-product-attributes-item__value\"><p>-40 \u00b0C to +70 \u00b0C<\/p>\n<\/td>\r\n\t\t\t<\/tr>\r\n\t\t\t\t\t<tr class=\"woocommerce-product-attributes-item woocommerce-product-attributes-item--attribute_humidity\">\r\n\t\t\t\t<th class=\"woocommerce-product-attributes-item__label\">Nem (Humidity)<\/th>\r\n\t\t\t\t<td class=\"woocommerce-product-attributes-item__value\"><p>95%<\/p>\n<\/td>\r\n\t\t\t<\/tr>\r\n\t\t\t\t\t<tr class=\"woocommerce-product-attributes-item woocommerce-product-attributes-item--attribute_vibration-and-shock-resistance\">\r\n\t\t\t\t<th class=\"woocommerce-product-attributes-item__label\">Vibration and Shock resistance<\/th>\r\n\t\t\t\t<td class=\"woocommerce-product-attributes-item__value\"><p>Evet<\/p>\n<\/td>\r\n\t\t\t<\/tr>\r\n\t\t\t\t\t<tr class=\"woocommerce-product-attributes-item woocommerce-product-attributes-item--attribute_military-condition-resistance\">\r\n\t\t\t\t<th class=\"woocommerce-product-attributes-item__label\">Military Condition Resistance<\/th>\r\n\t\t\t\t<td class=\"woocommerce-product-attributes-item__value\"><p>MIL-STD-461G, MIL-STD-810G, MILSTD-1275E<\/p>\n<\/td>\r\n\t\t\t<\/tr>\r\n\t\t\t<\/table>\r\n\r\n\t\t<\/div>\n\t\t\t\t<\/div>\n\t\t\t\t\t<\/div>\n\t\t\t\t<\/div>\n\t\t\t\t<div class=\"elementor-section elementor-top-section elementor-element elementor-element-cf86397 ml-md-4 mr-md-4 elementor-section-content-middle elementor-section-boxed elementor-section-height-default elementor-section-height-default\" data-id=\"cf86397\" data-element_type=\"section\" data-settings=\"{&quot;background_background&quot;:&quot;classic&quot;,&quot;animation&quot;:&quot;none&quot;}\">\r\n\t\t\r\n\t\t\t\t\t\t\t<div class=\"elementor-container elementor-column-gap-default\">\r\n\t\t\t\t\t\t\t\t\t\t\t<div class=\"elementor-column elementor-col-50 elementor-top-column elementor-element elementor-element-7ff819a\" data-id=\"7ff819a\" data-element_type=\"column\">\r\n\t\t\t\t\t<div class=\"elementor-widget-wrap elementor-element-populated\">\r\n\t\t\t\t\t\t\t\t<div class=\"elementor-element elementor-element-c312e4e mb-2 elementor-invisible elementor-widget elementor-widget-heading\" data-id=\"c312e4e\" data-element_type=\"widget\" data-settings=\"{&quot;_animation&quot;:&quot;fadeIn&quot;}\" data-widget_type=\"heading.default\">\n\t\t\t\t<div class=\"elementor-widget-container\">\n\t\t\t<style>\/*! elementor - v3.21.0 - 30-04-2024 *\/\n.elementor-heading-title{padding:0;margin:0;line-height:1}.elementor-widget-heading .elementor-heading-title[class*=elementor-size-]>a{color:inherit;font-size:inherit;line-height:inherit}.elementor-widget-heading .elementor-heading-title.elementor-size-small{font-size:15px}.elementor-widget-heading .elementor-heading-title.elementor-size-medium{font-size:19px}.elementor-widget-heading .elementor-heading-title.elementor-size-large{font-size:29px}.elementor-widget-heading .elementor-heading-title.elementor-size-xl{font-size:39px}.elementor-widget-heading .elementor-heading-title.elementor-size-xxl{font-size:59px}<\/style><h3 class=\"elementor-heading-title elementor-size-default\">TEKN\u0130K D\u00d6K\u00dcMAN - TR<\/h3>\t\t<\/div>\n\t\t\t\t<\/div>\n\t\t\t\t\t<\/div>\r\n\t\t\t\t<\/div>\r\n\t\t\t\t<div class=\"elementor-column elementor-col-50 elementor-top-column elementor-element elementor-element-35ba497\" data-id=\"35ba497\" data-element_type=\"column\">\r\n\t\t\t\t\t<div class=\"elementor-widget-wrap elementor-element-populated\">\r\n\t\t\t\t\t\t\t\t<div class=\"elementor-element elementor-element-75aee81 wp-button btn-gradient elementor-widget__width-auto elementor-invisible elementor-widget elementor-widget-porto_button\" data-id=\"75aee81\" data-element_type=\"widget\" data-settings=\"{&quot;align&quot;:&quot;right&quot;,&quot;align_tablet&quot;:&quot;left&quot;,&quot;_animation&quot;:&quot;fadeIn&quot;}\" data-widget_type=\"porto_button.default\">\n\t\t\t\t<div class=\"elementor-widget-container\">\n\t\t\t<a aria-label=\"d\u00fc\u011fme\" class=\"btn btn-xl btn-primary btn-modern btn-full-rounded btn-icon\" href=\"https:\/\/tedegcompany.com\/wp-content\/uploads\/2024\/09\/Tedeg-Smoke-Grenade-Launcher-System.pdf\"><i class=\"Simple-Line-Icons-cloud-download\"><\/i><span >\u0130ND\u0130R<\/span><\/a>\t\t<\/div>\n\t\t\t\t<\/div>\n\t\t\t\t\t<\/div>\r\n\t\t\t\t<\/div>\r\n\t\t\t\t\t<\/div>\r\n\t\t\t\t<\/div>\r\n\t\t\t\t<\/div>","protected":false},"excerpt":{"rendered":"<p>Modern sava\u015f alanlar\u0131nda, birliklerin gizlili\u011fi ve g\u00fcvenli\u011fi en \u00f6ncelikli konular aras\u0131ndad\u0131r. Tedeg Sis Havan\u0131 Sistemi, bu ihtiyac\u0131 kar\u015f\u0131lamak \u00fczere \u00f6zel olarak tasarlanm\u0131\u015f yenilik\u00e7i bir \u00e7\u00f6z\u00fcmd\u00fcr. Hem savunma hem de taktik operasyonlarda kullan\u0131m i\u00e7in geli\u015ftirilen bu sistem, d\u00fc\u015fman g\u00f6r\u00fc\u015f\u00fcn\u00fc etkili bir \u015fekilde engelleyerek birliklerin stratejik avantaj\u0131n\u0131 ve g\u00fcvenli\u011fini art\u0131r\u0131r.<\/p>\n<p>Tedeg Sis Havan\u0131 Sistemi, geni\u015f menzil ve y\u00fcksek kapasite sunarak operasyonel esneklik sa\u011flar. Zorlu \u00e7evre ko\u015fullar\u0131nda bile dayan\u0131kl\u0131l\u0131k ve g\u00fcvenilir performans sergiler. Bu sistem, kara ve deniz ara\u00e7lar\u0131 da dahil olmak \u00fczere \u00e7e\u015fitli askeri platformlara kolayca entegre edilebilir. Kullan\u0131c\u0131 dostu uzaktan kumandas\u0131 sayesinde h\u0131zl\u0131 ve verimli bir kullan\u0131m imkan\u0131 sunar.<\/p>","protected":false},"featured_media":4736,"template":"","meta":[],"product_cat":[34,33,15],"product_tag":[],"class_list":{"0":"post-4702","1":"product","2":"type-product","3":"status-publish","4":"has-post-thumbnail","6":"product_cat-military-truck-mounted-platform-power-systems","7":"product_cat-military-vehicle-subsystems","8":"product_cat-smoke-grenade-launcher-system","10":"first","11":"instock","12":"shipping-taxable","13":"product-type-simple"},"_links":{"self":[{"href":"https:\/\/tedegcompany.com\/tr\/wp-json\/wp\/v2\/product\/4702","targetHints":{"allow":["GET"]}}],"collection":[{"href":"https:\/\/tedegcompany.com\/tr\/wp-json\/wp\/v2\/product"}],"about":[{"href":"https:\/\/tedegcompany.com\/tr\/wp-json\/wp\/v2\/types\/product"}],"version-history":[{"count":11,"href":"https:\/\/tedegcompany.com\/tr\/wp-json\/wp\/v2\/product\/4702\/revisions"}],"predecessor-version":[{"id":4749,"href":"https:\/\/tedegcompany.com\/tr\/wp-json\/wp\/v2\/product\/4702\/revisions\/4749"}],"wp:featuredmedia":[{"embeddable":true,"href":"https:\/\/tedegcompany.com\/tr\/wp-json\/wp\/v2\/media\/4736"}],"wp:attachment":[{"href":"https:\/\/tedegcompany.com\/tr\/wp-json\/wp\/v2\/media?parent=4702"}],"wp:term":[{"taxonomy":"product_cat","embeddable":true,"href":"https:\/\/tedegcompany.com\/tr\/wp-json\/wp\/v2\/product_cat?post=4702"},{"taxonomy":"product_tag","embeddable":true,"href":"https:\/\/tedegcompany.com\/tr\/wp-json\/wp\/v2\/product_tag?post=4702"}],"curies":[{"name":"wp","href":"https:\/\/api.w.org\/{rel}","templated":true}]}}