{"id":5548,"date":"2025-11-17T09:55:20","date_gmt":"2025-11-17T09:55:20","guid":{"rendered":"https:\/\/tedegcompany.com\/?post_type=product&#038;p=5548"},"modified":"2025-11-17T10:22:13","modified_gmt":"2025-11-17T10:22:13","slug":"powerguard-voltage-measurement-unit","status":"publish","type":"product","link":"https:\/\/tedegcompany.com\/tr\/urun\/powerguard-gerilim-olcum-unitesi\/","title":{"rendered":"PowerGuard Gerilim \u00d6l\u00e7\u00fcm \u00dcnitesi"},"content":{"rendered":"<div data-elementor-type=\"product-post\" data-elementor-id=\"5548\" class=\"elementor elementor-5548\" data-elementor-post-type=\"product\">\n\t\t\t\t<div class=\"elementor-element elementor-element-e421479 e-flex e-con-boxed e-con e-parent\" data-id=\"e421479\" data-element_type=\"container\">\n\t\t\t\t\t<div class=\"e-con-inner\">\n\t\t\t\t<div class=\"elementor-element elementor-element-510a3c3 elementor-widget elementor-widget-text-editor\" data-id=\"510a3c3\" data-element_type=\"widget\" data-widget_type=\"text-editor.default\">\n\t\t\t\t<div class=\"elementor-widget-container\">\n\t\t\t<style>\/*! elementor - v3.21.0 - 30-04-2024 *\/\n.elementor-widget-text-editor.elementor-drop-cap-view-stacked .elementor-drop-cap{background-color:#69727d;color:#fff}.elementor-widget-text-editor.elementor-drop-cap-view-framed .elementor-drop-cap{color:#69727d;border:3px solid;background-color:transparent}.elementor-widget-text-editor:not(.elementor-drop-cap-view-default) .elementor-drop-cap{margin-top:8px}.elementor-widget-text-editor:not(.elementor-drop-cap-view-default) .elementor-drop-cap-letter{width:1em;height:1em}.elementor-widget-text-editor .elementor-drop-cap{float:left;text-align:center;line-height:1;font-size:50px}.elementor-widget-text-editor .elementor-drop-cap-letter{display:inline-block}<\/style>\t\t\t\t<p data-start=\"914\" data-end=\"1061\">Ana bilgisayar veya SCADA yaz\u0131l\u0131m\u0131, Ethernet ba\u011flant\u0131s\u0131 arac\u0131l\u0131\u011f\u0131yla bu verileri anl\u0131k olarak okuyabilir, kay\u0131t alt\u0131na alabilir ve analiz edebilir.<\/p><p data-start=\"1063\" data-end=\"1174\">Toplamda 21 faz ve 7 n\u00f6tr hatt\u0131 destekleyen yap\u0131, mod\u00fcler sistemlerde \u00e7ok kanall\u0131 gerilim izleme imk\u00e2n\u0131 sa\u011flar.<\/p><p data-start=\"1176\" data-end=\"1304\">Kompakt form fakt\u00f6r\u00fc ve sade ba\u011flant\u0131 d\u00fczeni sayesinde pano, test altyap\u0131s\u0131 veya saha uygulamalar\u0131na kolayca entegre edilebilir.<\/p><p data-start=\"1306\" data-end=\"1463\">\u00dcnite, y\u00fcksek kararl\u0131l\u0131k, h\u0131zl\u0131 tepki s\u00fcresi ve do\u011fru \u00f6l\u00e7\u00fcm de\u011ferleriyle end\u00fcstriyel enerji izleme \u00e7\u00f6z\u00fcmlerinin g\u00fcvenilir bir bile\u015feni olarak tasarlanm\u0131\u015ft\u0131r.<\/p><hr data-start=\"1465\" data-end=\"1468\" \/><h2 data-start=\"1470\" data-end=\"1492\">Geli\u015fmi\u015f \u00d6zellikler<\/h2><p data-start=\"1494\" data-end=\"1656\">Gerilim \u00d6l\u00e7\u00fcm \u00dcnitesi, \u00e7ok fazl\u0131 enerji sistemlerinde y\u00fcksek do\u011frulukta gerilim izleme ve uzaktan veri aktar\u0131m\u0131 i\u00e7in optimize edilmi\u015f geli\u015fmi\u015f bir \u00f6l\u00e7\u00fcm kart\u0131d\u0131r.<\/p><p data-start=\"1658\" data-end=\"1827\">Donan\u0131m mimarisi, end\u00fcstriyel standartlara uygun dayan\u0131kl\u0131l\u0131kta tasarlanm\u0131\u015f olup, ger\u00e7ek zamanl\u0131 veri toplama, g\u00fcvenilir haberle\u015fme ve kolay entegrasyon avantaj\u0131 sa\u011flar.<\/p><hr data-start=\"1829\" data-end=\"1832\" \/><h3 data-start=\"1834\" data-end=\"1868\"><strong data-start=\"1838\" data-end=\"1868\">1. Y\u00fcksek Kanal Kapasitesi<\/strong><\/h3><ul data-start=\"1869\" data-end=\"2040\"><li data-start=\"1869\" data-end=\"1907\"><p data-start=\"1871\" data-end=\"1907\">Toplam 21 adet faz giri\u015fi destekler.<\/p><\/li><li data-start=\"1908\" data-end=\"1985\"><p data-start=\"1910\" data-end=\"1985\">Her \u00fc\u00e7 faz i\u00e7in bir ortak n\u00f6tr hatt\u0131 kullan\u0131larak 7 n\u00f6tr grubu olu\u015fturulur.<\/p><\/li><li data-start=\"1986\" data-end=\"2040\"><p data-start=\"1988\" data-end=\"2040\">\u00c7oklu hatlarda e\u015fzamanl\u0131 gerilim \u00f6l\u00e7\u00fcm\u00fc yap\u0131labilir.<\/p><\/li><\/ul><h3 data-start=\"2042\" data-end=\"2083\"><strong data-start=\"2046\" data-end=\"2083\">2. Ger\u00e7ek Zamanl\u0131 \u00d6l\u00e7\u00fcm ve \u0130letim<\/strong><\/h3><ul data-start=\"2084\" data-end=\"2316\"><li data-start=\"2084\" data-end=\"2161\"><p data-start=\"2086\" data-end=\"2161\">\u00d6l\u00e7\u00fcm sonu\u00e7lar\u0131 ger\u00e7ek zamanl\u0131 (real-time) olarak Ethernet a\u011f\u0131na aktar\u0131l\u0131r.<\/p><\/li><li data-start=\"2162\" data-end=\"2248\"><p data-start=\"2164\" data-end=\"2248\">Veriler, kullan\u0131c\u0131 sisteminde anl\u0131k olarak izlenebilir veya kay\u0131t alt\u0131na al\u0131nabilir.<\/p><\/li><li data-start=\"2249\" data-end=\"2316\"><p data-start=\"2251\" data-end=\"2316\">\u00d6l\u00e7\u00fcm do\u011frulu\u011fu \u00b1 %1 seviyesinde olup 0\u2013300 VAC aral\u0131\u011f\u0131n\u0131 kapsar.<\/p><\/li><\/ul><h3 data-start=\"2318\" data-end=\"2357\"><strong data-start=\"2322\" data-end=\"2357\">3. Ethernet Haberle\u015fmesi (RJ45)<\/strong><\/h3><ul data-start=\"2358\" data-end=\"2568\"><li data-start=\"2358\" data-end=\"2419\"><p data-start=\"2360\" data-end=\"2419\">RJ45 port \u00fczerinden Ethernet tabanl\u0131 veri ileti\u015fimi sa\u011flar.<\/p><\/li><li data-start=\"2420\" data-end=\"2499\"><p data-start=\"2422\" data-end=\"2499\">Mevcut kontrol altyap\u0131lar\u0131na (SCADA, EMS, test sistemleri) kolay entegrasyon.<\/p><\/li><li data-start=\"2500\" data-end=\"2568\"><p data-start=\"2502\" data-end=\"2568\">Sabit haberle\u015fme protokol\u00fc ile g\u00fcvenilir ve kararl\u0131 veri aktar\u0131m\u0131.<\/p><\/li><\/ul><h3 data-start=\"2570\" data-end=\"2607\"><strong data-start=\"2574\" data-end=\"2607\">4. Kolay ve G\u00fcvenli Kablolama<\/strong><\/h3><ul data-start=\"2608\" data-end=\"2777\"><li data-start=\"2608\" data-end=\"2690\"><p data-start=\"2610\" data-end=\"2690\">End\u00fcstriyel tip Entry Screwless klemens ba\u011flant\u0131 sistemi sayesinde h\u0131zl\u0131 montaj.<\/p><\/li><li data-start=\"2691\" data-end=\"2777\"><p data-start=\"2693\" data-end=\"2777\">Vidalama gerektirmeyen yap\u0131, titre\u015fimli ortamlarda gev\u015feme riskini ortadan kald\u0131r\u0131r.<\/p><\/li><\/ul><h3 data-start=\"2779\" data-end=\"2811\"><strong data-start=\"2783\" data-end=\"2811\">5. Kompakt Kart Tasar\u0131m\u0131<\/strong><\/h3><ul data-start=\"2812\" data-end=\"3020\"><li data-start=\"2812\" data-end=\"2867\"><p data-start=\"2814\" data-end=\"2867\">Hafif ve yerden tasarruf sa\u011flayan kompakt PCB yap\u0131s\u0131.<\/p><\/li><li data-start=\"2868\" data-end=\"2944\"><p data-start=\"2870\" data-end=\"2944\">Elektrik panolar\u0131 veya sistem i\u00e7i muhafazalarda kolay konumland\u0131r\u0131labilir.<\/p><\/li><li data-start=\"2945\" data-end=\"3020\"><p data-start=\"2947\" data-end=\"3020\">Harici muhafaza ve montaj sistemi proje gereksinimlerine g\u00f6re belirlenir.<\/p><\/li><\/ul><h3 data-start=\"3022\" data-end=\"3061\"><strong data-start=\"3026\" data-end=\"3061\">6. G\u00fcvenilirlik ve Dayan\u0131kl\u0131l\u0131k<\/strong><\/h3><ul data-start=\"3062\" data-end=\"3257\"><li data-start=\"3062\" data-end=\"3129\"><p data-start=\"3064\" data-end=\"3129\">End\u00fcstriyel \u00e7al\u0131\u015fma ko\u015fullar\u0131na dayan\u0131kl\u0131 PCB ve ba\u011flant\u0131 yap\u0131s\u0131.<\/p><\/li><li data-start=\"3130\" data-end=\"3187\"><p data-start=\"3132\" data-end=\"3187\">220 VAC \u00e7al\u0131\u015fma beslemesi i\u00e7in dahili koruma devreleri.<\/p><\/li><li data-start=\"3188\" data-end=\"3257\"><p data-start=\"3190\" data-end=\"3257\">Uzun s\u00fcreli kararl\u0131 \u00f6l\u00e7\u00fcm i\u00e7in optimize edilmi\u015f elektronik tasar\u0131m.<\/p><\/li><\/ul>\t\t\t\t\t\t<\/div>\n\t\t\t\t<\/div>\n\t\t\t\t\t<\/div>\n\t\t\t\t<\/div>\n\t\t\t\t<div class=\"elementor-section elementor-top-section elementor-element elementor-element-cf86397 ml-md-4 mr-md-4 elementor-section-content-middle elementor-section-boxed elementor-section-height-default elementor-section-height-default\" data-id=\"cf86397\" data-element_type=\"section\" data-settings=\"{&quot;background_background&quot;:&quot;classic&quot;,&quot;animation&quot;:&quot;none&quot;}\">\r\n\t\t\r\n\t\t\t\t\t\t\t<div class=\"elementor-container elementor-column-gap-default\">\r\n\t\t\t\t\t\t\t\t\t\t\t<div class=\"elementor-column elementor-col-50 elementor-top-column elementor-element elementor-element-7ff819a\" data-id=\"7ff819a\" data-element_type=\"column\">\r\n\t\t\t\t\t<div class=\"elementor-widget-wrap elementor-element-populated\">\r\n\t\t\t\t\t\t\t\t<div class=\"elementor-element elementor-element-c312e4e mb-2 elementor-invisible elementor-widget elementor-widget-heading\" data-id=\"c312e4e\" data-element_type=\"widget\" data-settings=\"{&quot;_animation&quot;:&quot;fadeIn&quot;}\" data-widget_type=\"heading.default\">\n\t\t\t\t<div class=\"elementor-widget-container\">\n\t\t\t<style>\/*! elementor - v3.21.0 - 30-04-2024 *\/\n.elementor-heading-title{padding:0;margin:0;line-height:1}.elementor-widget-heading .elementor-heading-title[class*=elementor-size-]>a{color:inherit;font-size:inherit;line-height:inherit}.elementor-widget-heading .elementor-heading-title.elementor-size-small{font-size:15px}.elementor-widget-heading .elementor-heading-title.elementor-size-medium{font-size:19px}.elementor-widget-heading .elementor-heading-title.elementor-size-large{font-size:29px}.elementor-widget-heading .elementor-heading-title.elementor-size-xl{font-size:39px}.elementor-widget-heading .elementor-heading-title.elementor-size-xxl{font-size:59px}<\/style><h3 class=\"elementor-heading-title elementor-size-default\">TEKN\u0130K D\u00d6K\u00dcMAN - TR<\/h3>\t\t<\/div>\n\t\t\t\t<\/div>\n\t\t\t\t<div class=\"elementor-element elementor-element-4faa39e mb-1 elementor-invisible elementor-widget elementor-widget-heading\" data-id=\"4faa39e\" data-element_type=\"widget\" data-settings=\"{&quot;_animation&quot;:&quot;fadeIn&quot;}\" data-widget_type=\"heading.default\">\n\t\t\t\t<div class=\"elementor-widget-container\">\n\t\t\t<div class=\"elementor-heading-title elementor-size-default\">DC-DC CONVERTER SUPPLY SYSTEM<\/div>\t\t<\/div>\n\t\t\t\t<\/div>\n\t\t\t\t\t<\/div>\r\n\t\t\t\t<\/div>\r\n\t\t\t\t<div class=\"elementor-column elementor-col-50 elementor-top-column elementor-element elementor-element-35ba497\" data-id=\"35ba497\" data-element_type=\"column\">\r\n\t\t\t\t\t<div class=\"elementor-widget-wrap elementor-element-populated\">\r\n\t\t\t\t\t\t\t\t<div class=\"elementor-element elementor-element-75aee81 wp-button btn-gradient elementor-widget__width-auto elementor-invisible elementor-widget elementor-widget-porto_button\" data-id=\"75aee81\" data-element_type=\"widget\" data-settings=\"{&quot;align&quot;:&quot;right&quot;,&quot;align_tablet&quot;:&quot;left&quot;,&quot;_animation&quot;:&quot;fadeIn&quot;}\" data-widget_type=\"porto_button.default\">\n\t\t\t\t<div class=\"elementor-widget-container\">\n\t\t\t<a aria-label=\"d\u00fc\u011fme\" class=\"btn btn-xl btn-primary btn-modern btn-full-rounded btn-icon\" href=\"https:\/\/tedegcompany.com\/wp-content\/uploads\/2025\/11\/PowerGuard-Gerilim-Olcum-Unitesi.pdf\"><i class=\"Simple-Line-Icons-cloud-download\"><\/i><span >\u0130ND\u0130R<\/span><\/a>\t\t<\/div>\n\t\t\t\t<\/div>\n\t\t\t\t\t<\/div>\r\n\t\t\t\t<\/div>\r\n\t\t\t\t\t<\/div>\r\n\t\t\t\t<\/div>\r\n\t\t\t\t<\/div>","protected":false},"excerpt":{"rendered":"<p data-start=\"82\" data-end=\"297\">Gerilim \u00d6l\u00e7\u00fcm \u00dcnitesi, \u00e7ok fazl\u0131 enerji sistemlerinde her bir faz hatt\u0131n\u0131n gerilim de\u011ferlerini izlemek ve bu bilgileri Ethernet \u00fczerinden merkezi kontrol sistemine iletmek amac\u0131yla geli\u015ftirilmi\u015f bir \u00f6l\u00e7\u00fcm mod\u00fcl\u00fcd\u00fcr.<\/p>\n<p data-start=\"299\" data-end=\"411\">Sistem, 21 adet faz giri\u015f kanal\u0131na kadar \u00f6l\u00e7\u00fcm yapabilir ve her \u00fc\u00e7 faz hatt\u0131 i\u00e7in bir ortak n\u00f6tr hatt\u0131 kullan\u0131r.<\/p>\n<p data-start=\"413\" data-end=\"591\">\u00dcnite, 220 VAC besleme gerilimi ile \u00e7al\u0131\u015f\u0131r ve end\u00fcstriyel tip Entry Screwless klemens ba\u011flant\u0131 yap\u0131s\u0131 sayesinde h\u0131zl\u0131, g\u00fcvenli ve bak\u0131m gerektirmeyen bir kablolama imk\u00e2n\u0131 sunar.<\/p>\n<p data-start=\"593\" data-end=\"780\">Gerilim \u00f6l\u00e7\u00fcm aral\u0131\u011f\u0131 0\u2013300 VAC olup, \u00f6l\u00e7\u00fcm do\u011frulu\u011fu \u00b1 %1 seviyesindedir. Bu sayede enerji izleme, faz dengesizli\u011fi tespiti ve y\u00fck y\u00f6netimi uygulamalar\u0131nda y\u00fcksek do\u011frulukla veri sa\u011flar.<\/p>\n<p data-start=\"782\" data-end=\"912\">Cihaz, elde etti\u011fi \u00f6l\u00e7\u00fcm verilerini ger\u00e7ek zamanl\u0131 (real-time) olarak Ethernet (RJ45) portu \u00fczerinden kullan\u0131c\u0131 sistemine aktar\u0131r.<\/p>","protected":false},"featured_media":5554,"template":"","meta":[],"product_cat":[34],"product_tag":[],"class_list":{"0":"post-5548","1":"product","2":"type-product","3":"status-publish","4":"has-post-thumbnail","6":"product_cat-military-truck-mounted-platform-power-systems","8":"first","9":"instock","10":"shipping-taxable","11":"product-type-simple"},"_links":{"self":[{"href":"https:\/\/tedegcompany.com\/tr\/wp-json\/wp\/v2\/product\/5548","targetHints":{"allow":["GET"]}}],"collection":[{"href":"https:\/\/tedegcompany.com\/tr\/wp-json\/wp\/v2\/product"}],"about":[{"href":"https:\/\/tedegcompany.com\/tr\/wp-json\/wp\/v2\/types\/product"}],"version-history":[{"count":8,"href":"https:\/\/tedegcompany.com\/tr\/wp-json\/wp\/v2\/product\/5548\/revisions"}],"predecessor-version":[{"id":5563,"href":"https:\/\/tedegcompany.com\/tr\/wp-json\/wp\/v2\/product\/5548\/revisions\/5563"}],"wp:featuredmedia":[{"embeddable":true,"href":"https:\/\/tedegcompany.com\/tr\/wp-json\/wp\/v2\/media\/5554"}],"wp:attachment":[{"href":"https:\/\/tedegcompany.com\/tr\/wp-json\/wp\/v2\/media?parent=5548"}],"wp:term":[{"taxonomy":"product_cat","embeddable":true,"href":"https:\/\/tedegcompany.com\/tr\/wp-json\/wp\/v2\/product_cat?post=5548"},{"taxonomy":"product_tag","embeddable":true,"href":"https:\/\/tedegcompany.com\/tr\/wp-json\/wp\/v2\/product_tag?post=5548"}],"curies":[{"name":"wp","href":"https:\/\/api.w.org\/{rel}","templated":true}]}}