{"id":5646,"date":"2025-11-26T09:32:27","date_gmt":"2025-11-26T09:32:27","guid":{"rendered":"https:\/\/tedegcompany.com\/?post_type=product&#038;p=5646"},"modified":"2025-11-26T09:41:22","modified_gmt":"2025-11-26T09:41:22","slug":"powerguard-ygg-ds11-apu","status":"publish","type":"product","link":"https:\/\/tedegcompany.com\/tr\/urun\/powerguard-ygg-ds11-apu\/","title":{"rendered":"PowerGuard YGG-DS11 APU"},"content":{"rendered":"<div data-elementor-type=\"product-post\" data-elementor-id=\"5646\" class=\"elementor elementor-5646\" data-elementor-post-type=\"product\">\n\t\t\t\t<div class=\"elementor-element elementor-element-ea2587c e-flex e-con-boxed e-con e-parent\" data-id=\"ea2587c\" data-element_type=\"container\">\n\t\t\t\t\t<div class=\"e-con-inner\">\n\t\t\t\t<div class=\"elementor-element elementor-element-098a1f0 elementor-widget elementor-widget-text-editor\" data-id=\"098a1f0\" data-element_type=\"widget\" data-widget_type=\"text-editor.default\">\n\t\t\t\t<div class=\"elementor-widget-container\">\n\t\t\t<style>\/*! elementor - v3.21.0 - 30-04-2024 *\/\n.elementor-widget-text-editor.elementor-drop-cap-view-stacked .elementor-drop-cap{background-color:#69727d;color:#fff}.elementor-widget-text-editor.elementor-drop-cap-view-framed .elementor-drop-cap{color:#69727d;border:3px solid;background-color:transparent}.elementor-widget-text-editor:not(.elementor-drop-cap-view-default) .elementor-drop-cap{margin-top:8px}.elementor-widget-text-editor:not(.elementor-drop-cap-view-default) .elementor-drop-cap-letter{width:1em;height:1em}.elementor-widget-text-editor .elementor-drop-cap{float:left;text-align:center;line-height:1;font-size:50px}.elementor-widget-text-editor .elementor-drop-cap-letter{display:inline-block}<\/style>\t\t\t\t<h2 data-start=\"1054\" data-end=\"1083\"><strong data-start=\"1057\" data-end=\"1083\">General Specifications<\/strong><\/h2><ul data-start=\"1085\" data-end=\"1410\"><li data-start=\"1085\" data-end=\"1115\"><p data-start=\"1087\" data-end=\"1115\"><strong data-start=\"1087\" data-end=\"1106\">Output Voltage:<\/strong> 28 VDC<\/p><\/li><li data-start=\"1116\" data-end=\"1143\"><p data-start=\"1118\" data-end=\"1143\"><strong data-start=\"1118\" data-end=\"1135\">Output Power:<\/strong> 10 kW<\/p><\/li><li data-start=\"1144\" data-end=\"1219\"><p data-start=\"1146\" data-end=\"1219\"><strong data-start=\"1146\" data-end=\"1165\">APU Dimensions:<\/strong> 435 mm (Height) \u00d7 1000 mm (Length) \u00d7 591 mm (Width)<\/p><\/li><li data-start=\"1220\" data-end=\"1249\"><p data-start=\"1222\" data-end=\"1249\"><strong data-start=\"1222\" data-end=\"1240\">Engine Height:<\/strong> 435 mm<\/p><\/li><li data-start=\"1250\" data-end=\"1295\"><p data-start=\"1252\" data-end=\"1295\"><strong data-start=\"1252\" data-end=\"1278\">\u00c7al\u0131\u015fma S\u0131cakl\u0131\u011f\u0131:<\/strong> -32\u00b0C to +49\u00b0C<\/p><\/li><li data-start=\"1296\" data-end=\"1339\"><p data-start=\"1298\" data-end=\"1339\"><strong data-start=\"1298\" data-end=\"1322\">Storage Temperature:<\/strong> -40\u00b0C ila +60\u00b0C<\/p><\/li><li data-start=\"1340\" data-end=\"1376\"><p data-start=\"1342\" data-end=\"1376\"><strong data-start=\"1342\" data-end=\"1361\">So\u011futma Sistemi:<\/strong> Water-Cooled<\/p><\/li><li data-start=\"1377\" data-end=\"1410\"><p data-start=\"1379\" data-end=\"1410\"><strong data-start=\"1379\" data-end=\"1397\">System Weight:<\/strong> 375 \u00b110 kg<\/p><\/li><\/ul><hr data-start=\"1412\" data-end=\"1415\" \/><h2 data-start=\"1417\" data-end=\"1445\"><strong data-start=\"1420\" data-end=\"1445\">Engine Specifications<\/strong><\/h2><ul data-start=\"1447\" data-end=\"1664\"><li data-start=\"1447\" data-end=\"1489\"><p data-start=\"1449\" data-end=\"1489\"><strong data-start=\"1449\" data-end=\"1474\">Engine Brand &amp; Model:<\/strong> Kubota D1105<\/p><\/li><li data-start=\"1490\" data-end=\"1539\"><p data-start=\"1492\" data-end=\"1539\"><strong data-start=\"1492\" data-end=\"1508\">Engine Type:<\/strong> Water-Cooled Vertical Diesel<\/p><\/li><li data-start=\"1540\" data-end=\"1575\"><p data-start=\"1542\" data-end=\"1575\"><strong data-start=\"1542\" data-end=\"1560\">Intake System:<\/strong> Turbocharged<\/p><\/li><li data-start=\"1576\" data-end=\"1606\"><p data-start=\"1578\" data-end=\"1606\"><strong data-start=\"1578\" data-end=\"1590\">Cooling:<\/strong> Liquid-Cooled<\/p><\/li><li data-start=\"1607\" data-end=\"1638\"><p data-start=\"1609\" data-end=\"1638\"><strong data-start=\"1609\" data-end=\"1622\">Starting:<\/strong> Starter Motor<\/p><\/li><li data-start=\"1639\" data-end=\"1664\"><p data-start=\"1641\" data-end=\"1664\"><strong data-start=\"1641\" data-end=\"1655\">Fuel Type:<\/strong> Diesel<\/p><\/li><\/ul><h2 data-start=\"72\" data-end=\"92\"><strong style=\"font-size: 25px;\" data-start=\"98\" data-end=\"115\">Control Panel<\/strong><\/h2><ul data-start=\"117\" data-end=\"578\"><li data-start=\"117\" data-end=\"187\"><p data-start=\"119\" data-end=\"187\"><strong data-start=\"119\" data-end=\"132\">Location:<\/strong> Positioned near the APU for easy maintenance access.<\/p><\/li><li data-start=\"188\" data-end=\"252\"><p data-start=\"190\" data-end=\"252\"><strong data-start=\"190\" data-end=\"211\">Error Indicators:<\/strong> Real-time monitoring of system errors.<\/p><\/li><li data-start=\"253\" data-end=\"339\"><p data-start=\"255\" data-end=\"339\"><strong data-start=\"255\" data-end=\"275\">Manual Override:<\/strong> Allows immediate intervention during automatic APU operation.<\/p><\/li><li data-start=\"340\" data-end=\"399\"><p data-start=\"342\" data-end=\"399\"><strong data-start=\"342\" data-end=\"363\">Protection Class:<\/strong> IP67-rated design for durability.<\/p><\/li><li data-start=\"400\" data-end=\"505\"><p data-start=\"402\" data-end=\"505\"><strong data-start=\"402\" data-end=\"418\">Diagnostics:<\/strong> Stores and provides access to the latest 500 log records for system health analysis.<\/p><\/li><li data-start=\"506\" data-end=\"578\"><p data-start=\"508\" data-end=\"578\"><strong data-start=\"508\" data-end=\"531\">Askeri Standartlar:<\/strong> Complies with MIL-STD-810G and MIL-STD-461E\/F.<\/p><\/li><\/ul><hr data-start=\"580\" data-end=\"583\" \/><h3 data-start=\"585\" data-end=\"607\"><strong data-start=\"589\" data-end=\"607\">LED Indicators<\/strong><\/h3><ul data-start=\"609\" data-end=\"856\"><li data-start=\"609\" data-end=\"671\"><p data-start=\"611\" data-end=\"671\"><strong data-start=\"611\" data-end=\"626\">APU Status:<\/strong> Displays operational state (On\/Off\/Error).<\/p><\/li><li data-start=\"672\" data-end=\"719\"><p data-start=\"674\" data-end=\"719\"><strong data-start=\"674\" data-end=\"689\">Fuel Level:<\/strong> Monitors fuel availability.<\/p><\/li><li data-start=\"720\" data-end=\"766\"><p data-start=\"722\" data-end=\"766\"><strong data-start=\"722\" data-end=\"741\">Pressure Level:<\/strong> Shows system pressure.<\/p><\/li><li data-start=\"767\" data-end=\"808\"><p data-start=\"769\" data-end=\"808\"><strong data-start=\"769\" data-end=\"784\">DC Current:<\/strong> Indicates power flow.<\/p><\/li><li data-start=\"809\" data-end=\"856\"><p data-start=\"811\" data-end=\"856\"><strong data-start=\"811\" data-end=\"831\">Battery Voltage:<\/strong> Displays battery status.<\/p><\/li><\/ul><hr data-start=\"858\" data-end=\"861\" \/><h3 data-start=\"863\" data-end=\"886\"><strong data-start=\"867\" data-end=\"886\">Control Buttons<\/strong><\/h3><ul data-start=\"888\" data-end=\"1039\"><li data-start=\"888\" data-end=\"931\"><p data-start=\"890\" data-end=\"931\"><strong data-start=\"890\" data-end=\"905\">Start\/Stop:<\/strong> Controls APU operation.<\/p><\/li><li data-start=\"932\" data-end=\"1001\"><p data-start=\"934\" data-end=\"1001\"><strong data-start=\"934\" data-end=\"950\">Auto\/Manual:<\/strong> Switches between automatic and manual operation.<\/p><\/li><li data-start=\"1002\" data-end=\"1039\"><p data-start=\"1004\" data-end=\"1039\"><strong data-start=\"1004\" data-end=\"1014\">Reset:<\/strong> Clears error indicators.<\/p><\/li><\/ul><hr data-start=\"1041\" data-end=\"1044\" \/><h3 data-start=\"1046\" data-end=\"1073\"><strong data-start=\"1050\" data-end=\"1073\">Additional Features<\/strong><\/h3><ul data-start=\"1075\" data-end=\"1271\"><li data-start=\"1075\" data-end=\"1146\"><p data-start=\"1077\" data-end=\"1146\"><strong data-start=\"1077\" data-end=\"1102\">Fault Code Indicator:<\/strong> Displays error codes for troubleshooting.<\/p><\/li><li data-start=\"1147\" data-end=\"1205\"><p data-start=\"1149\" data-end=\"1205\"><strong data-start=\"1149\" data-end=\"1176\">Adjustable Sound Level:<\/strong> Customizable alarm volume.<\/p><\/li><li data-start=\"1206\" data-end=\"1271\"><p data-start=\"1208\" data-end=\"1271\"><strong data-start=\"1208\" data-end=\"1223\">Night Mode:<\/strong> Reduces screen brightness for night operations.<\/p><\/li><\/ul><hr data-start=\"1273\" data-end=\"1276\" \/><h2 data-start=\"1278\" data-end=\"1302\"><strong data-start=\"1281\" data-end=\"1302\">Remote Controller<\/strong><\/h2><h3 data-start=\"1304\" data-end=\"1322\"><strong data-start=\"1308\" data-end=\"1322\">Functions:<\/strong><\/h3><ul data-start=\"1324\" data-end=\"1511\"><li data-start=\"1324\" data-end=\"1346\"><p data-start=\"1326\" data-end=\"1346\">Remote APU control<\/p><\/li><li data-start=\"1347\" data-end=\"1406\"><p data-start=\"1349\" data-end=\"1406\">Real-time APU data monitoring via an information screen<\/p><\/li><li data-start=\"1407\" data-end=\"1452\"><p data-start=\"1409\" data-end=\"1452\">Activation\/deactivation of the APU system<\/p><\/li><li data-start=\"1453\" data-end=\"1511\"><p data-start=\"1455\" data-end=\"1511\">Activation\/deactivation of the air conditioning system<\/p><\/li><\/ul><hr data-start=\"1513\" data-end=\"1516\" \/><h3 data-start=\"1518\" data-end=\"1537\"><strong data-start=\"1522\" data-end=\"1537\">Indicators:<\/strong><\/h3><ul data-start=\"1539\" data-end=\"1604\"><li data-start=\"1539\" data-end=\"1553\"><p data-start=\"1541\" data-end=\"1553\">APU On\/Off<\/p><\/li><li data-start=\"1554\" data-end=\"1566\"><p data-start=\"1556\" data-end=\"1566\">CIT Test<\/p><\/li><li data-start=\"1567\" data-end=\"1577\"><p data-start=\"1569\" data-end=\"1577\">Errors<\/p><\/li><li data-start=\"1578\" data-end=\"1604\"><p data-start=\"1580\" data-end=\"1604\">Air Conditioner On\/Off<\/p><\/li><\/ul><hr data-start=\"1606\" data-end=\"1609\" \/><h3 data-start=\"1611\" data-end=\"1635\"><strong data-start=\"1615\" data-end=\"1635\">Control Buttons:<\/strong><\/h3><ul data-start=\"1637\" data-end=\"1750\"><li data-start=\"1637\" data-end=\"1659\"><p data-start=\"1639\" data-end=\"1659\">Power On\/Off (APU)<\/p><\/li><li data-start=\"1660\" data-end=\"1686\"><p data-start=\"1662\" data-end=\"1686\">Air Conditioner On\/Off<\/p><\/li><li data-start=\"1687\" data-end=\"1699\"><p data-start=\"1689\" data-end=\"1699\">CIT Test<\/p><\/li><li data-start=\"1700\" data-end=\"1710\"><p data-start=\"1702\" data-end=\"1710\">Cancel<\/p><\/li><li data-start=\"1711\" data-end=\"1727\"><p data-start=\"1713\" data-end=\"1727\">Menu Up\/Down<\/p><\/li><li data-start=\"1728\" data-end=\"1750\"><p data-start=\"1730\" data-end=\"1750\">Emergency Shutdown<\/p><\/li><\/ul><hr data-start=\"1752\" data-end=\"1755\" \/><h3 data-start=\"1757\" data-end=\"1776\"><strong data-start=\"1761\" data-end=\"1776\">Dayan\u0131kl\u0131l\u0131k<\/strong><\/h3><ul data-start=\"1778\" data-end=\"1883\"><li data-start=\"1778\" data-end=\"1838\"><p data-start=\"1780\" data-end=\"1838\">MIL-STD-810G and MIL-STD-461E\/F compliant for ruggedness<\/p><\/li><li data-start=\"1839\" data-end=\"1883\"><p data-start=\"1841\" data-end=\"1883\">IP67-rated for dust and water resistance<\/p><\/li><\/ul><hr data-start=\"1885\" data-end=\"1888\" \/><h3 data-start=\"1890\" data-end=\"1923\"><strong data-start=\"1894\" data-end=\"1923\">Teknik \u00d6zellikler:<\/strong><\/h3><ul data-start=\"1925\" data-end=\"2073\"><li data-start=\"1925\" data-end=\"1970\"><p data-start=\"1927\" data-end=\"1970\"><strong data-start=\"1927\" data-end=\"1953\">\u00c7al\u0131\u015fma S\u0131cakl\u0131\u011f\u0131:<\/strong> -40\u00b0C to +85\u00b0C<\/p><\/li><li data-start=\"1971\" data-end=\"2011\"><p data-start=\"1973\" data-end=\"2011\"><strong data-start=\"1973\" data-end=\"1996\">Power Requirements:<\/strong> 12V \u2013 24V DC<\/p><\/li><li data-start=\"2012\" data-end=\"2052\"><p data-start=\"2014\" data-end=\"2052\"><strong data-start=\"2014\" data-end=\"2029\">Boyutlar:<\/strong> 120mm \u00d7 110mm \u00d7 60mm<\/p><\/li><li data-start=\"2053\" data-end=\"2073\"><p data-start=\"2055\" data-end=\"2073\"><strong data-start=\"2055\" data-end=\"2066\">A\u011f\u0131rl\u0131k:<\/strong> 630g<\/p><\/li><\/ul>\t\t\t\t\t\t<\/div>\n\t\t\t\t<\/div>\n\t\t\t\t<div class=\"elementor-element elementor-element-7277152 elementor-show-heading-yes elementor-widget elementor-widget-woocommerce-product-additional-information\" data-id=\"7277152\" data-element_type=\"widget\" data-widget_type=\"woocommerce-product-additional-information.default\">\n\t\t\t\t<div class=\"elementor-widget-container\">\n\t\t\t<link rel=\"stylesheet\" href=\"https:\/\/tedegcompany.com\/wp-content\/plugins\/elementor-pro\/assets\/css\/widget-woocommerce.min.css\">\n\t<h2 data-no-translation=\"\" data-trp-gettext=\"\">\u00dcr\u00fcn \u00d6zellikleri<\/h2>\n\n\t\t<\/div>\n\t\t\t\t<\/div>\n\t\t\t\t\t<\/div>\n\t\t\t\t<\/div>\n\t\t\t\t<div class=\"elementor-section elementor-top-section elementor-element elementor-element-c00cfe7 ml-md-4 mr-md-4 elementor-section-content-middle elementor-section-boxed elementor-section-height-default elementor-section-height-default\" data-id=\"c00cfe7\" data-element_type=\"section\" data-settings=\"{&quot;background_background&quot;:&quot;classic&quot;,&quot;animation&quot;:&quot;none&quot;}\">\r\n\t\t\r\n\t\t\t\t\t\t\t<div class=\"elementor-container elementor-column-gap-default\">\r\n\t\t\t\t\t\t\t\t\t\t\t<div class=\"elementor-column elementor-col-50 elementor-top-column elementor-element elementor-element-8da7c38\" data-id=\"8da7c38\" data-element_type=\"column\">\r\n\t\t\t\t\t<div class=\"elementor-widget-wrap elementor-element-populated\">\r\n\t\t\t\t\t\t\t\t<div class=\"elementor-element elementor-element-1a06aea mb-2 elementor-invisible elementor-widget elementor-widget-heading\" data-id=\"1a06aea\" data-element_type=\"widget\" data-settings=\"{&quot;_animation&quot;:&quot;fadeIn&quot;}\" data-widget_type=\"heading.default\">\n\t\t\t\t<div class=\"elementor-widget-container\">\n\t\t\t<style>\/*! elementor - v3.21.0 - 30-04-2024 *\/\n.elementor-heading-title{padding:0;margin:0;line-height:1}.elementor-widget-heading .elementor-heading-title[class*=elementor-size-]>a{color:inherit;font-size:inherit;line-height:inherit}.elementor-widget-heading .elementor-heading-title.elementor-size-small{font-size:15px}.elementor-widget-heading .elementor-heading-title.elementor-size-medium{font-size:19px}.elementor-widget-heading .elementor-heading-title.elementor-size-large{font-size:29px}.elementor-widget-heading .elementor-heading-title.elementor-size-xl{font-size:39px}.elementor-widget-heading .elementor-heading-title.elementor-size-xxl{font-size:59px}<\/style><h3 class=\"elementor-heading-title elementor-size-default\">TEKN\u0130K D\u00d6K\u00dcMAN - TR<\/h3>\t\t<\/div>\n\t\t\t\t<\/div>\n\t\t\t\t<div class=\"elementor-element elementor-element-83bfbc2 mb-1 elementor-invisible elementor-widget elementor-widget-heading\" data-id=\"83bfbc2\" data-element_type=\"widget\" data-settings=\"{&quot;_animation&quot;:&quot;fadeIn&quot;}\" data-widget_type=\"heading.default\">\n\t\t\t\t<div class=\"elementor-widget-container\">\n\t\t\t<div class=\"elementor-heading-title elementor-size-default\">G\u00dc\u00c7 Y\u00d6NET\u0130M B\u0130R\u0130M\u0130<\/div>\t\t<\/div>\n\t\t\t\t<\/div>\n\t\t\t\t\t<\/div>\r\n\t\t\t\t<\/div>\r\n\t\t\t\t<div class=\"elementor-column elementor-col-50 elementor-top-column elementor-element elementor-element-bcefd84\" data-id=\"bcefd84\" data-element_type=\"column\">\r\n\t\t\t\t\t<div class=\"elementor-widget-wrap elementor-element-populated\">\r\n\t\t\t\t\t\t\t\t<div class=\"elementor-element elementor-element-8eab656 wp-button btn-gradient elementor-widget__width-auto elementor-invisible elementor-widget elementor-widget-porto_button\" data-id=\"8eab656\" data-element_type=\"widget\" data-settings=\"{&quot;align&quot;:&quot;right&quot;,&quot;align_tablet&quot;:&quot;left&quot;,&quot;_animation&quot;:&quot;fadeIn&quot;}\" data-widget_type=\"porto_button.default\">\n\t\t\t\t<div class=\"elementor-widget-container\">\n\t\t\t<a aria-label=\"d\u00fc\u011fme\" class=\"btn btn-xl btn-primary btn-modern btn-full-rounded btn-icon\" href=\"https:\/\/tedegcompany.com\/wp-content\/uploads\/2025\/11\/PowerGuard-YGG-DS-11-APU-Systems.pdf\"><i class=\"Simple-Line-Icons-cloud-download\"><\/i><span >\u0130ND\u0130R<\/span><\/a>\t\t<\/div>\n\t\t\t\t<\/div>\n\t\t\t\t\t<\/div>\r\n\t\t\t\t<\/div>\r\n\t\t\t\t\t<\/div>\r\n\t\t\t\t<\/div>\r\n\t\t\t\t<\/div>","protected":false},"excerpt":{"rendered":"<h2 data-start=\"59\" data-end=\"116\"><strong data-start=\"62\" data-end=\"116\">Onboard Power Solution: APUs for Armored Platforms<\/strong><\/h2>\n<ul data-start=\"118\" data-end=\"501\">\n<li data-start=\"118\" data-end=\"167\">\n<p data-start=\"120\" data-end=\"167\">Modern military vehicles need reliable power.<\/p>\n<\/li>\n<li data-start=\"168\" data-end=\"330\">\n<p data-start=\"170\" data-end=\"330\">Our Auxiliary Power Units (APUs) ensure seamless operation of critical systems even when the main engine is off, enhancing efficiency and reducing fuel costs.<\/p>\n<\/li>\n<li data-start=\"331\" data-end=\"354\">\n<p data-start=\"333\" data-end=\"354\">Compact &amp; Efficient<\/p>\n<\/li>\n<li data-start=\"355\" data-end=\"501\">\n<p data-start=\"357\" data-end=\"501\">Unlike bulky generators, our integrated APUs offer customizable power outputs (2 kW \u2013 100 kW) without requiring extra batteries or fuel tanks.<\/p>\n<\/li>\n<\/ul>","protected":false},"featured_media":5647,"template":"","meta":[],"product_cat":[34],"product_tag":[],"class_list":{"0":"post-5646","1":"product","2":"type-product","3":"status-publish","4":"has-post-thumbnail","6":"product_cat-military-truck-mounted-platform-power-systems","8":"first","9":"instock","10":"shipping-taxable","11":"product-type-simple"},"_links":{"self":[{"href":"https:\/\/tedegcompany.com\/tr\/wp-json\/wp\/v2\/product\/5646","targetHints":{"allow":["GET"]}}],"collection":[{"href":"https:\/\/tedegcompany.com\/tr\/wp-json\/wp\/v2\/product"}],"about":[{"href":"https:\/\/tedegcompany.com\/tr\/wp-json\/wp\/v2\/types\/product"}],"version-history":[{"count":7,"href":"https:\/\/tedegcompany.com\/tr\/wp-json\/wp\/v2\/product\/5646\/revisions"}],"predecessor-version":[{"id":5654,"href":"https:\/\/tedegcompany.com\/tr\/wp-json\/wp\/v2\/product\/5646\/revisions\/5654"}],"wp:featuredmedia":[{"embeddable":true,"href":"https:\/\/tedegcompany.com\/tr\/wp-json\/wp\/v2\/media\/5647"}],"wp:attachment":[{"href":"https:\/\/tedegcompany.com\/tr\/wp-json\/wp\/v2\/media?parent=5646"}],"wp:term":[{"taxonomy":"product_cat","embeddable":true,"href":"https:\/\/tedegcompany.com\/tr\/wp-json\/wp\/v2\/product_cat?post=5646"},{"taxonomy":"product_tag","embeddable":true,"href":"https:\/\/tedegcompany.com\/tr\/wp-json\/wp\/v2\/product_tag?post=5646"}],"curies":[{"name":"wp","href":"https:\/\/api.w.org\/{rel}","templated":true}]}}