{"id":5655,"date":"2025-11-26T09:45:49","date_gmt":"2025-11-26T09:45:49","guid":{"rendered":"https:\/\/tedegcompany.com\/?post_type=product&#038;p=5655"},"modified":"2025-11-26T18:16:09","modified_gmt":"2025-11-26T18:16:09","slug":"powerguard-tdg-10-ygg-ds","status":"publish","type":"product","link":"https:\/\/tedegcompany.com\/tr\/urun\/powerguard-tdg-10-ygg-ds\/","title":{"rendered":"PowerGuard TDG-10-YGG-DS"},"content":{"rendered":"<div data-elementor-type=\"product-post\" data-elementor-id=\"5655\" class=\"elementor elementor-5655\" data-elementor-post-type=\"product\">\n\t\t\t\t<div class=\"elementor-element elementor-element-ea2587c e-flex e-con-boxed e-con e-parent\" data-id=\"ea2587c\" data-element_type=\"container\">\n\t\t\t\t\t<div class=\"e-con-inner\">\n\t\t\t\t<div class=\"elementor-element elementor-element-098a1f0 elementor-widget elementor-widget-text-editor\" data-id=\"098a1f0\" data-element_type=\"widget\" data-widget_type=\"text-editor.default\">\n\t\t\t\t<div class=\"elementor-widget-container\">\n\t\t\t<style>\/*! elementor - v3.21.0 - 30-04-2024 *\/\n.elementor-widget-text-editor.elementor-drop-cap-view-stacked .elementor-drop-cap{background-color:#69727d;color:#fff}.elementor-widget-text-editor.elementor-drop-cap-view-framed .elementor-drop-cap{color:#69727d;border:3px solid;background-color:transparent}.elementor-widget-text-editor:not(.elementor-drop-cap-view-default) .elementor-drop-cap{margin-top:8px}.elementor-widget-text-editor:not(.elementor-drop-cap-view-default) .elementor-drop-cap-letter{width:1em;height:1em}.elementor-widget-text-editor .elementor-drop-cap{float:left;text-align:center;line-height:1;font-size:50px}.elementor-widget-text-editor .elementor-drop-cap-letter{display:inline-block}<\/style>\t\t\t\t<h3 data-start=\"1169\" data-end=\"1189\"><strong data-start=\"1173\" data-end=\"1189\">Key Benefits<\/strong><\/h3><ul data-start=\"1191\" data-end=\"1638\"><li data-start=\"1191\" data-end=\"1310\"><p data-start=\"1193\" data-end=\"1310\"><strong data-start=\"1193\" data-end=\"1214\">Silent Operation:<\/strong> Our APUs operate with minimal noise, ensuring a low acoustic signature for discreet operations.<\/p><\/li><li data-start=\"1311\" data-end=\"1451\"><p data-start=\"1313\" data-end=\"1451\"><strong data-start=\"1313\" data-end=\"1333\">Fuel Efficiency:<\/strong> By taking over auxiliary tasks, APUs help conserve fuel and reduce engine wear, extending the vehicle&#8217;s service life.<\/p><\/li><li data-start=\"1452\" data-end=\"1638\"><p data-start=\"1454\" data-end=\"1638\"><strong data-start=\"1454\" data-end=\"1475\">Continuous Power:<\/strong> APUs provide uninterrupted power for critical systems, such as weapons, communication equipment, and climate control, even during engine maintenance or refueling.<\/p><\/li><\/ul><hr data-start=\"1640\" data-end=\"1643\" \/><h3 data-start=\"1645\" data-end=\"1674\"><strong data-start=\"1649\" data-end=\"1674\">User-Friendly Control<\/strong><\/h3><p data-start=\"1676\" data-end=\"2033\">Equipped with user-friendly IP7 control units, our APUs offer easy system monitoring and control. Operators can access real-time data on temperature, fuel level, and battery voltage through a digital interface, ensuring the functionality of mission-critical systems. Both automatic and manual starting options are available, providing increased flexibility.<\/p><p data-start=\"2035\" data-end=\"2316\">Our APU systems ensure that your armored vehicles remain powerful, operational, and mission-ready, even when the engine is off. We offer the best solution to enhance operational efficiency and reliability. Contact us today and boost your vehicle&#8217;s performance with our APU systems.<\/p><hr data-start=\"2318\" data-end=\"2321\" \/><h2 data-start=\"2323\" data-end=\"2352\"><strong data-start=\"2326\" data-end=\"2352\">General Specifications<\/strong><\/h2><ul data-start=\"2354\" data-end=\"2442\"><li data-start=\"2354\" data-end=\"2384\"><p data-start=\"2356\" data-end=\"2384\"><strong data-start=\"2356\" data-end=\"2375\">Output Voltage:<\/strong> 28 VDC<\/p><\/li><li data-start=\"2385\" data-end=\"2412\"><p data-start=\"2387\" data-end=\"2412\"><strong data-start=\"2387\" data-end=\"2404\">Output Power:<\/strong> 10 kW<\/p><\/li><li data-start=\"2413\" data-end=\"2442\"><p data-start=\"2415\" data-end=\"2442\"><strong data-start=\"2415\" data-end=\"2433\">Engine Height:<\/strong> 435 mm<\/p><\/li><\/ul><h3 data-start=\"2444\" data-end=\"2466\"><strong data-start=\"2448\" data-end=\"2466\">APU Boyutlar\u0131<\/strong><\/h3><ul data-start=\"2467\" data-end=\"2691\"><li data-start=\"2467\" data-end=\"2484\"><p data-start=\"2469\" data-end=\"2484\">455 mm Height<\/p><\/li><li data-start=\"2485\" data-end=\"2503\"><p data-start=\"2487\" data-end=\"2503\">1000 mm Length<\/p><\/li><li data-start=\"2504\" data-end=\"2520\"><p data-start=\"2506\" data-end=\"2520\">591 mm Width<\/p><\/li><li data-start=\"2522\" data-end=\"2566\"><p data-start=\"2524\" data-end=\"2566\"><strong data-start=\"2524\" data-end=\"2550\">\u00c7al\u0131\u015fma S\u0131cakl\u0131\u011f\u0131:<\/strong> -30\u00b0C \u2013 +49\u00b0C<\/p><\/li><li data-start=\"2567\" data-end=\"2609\"><p data-start=\"2569\" data-end=\"2609\"><strong data-start=\"2569\" data-end=\"2593\">Storage Temperature:<\/strong> -40\u00b0C \u2013 +60\u00b0C<\/p><\/li><li data-start=\"2610\" data-end=\"2657\"><p data-start=\"2612\" data-end=\"2657\"><strong data-start=\"2612\" data-end=\"2642\">Integrated Cooling System:<\/strong> Su So\u011futmal\u0131<\/p><\/li><li data-start=\"2658\" data-end=\"2691\"><p data-start=\"2660\" data-end=\"2691\"><strong data-start=\"2660\" data-end=\"2678\">System Weight:<\/strong> 375 \u00b110 Kg<\/p><\/li><\/ul><hr data-start=\"2693\" data-end=\"2696\" \/><h2 data-start=\"2698\" data-end=\"2726\"><strong data-start=\"2701\" data-end=\"2726\">Engine Specifications<\/strong><\/h2><h3 data-start=\"2728\" data-end=\"2750\"><strong data-start=\"2732\" data-end=\"2750\">Engine Options<\/strong><\/h3><ul data-start=\"2752\" data-end=\"2976\"><li data-start=\"2752\" data-end=\"2780\"><p data-start=\"2754\" data-end=\"2780\"><strong data-start=\"2754\" data-end=\"2771\">Engine Brand:<\/strong> Kubota<\/p><\/li><li data-start=\"2781\" data-end=\"2801\"><p data-start=\"2783\" data-end=\"2801\"><strong data-start=\"2783\" data-end=\"2793\">Model:<\/strong> D1105<\/p><\/li><li data-start=\"2802\" data-end=\"2851\"><p data-start=\"2804\" data-end=\"2851\"><strong data-start=\"2804\" data-end=\"2820\">Engine Type:<\/strong> Water Cooled Vertical Diesel<\/p><\/li><li data-start=\"2852\" data-end=\"2887\"><p data-start=\"2854\" data-end=\"2887\"><strong data-start=\"2854\" data-end=\"2872\">Intake System:<\/strong> Turbo Charge<\/p><\/li><li data-start=\"2888\" data-end=\"2918\"><p data-start=\"2890\" data-end=\"2918\"><strong data-start=\"2890\" data-end=\"2902\">Cooling:<\/strong> Liquid Cooled<\/p><\/li><li data-start=\"2919\" data-end=\"2950\"><p data-start=\"2921\" data-end=\"2950\"><strong data-start=\"2921\" data-end=\"2934\">Starting:<\/strong> Starter Motor<\/p><\/li><li data-start=\"2951\" data-end=\"2976\"><p data-start=\"2953\" data-end=\"2976\"><strong data-start=\"2953\" data-end=\"2967\">Fuel Type:<\/strong> Diesel<\/p><\/li><\/ul><hr data-start=\"2978\" data-end=\"2981\" \/><h2 data-start=\"2983\" data-end=\"3030\"><strong data-start=\"2986\" data-end=\"3030\">Control Panel \u2013 Technical Specifications<\/strong><\/h2><h3 data-start=\"3032\" data-end=\"3053\"><strong data-start=\"3036\" data-end=\"3053\">Control Panel<\/strong><\/h3><ul data-start=\"3055\" data-end=\"3643\"><li data-start=\"3055\" data-end=\"3152\"><p data-start=\"3057\" data-end=\"3152\"><strong data-start=\"3057\" data-end=\"3070\">Location:<\/strong> Positioned close to the APU for easy user access during maintenance procedures.<\/p><\/li><li data-start=\"3153\" data-end=\"3242\"><p data-start=\"3155\" data-end=\"3242\"><strong data-start=\"3155\" data-end=\"3176\">Error Indicators:<\/strong> Current error statuses can be observed on the APU in real time.<\/p><\/li><li data-start=\"3243\" data-end=\"3375\"><p data-start=\"3245\" data-end=\"3375\"><strong data-start=\"3245\" data-end=\"3273\">Manual Override Buttons:<\/strong> Equipped with buttons for immediate intervention in case of issues during automatic APU activation.<\/p><\/li><li data-start=\"3376\" data-end=\"3439\"><p data-start=\"3378\" data-end=\"3439\"><strong data-start=\"3378\" data-end=\"3399\">Protection Class:<\/strong> Designed according to IP67 standards.<\/p><\/li><li data-start=\"3440\" data-end=\"3557\"><p data-start=\"3442\" data-end=\"3557\"><strong data-start=\"3442\" data-end=\"3458\">Diagnostics:<\/strong> Allows access to the latest 500 detailed log records for comprehensive system health assessment.<\/p><\/li><li data-start=\"3558\" data-end=\"3643\"><p data-start=\"3560\" data-end=\"3643\"><strong data-start=\"3560\" data-end=\"3583\">Askeri Standartlar:<\/strong> Compliant with MIL-STD-810G and MIL-STD-461E\/F standards.<\/p><\/li><\/ul><hr data-start=\"3645\" data-end=\"3648\" \/><h3 data-start=\"3650\" data-end=\"3672\"><strong data-start=\"3654\" data-end=\"3672\">LED Indicators<\/strong><\/h3><ul data-start=\"3674\" data-end=\"4023\"><li data-start=\"3674\" data-end=\"3752\"><p data-start=\"3676\" data-end=\"3752\"><strong data-start=\"3676\" data-end=\"3691\">APU Status:<\/strong> Indicates the operating status of the APU (on\/off, error).<\/p><\/li><li data-start=\"3753\" data-end=\"3809\"><p data-start=\"3755\" data-end=\"3809\"><strong data-start=\"3755\" data-end=\"3770\">Fuel Level:<\/strong> Displays the fuel level in the tank.<\/p><\/li><li data-start=\"3810\" data-end=\"3873\"><p data-start=\"3812\" data-end=\"3873\"><strong data-start=\"3812\" data-end=\"3831\">Pressure Level:<\/strong> Shows the pressure level in the system.<\/p><\/li><li data-start=\"3874\" data-end=\"3955\"><p data-start=\"3876\" data-end=\"3955\"><strong data-start=\"3876\" data-end=\"3891\">DC Current:<\/strong> Indicates the value of DC current flowing through the system.<\/p><\/li><li data-start=\"3956\" data-end=\"4023\"><p data-start=\"3958\" data-end=\"4023\"><strong data-start=\"3958\" data-end=\"3978\">Battery Voltage:<\/strong> Displays the voltage level of the battery.<\/p><\/li><\/ul><hr data-start=\"4025\" data-end=\"4028\" \/><h3 data-start=\"4030\" data-end=\"4045\"><strong data-start=\"4034\" data-end=\"4045\">Buttons<\/strong><\/h3><ul data-start=\"4047\" data-end=\"4222\"><li data-start=\"4047\" data-end=\"4097\"><p data-start=\"4049\" data-end=\"4097\"><strong data-start=\"4049\" data-end=\"4064\">Start\/Stop:<\/strong> Used to start or stop the APU.<\/p><\/li><li data-start=\"4098\" data-end=\"4175\"><p data-start=\"4100\" data-end=\"4175\"><strong data-start=\"4100\" data-end=\"4116\">Auto\/Manual:<\/strong> Used to select automatic or manual operation of the APU.<\/p><\/li><li data-start=\"4176\" data-end=\"4222\"><p data-start=\"4178\" data-end=\"4222\"><strong data-start=\"4178\" data-end=\"4188\">Reset:<\/strong> Used to reset error indicators.<\/p><\/li><\/ul><hr data-start=\"4224\" data-end=\"4227\" \/><h3 data-start=\"4229\" data-end=\"4256\"><strong data-start=\"4233\" data-end=\"4256\">Additional Features<\/strong><\/h3><ul data-start=\"4258\" data-end=\"4471\"><li data-start=\"4258\" data-end=\"4341\"><p data-start=\"4260\" data-end=\"4341\"><strong data-start=\"4260\" data-end=\"4285\">Fault Code Indicator:<\/strong> Displays codes that identify the source of the fault.<\/p><\/li><li data-start=\"4342\" data-end=\"4406\"><p data-start=\"4344\" data-end=\"4406\"><strong data-start=\"4344\" data-end=\"4371\">Adjustable Sound Level:<\/strong> Used to adjust the alarm volume.<\/p><\/li><li data-start=\"4407\" data-end=\"4471\"><p data-start=\"4409\" data-end=\"4471\"><strong data-start=\"4409\" data-end=\"4424\">Night Mode:<\/strong> Adjusts the screen brightness for night use.<\/p><\/li><\/ul><hr data-start=\"4473\" data-end=\"4476\" \/><h2 data-start=\"4478\" data-end=\"4502\"><strong data-start=\"4481\" data-end=\"4502\">Remote Controller<\/strong><\/h2><h3 data-start=\"4504\" data-end=\"4521\"><strong data-start=\"4508\" data-end=\"4521\">Functions<\/strong><\/h3><ul data-start=\"4523\" data-end=\"4701\"><li data-start=\"4523\" data-end=\"4545\"><p data-start=\"4525\" data-end=\"4545\">Remote APU control<\/p><\/li><li data-start=\"4546\" data-end=\"4596\"><p data-start=\"4548\" data-end=\"4596\">APU data monitoring via the information screen<\/p><\/li><li data-start=\"4597\" data-end=\"4642\"><p data-start=\"4599\" data-end=\"4642\">Activation\/deactivation of the APU system<\/p><\/li><li data-start=\"4643\" data-end=\"4701\"><p data-start=\"4645\" data-end=\"4701\">Activation\/deactivation of the air conditioning system<\/p><\/li><\/ul><hr data-start=\"4703\" data-end=\"4706\" \/><h3 data-start=\"4708\" data-end=\"4726\"><strong data-start=\"4712\" data-end=\"4726\">Indicators<\/strong><\/h3><ul data-start=\"4728\" data-end=\"4793\"><li data-start=\"4728\" data-end=\"4742\"><p data-start=\"4730\" data-end=\"4742\">APU on\/off<\/p><\/li><li data-start=\"4743\" data-end=\"4755\"><p data-start=\"4745\" data-end=\"4755\">CIT Test<\/p><\/li><li data-start=\"4756\" data-end=\"4766\"><p data-start=\"4758\" data-end=\"4766\">Errors<\/p><\/li><li data-start=\"4767\" data-end=\"4793\"><p data-start=\"4769\" data-end=\"4793\">Air conditioner on\/off<\/p><\/li><\/ul><hr data-start=\"4795\" data-end=\"4798\" \/><h3 data-start=\"4800\" data-end=\"4815\"><strong data-start=\"4804\" data-end=\"4815\">Buttons<\/strong><\/h3><ul data-start=\"4817\" data-end=\"4930\"><li data-start=\"4817\" data-end=\"4839\"><p data-start=\"4819\" data-end=\"4839\">Power On\/Off (APU)<\/p><\/li><li data-start=\"4840\" data-end=\"4866\"><p data-start=\"4842\" data-end=\"4866\">Air Conditioner On\/Off<\/p><\/li><li data-start=\"4867\" data-end=\"4879\"><p data-start=\"4869\" data-end=\"4879\">CIT Test<\/p><\/li><li data-start=\"4880\" data-end=\"4890\"><p data-start=\"4882\" data-end=\"4890\">Cancel<\/p><\/li><li data-start=\"4891\" data-end=\"4907\"><p data-start=\"4893\" data-end=\"4907\">Menu Up\/Down<\/p><\/li><li data-start=\"4908\" data-end=\"4930\"><p data-start=\"4910\" data-end=\"4930\">Emergency Shutdown<\/p><\/li><\/ul><hr data-start=\"4932\" data-end=\"4935\" \/><h3 data-start=\"4937\" data-end=\"4955\"><strong data-start=\"4941\" data-end=\"4955\">Dayan\u0131kl\u0131l\u0131k<\/strong><\/h3><ul data-start=\"4957\" data-end=\"5062\"><li data-start=\"4957\" data-end=\"4973\"><p data-start=\"4959\" data-end=\"4973\">MIL-STD-810G<\/p><\/li><li data-start=\"4974\" data-end=\"5017\"><p data-start=\"4976\" data-end=\"5017\">MIL-STD-461E\/F compliant for ruggedness<\/p><\/li><li data-start=\"5018\" data-end=\"5062\"><p data-start=\"5020\" data-end=\"5062\">IP67 rated for dust and water resistance<\/p><\/li><\/ul><hr data-start=\"5064\" data-end=\"5067\" \/><h3 data-start=\"5069\" data-end=\"5101\"><strong data-start=\"5073\" data-end=\"5101\">Teknik \u00d6zellikler<\/strong><\/h3><ul data-start=\"5103\" data-end=\"5255\"><li data-start=\"5103\" data-end=\"5148\"><p data-start=\"5105\" data-end=\"5148\"><strong data-start=\"5105\" data-end=\"5131\">\u00c7al\u0131\u015fma S\u0131cakl\u0131\u011f\u0131:<\/strong> -40\u00b0C to +85\u00b0C<\/p><\/li><li data-start=\"5149\" data-end=\"5189\"><p data-start=\"5151\" data-end=\"5189\"><strong data-start=\"5151\" data-end=\"5174\">Power Requirements:<\/strong> 12V \u2013 24V DC<\/p><\/li><li data-start=\"5190\" data-end=\"5233\"><p data-start=\"5192\" data-end=\"5233\"><strong data-start=\"5192\" data-end=\"5207\">Boyutlar:<\/strong> 120 mm x 110 mm x 60 mm<\/p><\/li><li data-start=\"5234\" data-end=\"5255\"><p data-start=\"5236\" data-end=\"5255\"><strong data-start=\"5236\" data-end=\"5247\">A\u011f\u0131rl\u0131k:<\/strong> 630 g<\/p><\/li><\/ul>\t\t\t\t\t\t<\/div>\n\t\t\t\t<\/div>\n\t\t\t\t<div class=\"elementor-element elementor-element-7277152 elementor-show-heading-yes elementor-widget elementor-widget-woocommerce-product-additional-information\" data-id=\"7277152\" data-element_type=\"widget\" data-widget_type=\"woocommerce-product-additional-information.default\">\n\t\t\t\t<div class=\"elementor-widget-container\">\n\t\t\t<link rel=\"stylesheet\" href=\"https:\/\/tedegcompany.com\/wp-content\/plugins\/elementor-pro\/assets\/css\/widget-woocommerce.min.css\">\n\t<h2 data-no-translation=\"\" data-trp-gettext=\"\">\u00dcr\u00fcn \u00d6zellikleri<\/h2>\n\n\t\t<\/div>\n\t\t\t\t<\/div>\n\t\t\t\t\t<\/div>\n\t\t\t\t<\/div>\n\t\t\t\t<div class=\"elementor-section elementor-top-section elementor-element elementor-element-c00cfe7 ml-md-4 mr-md-4 elementor-section-content-middle elementor-section-boxed elementor-section-height-default elementor-section-height-default\" data-id=\"c00cfe7\" data-element_type=\"section\" data-settings=\"{&quot;background_background&quot;:&quot;classic&quot;,&quot;animation&quot;:&quot;none&quot;}\">\r\n\t\t\r\n\t\t\t\t\t\t\t<div class=\"elementor-container elementor-column-gap-default\">\r\n\t\t\t\t\t\t\t\t\t\t\t<div class=\"elementor-column elementor-col-50 elementor-top-column elementor-element elementor-element-8da7c38\" data-id=\"8da7c38\" data-element_type=\"column\">\r\n\t\t\t\t\t<div class=\"elementor-widget-wrap elementor-element-populated\">\r\n\t\t\t\t\t\t\t\t<div class=\"elementor-element elementor-element-1a06aea mb-2 elementor-invisible elementor-widget elementor-widget-heading\" data-id=\"1a06aea\" data-element_type=\"widget\" data-settings=\"{&quot;_animation&quot;:&quot;fadeIn&quot;}\" data-widget_type=\"heading.default\">\n\t\t\t\t<div class=\"elementor-widget-container\">\n\t\t\t<style>\/*! elementor - v3.21.0 - 30-04-2024 *\/\n.elementor-heading-title{padding:0;margin:0;line-height:1}.elementor-widget-heading .elementor-heading-title[class*=elementor-size-]>a{color:inherit;font-size:inherit;line-height:inherit}.elementor-widget-heading .elementor-heading-title.elementor-size-small{font-size:15px}.elementor-widget-heading .elementor-heading-title.elementor-size-medium{font-size:19px}.elementor-widget-heading .elementor-heading-title.elementor-size-large{font-size:29px}.elementor-widget-heading .elementor-heading-title.elementor-size-xl{font-size:39px}.elementor-widget-heading .elementor-heading-title.elementor-size-xxl{font-size:59px}<\/style><h3 class=\"elementor-heading-title elementor-size-default\">TEKN\u0130K D\u00d6K\u00dcMAN - TR<\/h3>\t\t<\/div>\n\t\t\t\t<\/div>\n\t\t\t\t<div class=\"elementor-element elementor-element-83bfbc2 mb-1 elementor-invisible elementor-widget elementor-widget-heading\" data-id=\"83bfbc2\" data-element_type=\"widget\" data-settings=\"{&quot;_animation&quot;:&quot;fadeIn&quot;}\" data-widget_type=\"heading.default\">\n\t\t\t\t<div class=\"elementor-widget-container\">\n\t\t\t<div class=\"elementor-heading-title elementor-size-default\">G\u00dc\u00c7 Y\u00d6NET\u0130M B\u0130R\u0130M\u0130<\/div>\t\t<\/div>\n\t\t\t\t<\/div>\n\t\t\t\t\t<\/div>\r\n\t\t\t\t<\/div>\r\n\t\t\t\t<div class=\"elementor-column elementor-col-50 elementor-top-column elementor-element elementor-element-bcefd84\" data-id=\"bcefd84\" data-element_type=\"column\">\r\n\t\t\t\t\t<div class=\"elementor-widget-wrap elementor-element-populated\">\r\n\t\t\t\t\t\t\t\t<div class=\"elementor-element elementor-element-8eab656 wp-button btn-gradient elementor-widget__width-auto elementor-invisible elementor-widget elementor-widget-porto_button\" data-id=\"8eab656\" data-element_type=\"widget\" data-settings=\"{&quot;align&quot;:&quot;right&quot;,&quot;align_tablet&quot;:&quot;left&quot;,&quot;_animation&quot;:&quot;fadeIn&quot;}\" data-widget_type=\"porto_button.default\">\n\t\t\t\t<div class=\"elementor-widget-container\">\n\t\t\t<a aria-label=\"d\u00fc\u011fme\" class=\"btn btn-xl btn-primary btn-modern btn-full-rounded btn-icon\" href=\"https:\/\/tedegcompany.com\/wp-content\/uploads\/2025\/11\/TDG-10-YGG-DS-APU-SYSTEM.pdf\"><i class=\"Simple-Line-Icons-cloud-download\"><\/i><span >\u0130ND\u0130R<\/span><\/a>\t\t<\/div>\n\t\t\t\t<\/div>\n\t\t\t\t\t<\/div>\r\n\t\t\t\t<\/div>\r\n\t\t\t\t\t<\/div>\r\n\t\t\t\t<\/div>\r\n\t\t\t\t<\/div>","protected":false},"excerpt":{"rendered":"<h2 data-start=\"321\" data-end=\"402\"><strong data-start=\"324\" data-end=\"402\">Onboard Power Solution: Auxiliary Power Units (APUs) for Armored Platforms<\/strong><\/h2>\n<p data-start=\"404\" data-end=\"792\">Modern military vehicles, such as armored vehicles, tanks, and military trucks, require reliable energy to ensure operational readiness. Auxiliary Power Units (APUs) provide the necessary power, allowing critical systems to function seamlessly even when the main engine is off. With our APU systems, enhance the operational capacity of your vehicles and reduce costs through fuel savings.<\/p>\n<hr data-start=\"794\" data-end=\"797\" \/>\n<h3 data-start=\"799\" data-end=\"830\"><strong data-start=\"803\" data-end=\"830\">Compact Power Solutions<\/strong><\/h3>\n<p data-start=\"832\" data-end=\"1162\">Our APUs are integrated directly into the vehicle&#8217;s design, unlike bulky generators. They offer an efficient, space-saving solution without the need for separate batteries or fuel tanks. With customizable power outputs ranging from <strong data-start=\"1064\" data-end=\"1082\">2 kW to 100 kW<\/strong>, we provide solutions that meet the unique power requirements of each platform.<\/p>","protected":false},"featured_media":5658,"template":"","meta":[],"product_cat":[34],"product_tag":[],"class_list":{"0":"post-5655","1":"product","2":"type-product","3":"status-publish","4":"has-post-thumbnail","6":"product_cat-military-truck-mounted-platform-power-systems","8":"first","9":"instock","10":"shipping-taxable","11":"product-type-simple"},"_links":{"self":[{"href":"https:\/\/tedegcompany.com\/tr\/wp-json\/wp\/v2\/product\/5655","targetHints":{"allow":["GET"]}}],"collection":[{"href":"https:\/\/tedegcompany.com\/tr\/wp-json\/wp\/v2\/product"}],"about":[{"href":"https:\/\/tedegcompany.com\/tr\/wp-json\/wp\/v2\/types\/product"}],"version-history":[{"count":6,"href":"https:\/\/tedegcompany.com\/tr\/wp-json\/wp\/v2\/product\/5655\/revisions"}],"predecessor-version":[{"id":5663,"href":"https:\/\/tedegcompany.com\/tr\/wp-json\/wp\/v2\/product\/5655\/revisions\/5663"}],"wp:featuredmedia":[{"embeddable":true,"href":"https:\/\/tedegcompany.com\/tr\/wp-json\/wp\/v2\/media\/5658"}],"wp:attachment":[{"href":"https:\/\/tedegcompany.com\/tr\/wp-json\/wp\/v2\/media?parent=5655"}],"wp:term":[{"taxonomy":"product_cat","embeddable":true,"href":"https:\/\/tedegcompany.com\/tr\/wp-json\/wp\/v2\/product_cat?post=5655"},{"taxonomy":"product_tag","embeddable":true,"href":"https:\/\/tedegcompany.com\/tr\/wp-json\/wp\/v2\/product_tag?post=5655"}],"curies":[{"name":"wp","href":"https:\/\/api.w.org\/{rel}","templated":true}]}}